{"id":16641,"date":"2025-09-04T14:47:00","date_gmt":"2025-09-04T12:47:00","guid":{"rendered":"https:\/\/barnafrid.se\/kunskapsportal\/?page_id=16641"},"modified":"2025-11-21T10:59:37","modified_gmt":"2025-11-21T09:59:37","slug":"nya-socialtjanstlagen","status":"publish","type":"page","link":"https:\/\/barnafrid.se\/kunskapsportal\/resurssidor\/vart-att-veta-om-socialtjanstomradet\/nya-socialtjanstlagen\/","title":{"rendered":"Nya socialtj\u00e4nstlagen"},"content":{"rendered":"\n<h2 class=\"wp-block-heading\">Broschyrer<\/h2>\n\n\n\n<ul class=\"List\">\n<li class=\"List-item\"><a href=\"\/kunskapsportal\/wp-content\/uploads\/2025\/11\/broschyr-vanliga-missforstand-nya-sol.pdf\">Vanliga missf\u00f6rst\u00e5nd om den nya socialtj\u00e4nstlagen utifr\u00e5n arbetet med barn, unga och v\u00e5ld<\/a><\/li>\n<\/ul>\n\n\n\n<h2 class=\"wp-block-heading\">Den nya lagen<\/h2>\n\n\n\n<ul class=\"List\">\n<li class=\"List-item\"><a href=\"https:\/\/www.riksdagen.se\/sv\/dokument-och-lagar\/dokument\/svensk-forfattningssamling\/socialtjanstlag-2025400_sfs-2025-400\/\">Socialtj\u00e4nstlag (2025:400)<\/a><\/li>\n\n\n\n<li class=\"List-item\"><a href=\"https:\/\/www.regeringen.se\/rattsliga-dokument\/proposition\/2025\/01\/prop.-20242589?mtm_campaign=Proposition&amp;mtm_source=Proposition&amp;mtm_medium=email\" target=\"_blank\" rel=\"noreferrer noopener nofollow\">Prop. 2024\/25:89<\/a><\/li>\n<\/ul>\n\n\n\n<h2 class=\"wp-block-heading\">Information fr\u00e5n Socialstyrelsen<\/h2>\n\n\n\n<ul class=\"List\">\n<li class=\"List-item\"><a href=\"https:\/\/www.socialstyrelsen.se\/aktuellt\/det-har-galler-enligt-den-nya-socialtjanstlagen\/\" target=\"_blank\" rel=\"noreferrer noopener\">Det h\u00e4r g\u00e4ller enligt den nya socialtj\u00e4nstlagen<\/a><\/li>\n\n\n\n<li class=\"List-item\"><a href=\"https:\/\/kunskapsguiden.se\/omraden-och-teman\/verksamhetsutveckling\/ny-socialtjanstlag-2025\/\" target=\"_blank\" rel=\"noreferrer noopener nofollow\">Ny socialtj\u00e4nstlag 2025<\/a><\/li>\n<\/ul>\n\n\n\n<h3 class=\"wp-block-heading\">Meddelandeblad<\/h3>\n\n\n\n<ul class=\"List\">\n<li class=\"List-item\"><a href=\"https:\/\/www.socialstyrelsen.se\/globalassets\/sharepoint-dokument\/artikelkatalog\/meddelandeblad\/2025-4-9526.pdf\" target=\"_blank\" rel=\"noreferrer noopener\">En ny socialtj\u00e4nstlag<\/a><\/li>\n\n\n\n<li class=\"List-item\"><a href=\"https:\/\/www.socialstyrelsen.se\/globalassets\/sharepoint-dokument\/artikelkatalog\/meddelandeblad\/2025-4-9525.pdf\" target=\"_blank\" rel=\"noreferrer noopener nofollow\">Insatser utan individuell behovspr\u00f6vning \u2013 vad g\u00e4ller? <\/a><\/li>\n<\/ul>\n\n\n\n<h3 class=\"wp-block-heading\">Tips fr\u00e5n Socialstyrelsens temaveckor<\/h3>\n\n\n\n<p><a href=\"https:\/\/www.socialstyrelsen.se\/kunskapsstod-och-regler\/omraden\/en-socialtjanst-i-forandring\/temavecka-om-kunskapsbaserad-socialtjanst\/\" target=\"_blank\" rel=\"noreferrer noopener\">Temavecka 1<\/a><br>Inneh\u00e5ller webbinarier om:<br>Hur arbetar Socialstyrelsen f\u00f6r att underl\u00e4tta socialtj\u00e4nstens omst\u00e4llning? Vad \u00e4r en kunskapsbaserad socialtj\u00e4nst? Hur \u201dkunskapsbaserar\u201d jag i mitt dagliga arbete? Evidensbaserad praktik \u2013 hur g\u00e5r det till?<br>Varf\u00f6r \u00e4r dokumentation s\u00e5 viktigt? Hur ska jag t\u00e4nka kring individbaserad systematisk uppf\u00f6ljning (ISU)?<br>Hur samarbetar Socialstyrelsen regionalt och nationellt? Hur kan forskningen FoU och regionala samverkans- och st\u00f6dstrukturer, RSS hj\u00e4lpa oss? Hur riggar vi f\u00f6r det fortsatta arbetet med en kunskapsbaserad socialtj\u00e4nst? Hur ska jag t\u00e4nka n\u00e4r ett etablerat arbetss\u00e4tt ska fasas ut?<br><\/p>\n\n\n\n<p><a href=\"https:\/\/www.socialstyrelsen.se\/kunskapsstod-och-regler\/omraden\/en-socialtjanst-i-forandring\/temavecka-om-en-forebyggande-socialtjanst\/\" target=\"_blank\" rel=\"noreferrer noopener nofollow\">Temavecka 2 <\/a><\/p>\n\n\n\n<p><strong>M\u00e5ndagen 18 maj<br>Vad \u00e4r en f\u00f6rebyggande socialtj\u00e4nst?<\/strong><br>Den nya socialtj\u00e4nstlagen st\u00e4ller krav p\u00e5 det f\u00f6rebyggande arbetet \u2013 kommunen ska f\u00f6rhindra att problem uppst\u00e5r och v\u00e4xter sig stora. Temaveckan inleds med ett samtal om vad en f\u00f6rebyggande socialtj\u00e4nst \u00e4r och vad som beh\u00f6ver g\u00f6ras lokalt och nationellt f\u00f6r att lyckas.<br>12:00\u201312:45 Vad \u00e4r egentligen nytt i nya socialtj\u00e4nstlagen?&nbsp;<br>Information om inneh\u00e5llet i den nya lagen. Socialstyrelsen reder ut vad lagen faktiskt s\u00e4ger: vad inneb\u00e4r de nya dokumentationsreglerna och vilka regler g\u00e4ller f\u00f6r insatser utan individuell behovspr\u00f6vning?<\/p>\n\n\n\n<p><strong>Tisdag 19 maj<br>Hur kan socialtj\u00e4nsten arbeta mer f\u00f6rebyggande med v\u00e5ld i n\u00e4ra relation?<\/strong><br>Vad inneb\u00e4r det att nya socialtj\u00e4nstlagen kommer fokusera mer p\u00e5 f\u00f6rebyggande arbete och tidiga insatser i det v\u00e5ldsf\u00f6rebyggande arbetet? Hur kommer det p\u00e5verka arbetet med v\u00e5ldsutsatta och v\u00e5ldsut\u00f6vare i n\u00e4ra relation? Och hur ska vi t\u00e4nka n\u00e4r evidensbaserade metoder f\u00f6r behandling av v\u00e5ldsut\u00f6vare \u00e4nnu inte finns?<\/p>\n\n\n\n<p><strong>Torsdag 22 maj<\/strong><br><strong>Hur kan vi skapa en modell f\u00f6r samverkan kring barn och unga i ett helt l\u00e4n?<\/strong><br>I V\u00e4stmanland p\u00e5g\u00e5r ett pilotprojekt d\u00e4r l\u00e4nets tio kommuner, region och nationella akt\u00f6rer arbetar med Linn\u00e9universitetet f\u00f6r att implementera en gemensam samverkansmodell f\u00f6r det f\u00f6rebyggande arbetet med barn och unga.<\/p>\n\n\n\n<p><strong>Fredag 23 maj  <\/strong><br><strong>Kommunens och socialtj\u00e4nstens brottsf\u00f6rebyggande arbete &#8211; hur h\u00e4nger det ihop?<\/strong><br>Enligt nya socialtj\u00e4nstlagen f\u00e5r socialn\u00e4mnden ett f\u00f6rst\u00e4rkt ansvar f\u00f6r att motverka kriminalitet bland barn och unga. Hur p\u00e5verkar det socialtj\u00e4nstens brottsf\u00f6rebyggande arbete, kopplat till att \u00e4ven kommunen som helhet har ett brottsf\u00f6rebyggande ansvar? Socialstyrelsen pratar om vad det inneb\u00e4r och hur brottsprevention kan anpassas lokalt, samt vilket st\u00f6d som finns att f\u00e5 i det arbetet.<br><\/p>\n\n\n\n<h2 class=\"wp-block-heading\">Material fr\u00e5n Sveriges kommuner och regioner (SKR)<\/h2>\n\n\n\n<ul class=\"List\">\n<li class=\"List-item\"><a href=\"https:\/\/skr.se\/framtidenssocialtjanst.74978.html\" target=\"_blank\" rel=\"noreferrer noopener nofollow\">Information om nya SoL hos SKR<\/a><\/li>\n\n\n\n<li class=\"List-item\"><a href=\"https:\/\/skr.se\/framtidenssocialtjanst\/kunskapochstod\/kunskapsbaseradsocialtjanst.81974.html\">Kunskapsbaserad socialtj\u00e4nst <\/a><\/li>\n\n\n\n<li class=\"List-item\"><a href=\"https:\/\/skr.se\/framtidenssocialtjanst\/kunskapochstod\/barnkonsekvensanalys.79903.html\" target=\"_blank\" rel=\"noreferrer noopener nofollow\">Barnkonsekvensanalys<\/a><\/li>\n\n\n\n<li class=\"List-item\"><a href=\"https:\/\/skr.se\/framtidenssocialtjanst\/kunskapochstod\/tidigainsatserprojekt.76840.html\" target=\"_blank\" rel=\"noreferrer noopener nofollow\">Tidiga insikter f\u00f6r tidiga insatser<\/a><\/li>\n<\/ul>\n\n\n\n<h2 class=\"wp-block-heading\">F\u00f6rel\u00e4sningar fr\u00e5n Barnafrids n\u00e4tverkstr\u00e4ff i maj 2025<\/h2>\n\n\n<div class=\"Videos\">\n        <div class=\"Video Video--original Video--visible\">\n        \n        <figure class=\"VideoPlayer\">\n            <div class=\"VideoPlayer-video VideoPlayer-video--aspect16_9 VideoPlayer-video--hasAspectRatio\">\n                <iframe loading=\"lazy\"\n                    title=\"Den nya lagen och st\u00f6d till kommunerna i omst\u00e4llningsarbetet\"\n                    src=\"https:\/\/player.vimeo.com\/video\/1097044004?dnt=1&#038;app_id=122963\"\n                    width=\"500\"\n                    height=\"281\"\n                    frameborder=\"0\"\n                    allow=\"autoplay; fullscreen\"\n                    allowfullscreen\n                ><\/iframe>\n            <\/div>\n        <\/figure>\n            <\/div>\n    \n    \n    \n    <div class=\"VideosVersions\">\n        \n            <\/div>\n<\/div>\n\n\n<div class=\"Videos\">\n        <div class=\"Video Video--original Video--visible\">\n        \n        <figure class=\"VideoPlayer\">\n            <div class=\"VideoPlayer-video VideoPlayer-video--aspect16_9 VideoPlayer-video--hasAspectRatio\">\n                <iframe loading=\"lazy\"\n                    title=\"Hinder och m\u00f6jligheter f\u00f6r att n\u00e5 barn till socialtj\u00e4nstens st\u00f6dgrupper\"\n                    src=\"https:\/\/player.vimeo.com\/video\/1097036350?dnt=1&#038;app_id=122963\"\n                    width=\"500\"\n                    height=\"281\"\n                    frameborder=\"0\"\n                    allow=\"autoplay; fullscreen\"\n                    allowfullscreen\n                ><\/iframe>\n            <\/div>\n        <\/figure>\n            <\/div>\n    \n    \n    \n    <div class=\"VideosVersions\">\n        \n            <\/div>\n<\/div>\n\n\n<div class=\"Videos\">\n        <div class=\"Video Video--original Video--visible\">\n        \n        <figure class=\"VideoPlayer\">\n            <div class=\"VideoPlayer-video VideoPlayer-video--aspect16_9 VideoPlayer-video--hasAspectRatio\">\n                <iframe loading=\"lazy\"\n                    title=\"BArns delaktighet i socailtj\u00e4nstens utredningar och \u00f6ppna insatser\"\n                    src=\"https:\/\/player.vimeo.com\/video\/1097032886?dnt=1&#038;app_id=122963\"\n                    width=\"500\"\n                    height=\"281\"\n                    frameborder=\"0\"\n                    allow=\"autoplay; fullscreen\"\n                    allowfullscreen\n                ><\/iframe>\n            <\/div>\n        <\/figure>\n            <\/div>\n    \n    \n    \n    <div class=\"VideosVersions\">\n        \n            <\/div>\n<\/div>\n","protected":false},"excerpt":{"rendered":"<p>Broschyrer Den nya lagen Information fr\u00e5n Socialstyrelsen Meddelandeblad Tips fr\u00e5n Socialstyrelsens temaveckor Temavecka 1Inneh\u00e5ller webbinarier om:Hur arbetar Socialstyrelsen f\u00f6r att underl\u00e4tta socialtj\u00e4nstens omst\u00e4llning? Vad \u00e4r en kunskapsbaserad socialtj\u00e4nst? Hur \u201dkunskapsbaserar\u201d jag i mitt dagliga arbete? Evidensbaserad praktik \u2013 hur g\u00e5r det till?Varf\u00f6r \u00e4r dokumentation s\u00e5 viktigt? Hur ska jag t\u00e4nka kring individbaserad systematisk uppf\u00f6ljning (ISU)?Hur [&hellip;]<\/p>\n","protected":false},"author":10518,"featured_media":0,"parent":9197,"menu_order":0,"comment_status":"closed","ping_status":"closed","template":"page-centered.php","meta":{"h5ap_radio_sources":[],"footnotes":""},"role":[],"class_list":["post-16641","page","type-page","status-publish","hentry"],"yoast_head":"<!-- This site is optimized with the Yoast SEO plugin v27.3 - https:\/\/yoast.com\/product\/yoast-seo-wordpress\/ -->\n<title>Nya socialtj\u00e4nstlagen - Barnafrid<\/title>\n<meta name=\"robots\" content=\"index, follow, max-snippet:-1, max-image-preview:large, max-video-preview:-1\" \/>\n<link rel=\"canonical\" href=\"https:\/\/barnafrid.se\/kunskapsportal\/resurssidor\/vart-att-veta-om-socialtjanstomradet\/nya-socialtjanstlagen\/\" \/>\n<meta property=\"og:locale\" content=\"sv_SE\" \/>\n<meta property=\"og:type\" content=\"article\" \/>\n<meta property=\"og:title\" content=\"Nya socialtj\u00e4nstlagen - Barnafrid\" \/>\n<meta property=\"og:description\" content=\"Broschyrer Den nya lagen Information fr\u00e5n Socialstyrelsen Meddelandeblad Tips fr\u00e5n Socialstyrelsens temaveckor Temavecka 1Inneh\u00e5ller webbinarier om:Hur arbetar Socialstyrelsen f\u00f6r att underl\u00e4tta socialtj\u00e4nstens omst\u00e4llning? Vad \u00e4r en kunskapsbaserad socialtj\u00e4nst? Hur \u201dkunskapsbaserar\u201d jag i mitt dagliga arbete? Evidensbaserad praktik \u2013 hur g\u00e5r det till?Varf\u00f6r \u00e4r dokumentation s\u00e5 viktigt? Hur ska jag t\u00e4nka kring individbaserad systematisk uppf\u00f6ljning (ISU)?Hur [&hellip;]\" \/>\n<meta property=\"og:url\" content=\"https:\/\/barnafrid.se\/kunskapsportal\/resurssidor\/vart-att-veta-om-socialtjanstomradet\/nya-socialtjanstlagen\/\" \/>\n<meta property=\"og:site_name\" content=\"Barnafrid\" \/>\n<meta property=\"article:modified_time\" content=\"2025-11-21T09:59:37+00:00\" \/>\n<meta name=\"twitter:card\" content=\"summary_large_image\" \/>\n<meta name=\"twitter:label1\" content=\"Ber\u00e4knad l\u00e4stid\" \/>\n\t<meta name=\"twitter:data1\" content=\"3 minuter\" \/>\n<script type=\"application\/ld+json\" class=\"yoast-schema-graph\">{\"@context\":\"https:\\\/\\\/schema.org\",\"@graph\":[{\"@type\":\"WebPage\",\"@id\":\"https:\\\/\\\/barnafrid.se\\\/kunskapsportal\\\/resurssidor\\\/vart-att-veta-om-socialtjanstomradet\\\/nya-socialtjanstlagen\\\/\",\"url\":\"https:\\\/\\\/barnafrid.se\\\/kunskapsportal\\\/resurssidor\\\/vart-att-veta-om-socialtjanstomradet\\\/nya-socialtjanstlagen\\\/\",\"name\":\"Nya socialtj\u00e4nstlagen - Barnafrid\",\"isPartOf\":{\"@id\":\"https:\\\/\\\/barnafrid.se\\\/kunskapsportal\\\/#website\"},\"datePublished\":\"2025-09-04T12:47:00+00:00\",\"dateModified\":\"2025-11-21T09:59:37+00:00\",\"breadcrumb\":{\"@id\":\"https:\\\/\\\/barnafrid.se\\\/kunskapsportal\\\/resurssidor\\\/vart-att-veta-om-socialtjanstomradet\\\/nya-socialtjanstlagen\\\/#breadcrumb\"},\"inLanguage\":\"sv-SE\",\"potentialAction\":[{\"@type\":\"ReadAction\",\"target\":[\"https:\\\/\\\/barnafrid.se\\\/kunskapsportal\\\/resurssidor\\\/vart-att-veta-om-socialtjanstomradet\\\/nya-socialtjanstlagen\\\/\"]}]},{\"@type\":\"BreadcrumbList\",\"@id\":\"https:\\\/\\\/barnafrid.se\\\/kunskapsportal\\\/resurssidor\\\/vart-att-veta-om-socialtjanstomradet\\\/nya-socialtjanstlagen\\\/#breadcrumb\",\"itemListElement\":[{\"@type\":\"ListItem\",\"position\":1,\"name\":\"Home\",\"item\":\"https:\\\/\\\/barnafrid.se\\\/kunskapsportal\\\/\"},{\"@type\":\"ListItem\",\"position\":2,\"name\":\"Resurssidor\",\"item\":\"https:\\\/\\\/barnafrid.se\\\/kunskapsportal\\\/resurssidor\\\/\"},{\"@type\":\"ListItem\",\"position\":3,\"name\":\"V\u00e4rt att veta om socialtj\u00e4nstomr\u00e5det\",\"item\":\"https:\\\/\\\/barnafrid.se\\\/kunskapsportal\\\/resurssidor\\\/vart-att-veta-om-socialtjanstomradet\\\/\"},{\"@type\":\"ListItem\",\"position\":4,\"name\":\"Nya socialtj\u00e4nstlagen\"}]},{\"@type\":\"WebSite\",\"@id\":\"https:\\\/\\\/barnafrid.se\\\/kunskapsportal\\\/#website\",\"url\":\"https:\\\/\\\/barnafrid.se\\\/kunskapsportal\\\/\",\"name\":\"Barnafrid\",\"description\":\"Kunskapsportal om v\u00e5ld mot barn\",\"potentialAction\":[{\"@type\":\"SearchAction\",\"target\":{\"@type\":\"EntryPoint\",\"urlTemplate\":\"https:\\\/\\\/barnafrid.se\\\/kunskapsportal\\\/?s={search_term_string}\"},\"query-input\":{\"@type\":\"PropertyValueSpecification\",\"valueRequired\":true,\"valueName\":\"search_term_string\"}}],\"inLanguage\":\"sv-SE\"}]}<\/script>\n<!-- \/ Yoast SEO plugin. -->","yoast_head_json":{"title":"Nya socialtj\u00e4nstlagen - Barnafrid","robots":{"index":"index","follow":"follow","max-snippet":"max-snippet:-1","max-image-preview":"max-image-preview:large","max-video-preview":"max-video-preview:-1"},"canonical":"https:\/\/barnafrid.se\/kunskapsportal\/resurssidor\/vart-att-veta-om-socialtjanstomradet\/nya-socialtjanstlagen\/","og_locale":"sv_SE","og_type":"article","og_title":"Nya socialtj\u00e4nstlagen - Barnafrid","og_description":"Broschyrer Den nya lagen Information fr\u00e5n Socialstyrelsen Meddelandeblad Tips fr\u00e5n Socialstyrelsens temaveckor Temavecka 1Inneh\u00e5ller webbinarier om:Hur arbetar Socialstyrelsen f\u00f6r att underl\u00e4tta socialtj\u00e4nstens omst\u00e4llning? Vad \u00e4r en kunskapsbaserad socialtj\u00e4nst? Hur \u201dkunskapsbaserar\u201d jag i mitt dagliga arbete? Evidensbaserad praktik \u2013 hur g\u00e5r det till?Varf\u00f6r \u00e4r dokumentation s\u00e5 viktigt? Hur ska jag t\u00e4nka kring individbaserad systematisk uppf\u00f6ljning (ISU)?Hur [&hellip;]","og_url":"https:\/\/barnafrid.se\/kunskapsportal\/resurssidor\/vart-att-veta-om-socialtjanstomradet\/nya-socialtjanstlagen\/","og_site_name":"Barnafrid","article_modified_time":"2025-11-21T09:59:37+00:00","twitter_card":"summary_large_image","twitter_misc":{"Ber\u00e4knad l\u00e4stid":"3 minuter"},"schema":{"@context":"https:\/\/schema.org","@graph":[{"@type":"WebPage","@id":"https:\/\/barnafrid.se\/kunskapsportal\/resurssidor\/vart-att-veta-om-socialtjanstomradet\/nya-socialtjanstlagen\/","url":"https:\/\/barnafrid.se\/kunskapsportal\/resurssidor\/vart-att-veta-om-socialtjanstomradet\/nya-socialtjanstlagen\/","name":"Nya socialtj\u00e4nstlagen - Barnafrid","isPartOf":{"@id":"https:\/\/barnafrid.se\/kunskapsportal\/#website"},"datePublished":"2025-09-04T12:47:00+00:00","dateModified":"2025-11-21T09:59:37+00:00","breadcrumb":{"@id":"https:\/\/barnafrid.se\/kunskapsportal\/resurssidor\/vart-att-veta-om-socialtjanstomradet\/nya-socialtjanstlagen\/#breadcrumb"},"inLanguage":"sv-SE","potentialAction":[{"@type":"ReadAction","target":["https:\/\/barnafrid.se\/kunskapsportal\/resurssidor\/vart-att-veta-om-socialtjanstomradet\/nya-socialtjanstlagen\/"]}]},{"@type":"BreadcrumbList","@id":"https:\/\/barnafrid.se\/kunskapsportal\/resurssidor\/vart-att-veta-om-socialtjanstomradet\/nya-socialtjanstlagen\/#breadcrumb","itemListElement":[{"@type":"ListItem","position":1,"name":"Home","item":"https:\/\/barnafrid.se\/kunskapsportal\/"},{"@type":"ListItem","position":2,"name":"Resurssidor","item":"https:\/\/barnafrid.se\/kunskapsportal\/resurssidor\/"},{"@type":"ListItem","position":3,"name":"V\u00e4rt att veta om socialtj\u00e4nstomr\u00e5det","item":"https:\/\/barnafrid.se\/kunskapsportal\/resurssidor\/vart-att-veta-om-socialtjanstomradet\/"},{"@type":"ListItem","position":4,"name":"Nya socialtj\u00e4nstlagen"}]},{"@type":"WebSite","@id":"https:\/\/barnafrid.se\/kunskapsportal\/#website","url":"https:\/\/barnafrid.se\/kunskapsportal\/","name":"Barnafrid","description":"Kunskapsportal om v\u00e5ld mot barn","potentialAction":[{"@type":"SearchAction","target":{"@type":"EntryPoint","urlTemplate":"https:\/\/barnafrid.se\/kunskapsportal\/?s={search_term_string}"},"query-input":{"@type":"PropertyValueSpecification","valueRequired":true,"valueName":"search_term_string"}}],"inLanguage":"sv-SE"}]}},"_links":{"self":[{"href":"https:\/\/barnafrid.se\/kunskapsportal\/wp-json\/wp\/v2\/pages\/16641","targetHints":{"allow":["GET"]}}],"collection":[{"href":"https:\/\/barnafrid.se\/kunskapsportal\/wp-json\/wp\/v2\/pages"}],"about":[{"href":"https:\/\/barnafrid.se\/kunskapsportal\/wp-json\/wp\/v2\/types\/page"}],"author":[{"embeddable":true,"href":"https:\/\/barnafrid.se\/kunskapsportal\/wp-json\/wp\/v2\/users\/10518"}],"replies":[{"embeddable":true,"href":"https:\/\/barnafrid.se\/kunskapsportal\/wp-json\/wp\/v2\/comments?post=16641"}],"version-history":[{"count":12,"href":"https:\/\/barnafrid.se\/kunskapsportal\/wp-json\/wp\/v2\/pages\/16641\/revisions"}],"predecessor-version":[{"id":17560,"href":"https:\/\/barnafrid.se\/kunskapsportal\/wp-json\/wp\/v2\/pages\/16641\/revisions\/17560"}],"up":[{"embeddable":true,"href":"https:\/\/barnafrid.se\/kunskapsportal\/wp-json\/wp\/v2\/pages\/9197"}],"wp:attachment":[{"href":"https:\/\/barnafrid.se\/kunskapsportal\/wp-json\/wp\/v2\/media?parent=16641"}],"wp:term":[{"taxonomy":"role","embeddable":true,"href":"https:\/\/barnafrid.se\/kunskapsportal\/wp-json\/wp\/v2\/role?post=16641"}],"curies":[{"name":"wp","href":"https:\/\/api.w.org\/{rel}","templated":true}]}}