{"id":15734,"date":"2025-08-21T13:10:12","date_gmt":"2025-08-21T11:10:12","guid":{"rendered":"https:\/\/barnafrid.se\/kunskapsportal\/?page_id=15734"},"modified":"2026-03-24T20:41:11","modified_gmt":"2026-03-24T19:41:11","slug":"barnafrids-natverk","status":"publish","type":"page","link":"https:\/\/barnafrid.se\/kunskapsportal\/barnafrids-natverk\/","title":{"rendered":"Barnafrids resurssidor n\u00e4tverk"},"content":{"rendered":"\n<p>Inneh\u00e5llet p\u00e5 resurssidorna varierar utifr\u00e5n respektive n\u00e4tverks aktiviteter och \u00f6nskem\u00e5l.<\/p>\n\n\n\n\n<div class=\"Card-section Card-section--three \">\n\n\n    <a class=\"Card-link-container\" target=\"_blank\" href=\"https:\/\/barnafrid.se\/kunskapsportal\/resurssidor\/vart-att-veta-om-socialtjanstomradet\/\">\n        <div class=\"Card Card--blue Card--internal\">\n            <p class=\"Card-pretitle\"><\/p>\n            <h2 class=\"Card-title\">N\u00e4tverk f\u00f6r socialtj\u00e4nsten<\/h2>\n            <p>Socialtj\u00e4nsten har en viktig roll i att barn och unga ska v\u00e4xa upp under trygga f\u00f6rh\u00e5llanden och f\u00e5 en uppv\u00e4xt fredad fr\u00e5n v\u00e5ld. V\u00e5ren 2022 startade Barnafrid ett n\u00e4tverk f\u00f6r socialtj\u00e4nsten med fokus p\u00e5 fortbildning och erfarenhetsutbyte. N\u00e4tverket tr\u00e4ffas digitalt ett par g\u00e5nger per \u00e5r. <\/p>            <div class=\"Card-footer\">\n                <span class=\"Card-footer-text\">G\u00e5 till n\u00e4tverkets resurssida<\/span>\n                            <\/div>\n        <\/div>\n    <\/a>\n    <a class=\"Card-link-container\" target=\"_blank\" href=\"https:\/\/barnafrid.se\/kunskapsportal\/barnafrids-natverk\/resurser-for-dig-som-arbetar-i-barnahus\/\">\n        <div class=\"Card Card--aquamarine Card--internal\">\n            <p class=\"Card-pretitle\"><\/p>\n            <h2 class=\"Card-title\">N\u00e4tverk f\u00f6r barnahus<\/h2>\n            <p>Barnahusn\u00e4tverket samlar landets 33 barnahus och de tv\u00e4rprofessionella akt\u00f6rer som samverkar i barnahusens arbete. N\u00e4tverket m\u00f6ts tv\u00e5 g\u00e5nger per \u00e5r f\u00f6r att ta del av f\u00f6rel\u00e4sningar, utbyta erfarenheter och diskutera utvecklingsfr\u00e5gor som r\u00f6r verksamheten.<\/p>            <div class=\"Card-footer\">\n                <span class=\"Card-footer-text\">G\u00e5 till n\u00e4tverkets resurssida<\/span>\n                            <\/div>\n        <\/div>\n    <\/a>\n    <a class=\"Card-link-container\" target=\"_blank\" href=\"https:\/\/barnafrid.se\/kunskapsportal\/resurssidor\/for-dig-inom-barnskyddsteam\/\">\n        <div class=\"Card Card--salmon Card--internal\">\n            <p class=\"Card-pretitle\"><\/p>\n            <h2 class=\"Card-title\">N\u00e4tverk f\u00f6r barnskyddsteam<\/h2>\n            <p>N\u00e4tverket f\u00f6r barnskyddsteam \u00e4r tv\u00e4rprofessionellt d\u00e5 det finns flera olika yrkesprofessioner i de olika teamen runt om i landet. N\u00e4tverket tr\u00e4ffas en g\u00e5ng per \u00e5r. Vid n\u00e4tverkstr\u00e4ffarna avhandlas olika fr\u00e5gor som \u00e4r av vikt f\u00f6r det kliniska arbetet och f\u00f6r samverkan mellan myndigheter. N\u00e4tverksm\u00f6tena kombinerar seminarier och f\u00f6rel\u00e4sningar med diskussioner i grupper.<\/p>            <div class=\"Card-footer\">\n                <span class=\"Card-footer-text\">G\u00e5 till n\u00e4tverkets resurssida<\/span>\n                            <\/div>\n        <\/div>\n    <\/a>\n    <a class=\"Card-link-container\" target=\"_blank\" href=\"https:\/\/barnafrid.se\/kunskapsportal\/barnafrids-natverk\/hogskolepedagogiska-natverket-for-undervisning-och-larande-om-examensmalet-mans-vald-mot-kvinnor-och-vald-i-nara-relation\/\">\n        <div class=\"Card Card--purple Card--internal\">\n            <p class=\"Card-pretitle\"><\/p>\n            <h2 class=\"Card-title\">H\u00f6gskolepedagogiska n\u00e4tverket f\u00f6r undervisning och l\u00e4rande om examensm\u00e5let m\u00e4ns v\u00e5ld mot kvinnor och v\u00e5ld i n\u00e4ra relation<\/h2>\n            <p>N\u00e4tverket v\u00e4nder sig till l\u00e4rare, programansvariga, studierektorer med flera p\u00e5 alla universitets-, h\u00f6gskole- och yrkesutbildningar som undervisar om barn, unga och v\u00e5ld. Syftet \u00e4r att genom kollegialt l\u00e4rande dela erfarenheter och kunskap om att planera och genomf\u00f6ra undervisning och examination inom kunskapsomr\u00e5det.<\/p>              <div class=\"Card-footer\">\n                <span class=\"Card-footer-text\">G\u00e5 till n\u00e4tverkets resurssida<\/span>\n                            <\/div>\n        <\/div>\n    <\/a>\n<\/div>\n\n\n\n<p><\/p>\n","protected":false},"excerpt":{"rendered":"<p>Inneh\u00e5llet p\u00e5 resurssidorna varierar utifr\u00e5n respektive n\u00e4tverks aktiviteter och \u00f6nskem\u00e5l.<\/p>\n","protected":false},"author":26405,"featured_media":0,"parent":0,"menu_order":0,"comment_status":"closed","ping_status":"closed","template":"","meta":{"h5ap_radio_sources":[],"footnotes":""},"role":[],"class_list":["post-15734","page","type-page","status-publish","hentry"],"yoast_head":"<!-- This site is optimized with the Yoast SEO plugin v27.3 - https:\/\/yoast.com\/product\/yoast-seo-wordpress\/ -->\n<title>Barnafrids resurssidor n\u00e4tverk - Barnafrid<\/title>\n<meta name=\"robots\" content=\"index, follow, max-snippet:-1, max-image-preview:large, max-video-preview:-1\" \/>\n<link rel=\"canonical\" href=\"https:\/\/barnafrid.se\/kunskapsportal\/barnafrids-natverk\/\" \/>\n<meta property=\"og:locale\" content=\"sv_SE\" \/>\n<meta property=\"og:type\" content=\"article\" \/>\n<meta property=\"og:title\" content=\"Barnafrids resurssidor n\u00e4tverk - Barnafrid\" \/>\n<meta property=\"og:description\" content=\"Inneh\u00e5llet p\u00e5 resurssidorna varierar utifr\u00e5n respektive n\u00e4tverks aktiviteter och \u00f6nskem\u00e5l.\" \/>\n<meta property=\"og:url\" content=\"https:\/\/barnafrid.se\/kunskapsportal\/barnafrids-natverk\/\" \/>\n<meta property=\"og:site_name\" content=\"Barnafrid\" \/>\n<meta property=\"article:modified_time\" content=\"2026-03-24T19:41:11+00:00\" \/>\n<meta name=\"twitter:card\" content=\"summary_large_image\" \/>\n<meta name=\"twitter:label1\" content=\"Ber\u00e4knad l\u00e4stid\" \/>\n\t<meta name=\"twitter:data1\" content=\"1 minut\" \/>\n<script type=\"application\/ld+json\" class=\"yoast-schema-graph\">{\"@context\":\"https:\\\/\\\/schema.org\",\"@graph\":[{\"@type\":\"WebPage\",\"@id\":\"https:\\\/\\\/barnafrid.se\\\/kunskapsportal\\\/barnafrids-natverk\\\/\",\"url\":\"https:\\\/\\\/barnafrid.se\\\/kunskapsportal\\\/barnafrids-natverk\\\/\",\"name\":\"Barnafrids resurssidor n\u00e4tverk - Barnafrid\",\"isPartOf\":{\"@id\":\"https:\\\/\\\/barnafrid.se\\\/kunskapsportal\\\/#website\"},\"datePublished\":\"2025-08-21T11:10:12+00:00\",\"dateModified\":\"2026-03-24T19:41:11+00:00\",\"breadcrumb\":{\"@id\":\"https:\\\/\\\/barnafrid.se\\\/kunskapsportal\\\/barnafrids-natverk\\\/#breadcrumb\"},\"inLanguage\":\"sv-SE\",\"potentialAction\":[{\"@type\":\"ReadAction\",\"target\":[\"https:\\\/\\\/barnafrid.se\\\/kunskapsportal\\\/barnafrids-natverk\\\/\"]}]},{\"@type\":\"BreadcrumbList\",\"@id\":\"https:\\\/\\\/barnafrid.se\\\/kunskapsportal\\\/barnafrids-natverk\\\/#breadcrumb\",\"itemListElement\":[{\"@type\":\"ListItem\",\"position\":1,\"name\":\"Home\",\"item\":\"https:\\\/\\\/barnafrid.se\\\/kunskapsportal\\\/\"},{\"@type\":\"ListItem\",\"position\":2,\"name\":\"Barnafrids resurssidor n\u00e4tverk\"}]},{\"@type\":\"WebSite\",\"@id\":\"https:\\\/\\\/barnafrid.se\\\/kunskapsportal\\\/#website\",\"url\":\"https:\\\/\\\/barnafrid.se\\\/kunskapsportal\\\/\",\"name\":\"Barnafrid\",\"description\":\"Kunskapsportal om v\u00e5ld mot barn\",\"potentialAction\":[{\"@type\":\"SearchAction\",\"target\":{\"@type\":\"EntryPoint\",\"urlTemplate\":\"https:\\\/\\\/barnafrid.se\\\/kunskapsportal\\\/?s={search_term_string}\"},\"query-input\":{\"@type\":\"PropertyValueSpecification\",\"valueRequired\":true,\"valueName\":\"search_term_string\"}}],\"inLanguage\":\"sv-SE\"}]}<\/script>\n<!-- \/ Yoast SEO plugin. -->","yoast_head_json":{"title":"Barnafrids resurssidor n\u00e4tverk - Barnafrid","robots":{"index":"index","follow":"follow","max-snippet":"max-snippet:-1","max-image-preview":"max-image-preview:large","max-video-preview":"max-video-preview:-1"},"canonical":"https:\/\/barnafrid.se\/kunskapsportal\/barnafrids-natverk\/","og_locale":"sv_SE","og_type":"article","og_title":"Barnafrids resurssidor n\u00e4tverk - Barnafrid","og_description":"Inneh\u00e5llet p\u00e5 resurssidorna varierar utifr\u00e5n respektive n\u00e4tverks aktiviteter och \u00f6nskem\u00e5l.","og_url":"https:\/\/barnafrid.se\/kunskapsportal\/barnafrids-natverk\/","og_site_name":"Barnafrid","article_modified_time":"2026-03-24T19:41:11+00:00","twitter_card":"summary_large_image","twitter_misc":{"Ber\u00e4knad l\u00e4stid":"1 minut"},"schema":{"@context":"https:\/\/schema.org","@graph":[{"@type":"WebPage","@id":"https:\/\/barnafrid.se\/kunskapsportal\/barnafrids-natverk\/","url":"https:\/\/barnafrid.se\/kunskapsportal\/barnafrids-natverk\/","name":"Barnafrids resurssidor n\u00e4tverk - Barnafrid","isPartOf":{"@id":"https:\/\/barnafrid.se\/kunskapsportal\/#website"},"datePublished":"2025-08-21T11:10:12+00:00","dateModified":"2026-03-24T19:41:11+00:00","breadcrumb":{"@id":"https:\/\/barnafrid.se\/kunskapsportal\/barnafrids-natverk\/#breadcrumb"},"inLanguage":"sv-SE","potentialAction":[{"@type":"ReadAction","target":["https:\/\/barnafrid.se\/kunskapsportal\/barnafrids-natverk\/"]}]},{"@type":"BreadcrumbList","@id":"https:\/\/barnafrid.se\/kunskapsportal\/barnafrids-natverk\/#breadcrumb","itemListElement":[{"@type":"ListItem","position":1,"name":"Home","item":"https:\/\/barnafrid.se\/kunskapsportal\/"},{"@type":"ListItem","position":2,"name":"Barnafrids resurssidor n\u00e4tverk"}]},{"@type":"WebSite","@id":"https:\/\/barnafrid.se\/kunskapsportal\/#website","url":"https:\/\/barnafrid.se\/kunskapsportal\/","name":"Barnafrid","description":"Kunskapsportal om v\u00e5ld mot barn","potentialAction":[{"@type":"SearchAction","target":{"@type":"EntryPoint","urlTemplate":"https:\/\/barnafrid.se\/kunskapsportal\/?s={search_term_string}"},"query-input":{"@type":"PropertyValueSpecification","valueRequired":true,"valueName":"search_term_string"}}],"inLanguage":"sv-SE"}]}},"_links":{"self":[{"href":"https:\/\/barnafrid.se\/kunskapsportal\/wp-json\/wp\/v2\/pages\/15734","targetHints":{"allow":["GET"]}}],"collection":[{"href":"https:\/\/barnafrid.se\/kunskapsportal\/wp-json\/wp\/v2\/pages"}],"about":[{"href":"https:\/\/barnafrid.se\/kunskapsportal\/wp-json\/wp\/v2\/types\/page"}],"author":[{"embeddable":true,"href":"https:\/\/barnafrid.se\/kunskapsportal\/wp-json\/wp\/v2\/users\/26405"}],"replies":[{"embeddable":true,"href":"https:\/\/barnafrid.se\/kunskapsportal\/wp-json\/wp\/v2\/comments?post=15734"}],"version-history":[{"count":21,"href":"https:\/\/barnafrid.se\/kunskapsportal\/wp-json\/wp\/v2\/pages\/15734\/revisions"}],"predecessor-version":[{"id":18149,"href":"https:\/\/barnafrid.se\/kunskapsportal\/wp-json\/wp\/v2\/pages\/15734\/revisions\/18149"}],"wp:attachment":[{"href":"https:\/\/barnafrid.se\/kunskapsportal\/wp-json\/wp\/v2\/media?parent=15734"}],"wp:term":[{"taxonomy":"role","embeddable":true,"href":"https:\/\/barnafrid.se\/kunskapsportal\/wp-json\/wp\/v2\/role?post=15734"}],"curies":[{"name":"wp","href":"https:\/\/api.w.org\/{rel}","templated":true}]}}