{"id":15332,"date":"2025-04-22T15:53:19","date_gmt":"2025-04-22T13:53:19","guid":{"rendered":"https:\/\/barnafrid.se\/kunskapsportal\/?page_id=15332"},"modified":"2025-06-16T16:12:04","modified_gmt":"2025-06-16T14:12:04","slug":"modellen-pusslet","status":"publish","type":"page","link":"https:\/\/barnafrid.se\/kunskapsportal\/modellen-pusslet\/","title":{"rendered":"Modellen PUSSLET"},"content":{"rendered":"\n<h2 class=\"wp-block-heading\">Traumamedveten omsorg<\/h2>\n\n\n\n<p>Traumamedveten omsorg \u00e4r ett forskningsbaserat f\u00f6rh\u00e5llningss\u00e4tt som syftar till att skapa milj\u00f6er som fr\u00e4mjar l\u00e4kning och \u00e5terh\u00e4mtning f\u00f6r barn som har varit med om sv\u00e5ra upplevelser.<\/p>\n\n\n<div class=\"Videos\">\n        <div class=\"Video Video--original Video--visible\">\n        \n        <figure class=\"VideoPlayer\">\n            <div class=\"VideoPlayer-video VideoPlayer-video--aspect16_9 VideoPlayer-video--hasAspectRatio\">\n                <iframe loading=\"lazy\"\n                    title=\"Video\"\n                    src=\"https:\/\/player.vimeo.com\/video\/805489694?dnt=1&#038;app_id=122963\"\n                    width=\"500\"\n                    height=\"281\"\n                    frameborder=\"0\"\n                    allow=\"autoplay; fullscreen\"\n                    allowfullscreen\n                ><\/iframe>\n            <\/div>\n        <\/figure>\n            <\/div>\n    \n    \n    \n    <div class=\"VideosVersions\">\n        \n            <\/div>\n<\/div>\n\n\n\n<h2 class=\"wp-block-heading\">Information och delaktighet<\/h2>\n\n\n\n<p>Barn som kommer till ett skyddat boende beh\u00f6ver bli delaktiga genom att f\u00e5 svar p\u00e5 sina fr\u00e5gor och m\u00f6jlighet att uttrycka sig om situationen. BRA-samtal \u00e4r en hj\u00e4lp f\u00f6r personal i hur de kan g\u00e5 tillv\u00e4ga n\u00e4r de pratar med barn i \u00e5ldern 7\u201318 \u00e5r, om deras behov av information och st\u00f6d.<\/p>\n\n\n<div class=\"Videos\">\n        <div class=\"Video Video--original Video--visible\">\n        \n        <figure class=\"VideoPlayer\">\n            <div class=\"VideoPlayer-video VideoPlayer-video--aspect16_9 VideoPlayer-video--hasAspectRatio\">\n                <iframe loading=\"lazy\"\n                    title=\"Video\"\n                    src=\"https:\/\/player.vimeo.com\/video\/805853223?dnt=1&#038;app_id=122963\"\n                    width=\"500\"\n                    height=\"281\"\n                    frameborder=\"0\"\n                    allow=\"autoplay; fullscreen\"\n                    allowfullscreen\n                ><\/iframe>\n            <\/div>\n        <\/figure>\n            <\/div>\n    \n    \n    \n    <div class=\"VideosVersions\">\n        \n            <\/div>\n<\/div>\n\n\n\n<h2 class=\"wp-block-heading\">Barncentrerad samverkan<\/h2>\n\n\n\n<p>N\u00e4r ett barn f\u00f6ljer med en f\u00f6r\u00e4lder till ett skyddat boende beh\u00f6ver en rad olika akt\u00f6rer samverka f\u00f6r att barnet ska f\u00e5 sina r\u00e4ttigheter och behov tillgodosedda. Samverkansmodellen handlar om hur akt\u00f6rerna, utifr\u00e5n barnets r\u00e4ttigheter och med barnet i centrum, kan arbeta vid placering, under placering och vid utflytt fr\u00e5n det skyddade boendet.<\/p>\n\n\n<div class=\"Videos\">\n        <div class=\"Video Video--original Video--visible\">\n        \n        <figure class=\"VideoPlayer\">\n            <div class=\"VideoPlayer-video VideoPlayer-video--aspect16_9 VideoPlayer-video--hasAspectRatio\">\n                <iframe loading=\"lazy\"\n                    title=\"Video\"\n                    src=\"https:\/\/player.vimeo.com\/video\/805494491?dnt=1&#038;app_id=122963\"\n                    width=\"500\"\n                    height=\"281\"\n                    frameborder=\"0\"\n                    allow=\"autoplay; fullscreen\"\n                    allowfullscreen\n                ><\/iframe>\n            <\/div>\n        <\/figure>\n            <\/div>\n    \n    \n    \n    <div class=\"VideosVersions\">\n        \n            <\/div>\n<\/div>\n\n\n\n<h2 class=\"wp-block-heading\">V\u00e5ldsmedveten handl\u00e4ggning<\/h2>\n\n\n\n<p>V\u00e5ldsmedveten handl\u00e4ggning vilar p\u00e5 Barnkonventionens artikel 19, om barns r\u00e4tt att skyddas fr\u00e5n olika former av v\u00e5ld. Socialsekreterare med f\u00f6rdjupad kompetens om v\u00e5ldsutsatthet \u00e4r en f\u00f6ruts\u00e4ttning f\u00f6r att barnet ska f\u00e5 \u00e4ndam\u00e5lsenliga insatser efter att ha levt med v\u00e5ld i hemmet.<\/p>\n\n\n<div class=\"Videos\">\n        <div class=\"Video Video--original Video--visible\">\n        \n        <figure class=\"VideoPlayer\">\n            <div class=\"VideoPlayer-video VideoPlayer-video--aspect16_9 VideoPlayer-video--hasAspectRatio\">\n                <iframe loading=\"lazy\"\n                    title=\"Video\"\n                    src=\"https:\/\/player.vimeo.com\/video\/805491259?dnt=1&#038;app_id=122963\"\n                    width=\"500\"\n                    height=\"281\"\n                    frameborder=\"0\"\n                    allow=\"autoplay; fullscreen\"\n                    allowfullscreen\n                ><\/iframe>\n            <\/div>\n        <\/figure>\n            <\/div>\n    \n    \n    \n    <div class=\"VideosVersions\">\n        \n            <\/div>\n<\/div>\n\n\n\n<h2 class=\"wp-block-heading\">Lek och aktivitet<\/h2>\n\n\n\n<p>Barn som bor p\u00e5 skyddade boenden har ofta begr\u00e4nsad m\u00f6jlighet till fritidsaktiviteter. Den h\u00e4r delen av modellen handlar om att skapa positiva upplevelser. Utbildade volont\u00e4rer erbjuder barn lek och aktiviteter med syfte att \u00f6ka barnets v\u00e4lm\u00e5ende och \u00e5terh\u00e4mtning.<\/p>\n\n\n<div class=\"Videos\">\n        <div class=\"Video Video--original Video--visible\">\n        \n        <figure class=\"VideoPlayer\">\n            <div class=\"VideoPlayer-video VideoPlayer-video--aspect16_9 VideoPlayer-video--hasAspectRatio\">\n                <iframe loading=\"lazy\"\n                    title=\"Video\"\n                    src=\"https:\/\/player.vimeo.com\/video\/805492368?dnt=1&#038;app_id=122963\"\n                    width=\"500\"\n                    height=\"281\"\n                    frameborder=\"0\"\n                    allow=\"autoplay; fullscreen\"\n                    allowfullscreen\n                ><\/iframe>\n            <\/div>\n        <\/figure>\n            <\/div>\n    \n    \n    \n    <div class=\"VideosVersions\">\n        \n            <\/div>\n<\/div>\n","protected":false},"excerpt":{"rendered":"<p>Traumamedveten omsorg Traumamedveten omsorg \u00e4r ett forskningsbaserat f\u00f6rh\u00e5llningss\u00e4tt som syftar till att skapa milj\u00f6er som fr\u00e4mjar l\u00e4kning och \u00e5terh\u00e4mtning f\u00f6r barn som har varit med om sv\u00e5ra upplevelser. Information och delaktighet Barn som kommer till ett skyddat boende beh\u00f6ver bli delaktiga genom att f\u00e5 svar p\u00e5 sina fr\u00e5gor och m\u00f6jlighet att uttrycka sig om situationen. [&hellip;]<\/p>\n","protected":false},"author":26405,"featured_media":0,"parent":0,"menu_order":0,"comment_status":"closed","ping_status":"closed","template":"","meta":{"h5ap_radio_sources":[],"footnotes":""},"role":[],"class_list":["post-15332","page","type-page","status-publish","hentry"],"yoast_head":"<!-- This site is optimized with the Yoast SEO plugin v27.4 - https:\/\/yoast.com\/product\/yoast-seo-wordpress\/ -->\n<title>Modellen PUSSLET - Barnafrid<\/title>\n<meta name=\"robots\" content=\"index, follow, max-snippet:-1, max-image-preview:large, max-video-preview:-1\" \/>\n<link rel=\"canonical\" href=\"https:\/\/barnafrid.se\/kunskapsportal\/modellen-pusslet\/\" \/>\n<meta property=\"og:locale\" content=\"sv_SE\" \/>\n<meta property=\"og:type\" content=\"article\" \/>\n<meta property=\"og:title\" content=\"Modellen PUSSLET - Barnafrid\" \/>\n<meta property=\"og:description\" content=\"Traumamedveten omsorg Traumamedveten omsorg \u00e4r ett forskningsbaserat f\u00f6rh\u00e5llningss\u00e4tt som syftar till att skapa milj\u00f6er som fr\u00e4mjar l\u00e4kning och \u00e5terh\u00e4mtning f\u00f6r barn som har varit med om sv\u00e5ra upplevelser. Information och delaktighet Barn som kommer till ett skyddat boende beh\u00f6ver bli delaktiga genom att f\u00e5 svar p\u00e5 sina fr\u00e5gor och m\u00f6jlighet att uttrycka sig om situationen. [&hellip;]\" \/>\n<meta property=\"og:url\" content=\"https:\/\/barnafrid.se\/kunskapsportal\/modellen-pusslet\/\" \/>\n<meta property=\"og:site_name\" content=\"Barnafrid\" \/>\n<meta property=\"article:modified_time\" content=\"2025-06-16T14:12:04+00:00\" \/>\n<meta name=\"twitter:card\" content=\"summary_large_image\" \/>\n<meta name=\"twitter:label1\" content=\"Ber\u00e4knad l\u00e4stid\" \/>\n\t<meta name=\"twitter:data1\" content=\"2 minuter\" \/>\n<script type=\"application\/ld+json\" class=\"yoast-schema-graph\">{\"@context\":\"https:\\\/\\\/schema.org\",\"@graph\":[{\"@type\":\"WebPage\",\"@id\":\"https:\\\/\\\/barnafrid.se\\\/kunskapsportal\\\/modellen-pusslet\\\/\",\"url\":\"https:\\\/\\\/barnafrid.se\\\/kunskapsportal\\\/modellen-pusslet\\\/\",\"name\":\"Modellen PUSSLET - Barnafrid\",\"isPartOf\":{\"@id\":\"https:\\\/\\\/barnafrid.se\\\/kunskapsportal\\\/#website\"},\"datePublished\":\"2025-04-22T13:53:19+00:00\",\"dateModified\":\"2025-06-16T14:12:04+00:00\",\"breadcrumb\":{\"@id\":\"https:\\\/\\\/barnafrid.se\\\/kunskapsportal\\\/modellen-pusslet\\\/#breadcrumb\"},\"inLanguage\":\"sv-SE\",\"potentialAction\":[{\"@type\":\"ReadAction\",\"target\":[\"https:\\\/\\\/barnafrid.se\\\/kunskapsportal\\\/modellen-pusslet\\\/\"]}]},{\"@type\":\"BreadcrumbList\",\"@id\":\"https:\\\/\\\/barnafrid.se\\\/kunskapsportal\\\/modellen-pusslet\\\/#breadcrumb\",\"itemListElement\":[{\"@type\":\"ListItem\",\"position\":1,\"name\":\"Home\",\"item\":\"https:\\\/\\\/barnafrid.se\\\/kunskapsportal\\\/\"},{\"@type\":\"ListItem\",\"position\":2,\"name\":\"Modellen PUSSLET\"}]},{\"@type\":\"WebSite\",\"@id\":\"https:\\\/\\\/barnafrid.se\\\/kunskapsportal\\\/#website\",\"url\":\"https:\\\/\\\/barnafrid.se\\\/kunskapsportal\\\/\",\"name\":\"Barnafrid\",\"description\":\"Kunskapsportal om v\u00e5ld mot barn\",\"potentialAction\":[{\"@type\":\"SearchAction\",\"target\":{\"@type\":\"EntryPoint\",\"urlTemplate\":\"https:\\\/\\\/barnafrid.se\\\/kunskapsportal\\\/?s={search_term_string}\"},\"query-input\":{\"@type\":\"PropertyValueSpecification\",\"valueRequired\":true,\"valueName\":\"search_term_string\"}}],\"inLanguage\":\"sv-SE\"}]}<\/script>\n<!-- \/ Yoast SEO plugin. -->","yoast_head_json":{"title":"Modellen PUSSLET - Barnafrid","robots":{"index":"index","follow":"follow","max-snippet":"max-snippet:-1","max-image-preview":"max-image-preview:large","max-video-preview":"max-video-preview:-1"},"canonical":"https:\/\/barnafrid.se\/kunskapsportal\/modellen-pusslet\/","og_locale":"sv_SE","og_type":"article","og_title":"Modellen PUSSLET - Barnafrid","og_description":"Traumamedveten omsorg Traumamedveten omsorg \u00e4r ett forskningsbaserat f\u00f6rh\u00e5llningss\u00e4tt som syftar till att skapa milj\u00f6er som fr\u00e4mjar l\u00e4kning och \u00e5terh\u00e4mtning f\u00f6r barn som har varit med om sv\u00e5ra upplevelser. Information och delaktighet Barn som kommer till ett skyddat boende beh\u00f6ver bli delaktiga genom att f\u00e5 svar p\u00e5 sina fr\u00e5gor och m\u00f6jlighet att uttrycka sig om situationen. [&hellip;]","og_url":"https:\/\/barnafrid.se\/kunskapsportal\/modellen-pusslet\/","og_site_name":"Barnafrid","article_modified_time":"2025-06-16T14:12:04+00:00","twitter_card":"summary_large_image","twitter_misc":{"Ber\u00e4knad l\u00e4stid":"2 minuter"},"schema":{"@context":"https:\/\/schema.org","@graph":[{"@type":"WebPage","@id":"https:\/\/barnafrid.se\/kunskapsportal\/modellen-pusslet\/","url":"https:\/\/barnafrid.se\/kunskapsportal\/modellen-pusslet\/","name":"Modellen PUSSLET - Barnafrid","isPartOf":{"@id":"https:\/\/barnafrid.se\/kunskapsportal\/#website"},"datePublished":"2025-04-22T13:53:19+00:00","dateModified":"2025-06-16T14:12:04+00:00","breadcrumb":{"@id":"https:\/\/barnafrid.se\/kunskapsportal\/modellen-pusslet\/#breadcrumb"},"inLanguage":"sv-SE","potentialAction":[{"@type":"ReadAction","target":["https:\/\/barnafrid.se\/kunskapsportal\/modellen-pusslet\/"]}]},{"@type":"BreadcrumbList","@id":"https:\/\/barnafrid.se\/kunskapsportal\/modellen-pusslet\/#breadcrumb","itemListElement":[{"@type":"ListItem","position":1,"name":"Home","item":"https:\/\/barnafrid.se\/kunskapsportal\/"},{"@type":"ListItem","position":2,"name":"Modellen PUSSLET"}]},{"@type":"WebSite","@id":"https:\/\/barnafrid.se\/kunskapsportal\/#website","url":"https:\/\/barnafrid.se\/kunskapsportal\/","name":"Barnafrid","description":"Kunskapsportal om v\u00e5ld mot barn","potentialAction":[{"@type":"SearchAction","target":{"@type":"EntryPoint","urlTemplate":"https:\/\/barnafrid.se\/kunskapsportal\/?s={search_term_string}"},"query-input":{"@type":"PropertyValueSpecification","valueRequired":true,"valueName":"search_term_string"}}],"inLanguage":"sv-SE"}]}},"_links":{"self":[{"href":"https:\/\/barnafrid.se\/kunskapsportal\/wp-json\/wp\/v2\/pages\/15332","targetHints":{"allow":["GET"]}}],"collection":[{"href":"https:\/\/barnafrid.se\/kunskapsportal\/wp-json\/wp\/v2\/pages"}],"about":[{"href":"https:\/\/barnafrid.se\/kunskapsportal\/wp-json\/wp\/v2\/types\/page"}],"author":[{"embeddable":true,"href":"https:\/\/barnafrid.se\/kunskapsportal\/wp-json\/wp\/v2\/users\/26405"}],"replies":[{"embeddable":true,"href":"https:\/\/barnafrid.se\/kunskapsportal\/wp-json\/wp\/v2\/comments?post=15332"}],"version-history":[{"count":8,"href":"https:\/\/barnafrid.se\/kunskapsportal\/wp-json\/wp\/v2\/pages\/15332\/revisions"}],"predecessor-version":[{"id":16504,"href":"https:\/\/barnafrid.se\/kunskapsportal\/wp-json\/wp\/v2\/pages\/15332\/revisions\/16504"}],"wp:attachment":[{"href":"https:\/\/barnafrid.se\/kunskapsportal\/wp-json\/wp\/v2\/media?parent=15332"}],"wp:term":[{"taxonomy":"role","embeddable":true,"href":"https:\/\/barnafrid.se\/kunskapsportal\/wp-json\/wp\/v2\/role?post=15332"}],"curies":[{"name":"wp","href":"https:\/\/api.w.org\/{rel}","templated":true}]}}