{"id":15323,"date":"2025-04-22T15:15:00","date_gmt":"2025-04-22T13:15:00","guid":{"rendered":"https:\/\/barnafrid.se\/kunskapsportal\/?page_id=15323"},"modified":"2025-04-22T16:17:07","modified_gmt":"2025-04-22T14:17:07","slug":"forelasningar-om-hedersrelaterat-vald-och-fortryck","status":"publish","type":"page","link":"https:\/\/barnafrid.se\/kunskapsportal\/forelasningar-om-hedersrelaterat-vald-och-fortryck\/","title":{"rendered":"F\u00f6rel\u00e4sningar om hedersrelaterat v\u00e5ld och f\u00f6rtryck"},"content":{"rendered":"\n<p>Sedan 2018 har Barnafrid p\u00e5 uppdrag av regeringen arbetat med att st\u00e4rka kompetensen inom barnahus n\u00e4r det g\u00e4ller att utreda misstanke om hedersrelaterat v\u00e5ld och f\u00f6rtryck. Arbetet har omfattat uttrycksformerna barn\u00e4ktenskap, tv\u00e5ngs\u00e4ktenskap och k\u00f6nsstympning. Under de h\u00e4r \u00e5ren har vi genomf\u00f6rt insatser riktade till de akt\u00f6rer som samverkar inom barnahus, bland annat kunskapsh\u00f6jande f\u00f6rel\u00e4sningar. H\u00e4r delar vi ett urval av dem.<\/p>\n\n\n\n<h2 class=\"wp-block-heading\">Det s\u00e4rskilda hedersbrottet<\/h2>\n\n\n\n<p>Den 1 juni 2022 tr\u00e4dde en ny lag om ett s\u00e4rskilt hedersbrott i kraft. Inf\u00f6r lagf\u00f6r\u00e4ndringen bj\u00f6d Barnafrid in den s\u00e4rskilda utredaren Petra Lundh f\u00f6r att ber\u00e4tta om utredningsarbetet och inneb\u00f6rden av det nya brottet.<\/p>\n\n\n<div class=\"Videos\">\n        <div class=\"Video Video--original Video--visible\">\n        \n        <figure class=\"VideoPlayer\">\n            <div class=\"VideoPlayer-video VideoPlayer-video--aspect16_9 VideoPlayer-video--hasAspectRatio\">\n                <iframe loading=\"lazy\"\n                    title=\"Video\"\n                    src=\"https:\/\/player.vimeo.com\/video\/1077556485?dnt=1&#038;app_id=122963\"\n                    width=\"500\"\n                    height=\"281\"\n                    frameborder=\"0\"\n                    allow=\"autoplay; fullscreen\"\n                    allowfullscreen\n                ><\/iframe>\n            <\/div>\n        <\/figure>\n            <\/div>\n    \n    \n    \n    <div class=\"VideosVersions\">\n        \n            <\/div>\n<\/div>\n\n\n\n<h2 class=\"wp-block-heading\">Nordeuropeisk utblick: Responding to harmful cultural practices<\/h2>\n\n\n\n<p>Nazir Afzal ber\u00e4ttar om sina erfarenheter av hedersrelaterat v\u00e5ld och f\u00f6rtryck, i synnerhet \u00e4ktenskapstv\u00e5ng. Inspelningen \u00e4r l\u00f6senordsskyddad.  Om du arbetar inom en barnahusverksamhet \u00e4r du v\u00e4lkommen att ta kontakt med oss p\u00e5 barnafrid@liu.se f\u00f6r att f\u00e5 ett l\u00f6senord.<\/p>\n\n\n<div class=\"Videos\">\n        <div class=\"Video Video--original Video--visible\">\n        \n        <figure class=\"VideoPlayer\">\n            <div class=\"VideoPlayer-video VideoPlayer-video--aspect16_9 VideoPlayer-video--hasAspectRatio\">\n                <iframe loading=\"lazy\"\n                    title=\"Video\"\n                    src=\"https:\/\/player.vimeo.com\/video\/684153258?dnt=1&#038;app_id=122963\"\n                    width=\"500\"\n                    height=\"281\"\n                    frameborder=\"0\"\n                    allow=\"autoplay; fullscreen\"\n                    allowfullscreen\n                ><\/iframe>\n            <\/div>\n        <\/figure>\n            <\/div>\n    \n    \n    \n    <div class=\"VideosVersions\">\n        \n            <\/div>\n<\/div>\n\n\n\n<h2 class=\"wp-block-heading\">R\u00e4ttsfall \u00e4ktenskapstv\u00e5ng<\/h2>\n\n\n\n<p>Kammar\u00e5klagare Jessica Wenna vid \u00c5klagarkammaren i V\u00e4ster\u00e5s och \u00e4mnesspecialist hedersrelaterad brottslighet. Devin Rexvid, lektor vid Stockholms universitet, ger sitt perspektiv som sakkunnig i \u00e4rendet. Inspelningen \u00e4r l\u00f6senordsskyddad. Om du arbetar inom en barnahusverksamhet \u00e4r du v\u00e4lkommen att ta kontakt med oss p\u00e5 barnafrid@liu.se f\u00f6r att f\u00e5 ett l\u00f6senord.<\/p>\n\n\n<div class=\"Videos\">\n        <div class=\"Video Video--original Video--visible\">\n        \n        <figure class=\"VideoPlayer\">\n            <div class=\"VideoPlayer-video VideoPlayer-video--aspect16_9 VideoPlayer-video--hasAspectRatio\">\n                <iframe loading=\"lazy\"\n                    title=\"Video\"\n                    src=\"https:\/\/player.vimeo.com\/video\/671956431?dnt=1&#038;app_id=122963\"\n                    width=\"500\"\n                    height=\"281\"\n                    frameborder=\"0\"\n                    allow=\"autoplay; fullscreen\"\n                    allowfullscreen\n                ><\/iframe>\n            <\/div>\n        <\/figure>\n            <\/div>\n    \n    \n    \n    <div class=\"VideosVersions\">\n        \n            <\/div>\n<\/div>\n\n\n\n<p><\/p>\n","protected":false},"excerpt":{"rendered":"<p>Sedan 2018 har Barnafrid p\u00e5 uppdrag av regeringen arbetat med att st\u00e4rka kompetensen inom barnahus n\u00e4r det g\u00e4ller att utreda misstanke om hedersrelaterat v\u00e5ld och f\u00f6rtryck. Arbetet har omfattat uttrycksformerna barn\u00e4ktenskap, tv\u00e5ngs\u00e4ktenskap och k\u00f6nsstympning. Under de h\u00e4r \u00e5ren har vi genomf\u00f6rt insatser riktade till de akt\u00f6rer som samverkar inom barnahus, bland annat kunskapsh\u00f6jande f\u00f6rel\u00e4sningar. H\u00e4r [&hellip;]<\/p>\n","protected":false},"author":26405,"featured_media":0,"parent":0,"menu_order":0,"comment_status":"closed","ping_status":"closed","template":"","meta":{"h5ap_radio_sources":[],"footnotes":""},"role":[],"class_list":["post-15323","page","type-page","status-publish","hentry"],"yoast_head":"<!-- This site is optimized with the Yoast SEO plugin v27.4 - https:\/\/yoast.com\/product\/yoast-seo-wordpress\/ -->\n<title>F\u00f6rel\u00e4sningar om hedersrelaterat v\u00e5ld och f\u00f6rtryck - Barnafrid<\/title>\n<meta name=\"robots\" content=\"index, follow, max-snippet:-1, max-image-preview:large, max-video-preview:-1\" \/>\n<link rel=\"canonical\" href=\"https:\/\/barnafrid.se\/kunskapsportal\/forelasningar-om-hedersrelaterat-vald-och-fortryck\/\" \/>\n<meta property=\"og:locale\" content=\"sv_SE\" \/>\n<meta property=\"og:type\" content=\"article\" \/>\n<meta property=\"og:title\" content=\"F\u00f6rel\u00e4sningar om hedersrelaterat v\u00e5ld och f\u00f6rtryck - Barnafrid\" \/>\n<meta property=\"og:description\" content=\"Sedan 2018 har Barnafrid p\u00e5 uppdrag av regeringen arbetat med att st\u00e4rka kompetensen inom barnahus n\u00e4r det g\u00e4ller att utreda misstanke om hedersrelaterat v\u00e5ld och f\u00f6rtryck. Arbetet har omfattat uttrycksformerna barn\u00e4ktenskap, tv\u00e5ngs\u00e4ktenskap och k\u00f6nsstympning. Under de h\u00e4r \u00e5ren har vi genomf\u00f6rt insatser riktade till de akt\u00f6rer som samverkar inom barnahus, bland annat kunskapsh\u00f6jande f\u00f6rel\u00e4sningar. H\u00e4r [&hellip;]\" \/>\n<meta property=\"og:url\" content=\"https:\/\/barnafrid.se\/kunskapsportal\/forelasningar-om-hedersrelaterat-vald-och-fortryck\/\" \/>\n<meta property=\"og:site_name\" content=\"Barnafrid\" \/>\n<meta property=\"article:modified_time\" content=\"2025-04-22T14:17:07+00:00\" \/>\n<meta name=\"twitter:card\" content=\"summary_large_image\" \/>\n<meta name=\"twitter:label1\" content=\"Ber\u00e4knad l\u00e4stid\" \/>\n\t<meta name=\"twitter:data1\" content=\"1 minut\" \/>\n<script type=\"application\/ld+json\" class=\"yoast-schema-graph\">{\"@context\":\"https:\\\/\\\/schema.org\",\"@graph\":[{\"@type\":\"WebPage\",\"@id\":\"https:\\\/\\\/barnafrid.se\\\/kunskapsportal\\\/forelasningar-om-hedersrelaterat-vald-och-fortryck\\\/\",\"url\":\"https:\\\/\\\/barnafrid.se\\\/kunskapsportal\\\/forelasningar-om-hedersrelaterat-vald-och-fortryck\\\/\",\"name\":\"F\u00f6rel\u00e4sningar om hedersrelaterat v\u00e5ld och f\u00f6rtryck - Barnafrid\",\"isPartOf\":{\"@id\":\"https:\\\/\\\/barnafrid.se\\\/kunskapsportal\\\/#website\"},\"datePublished\":\"2025-04-22T13:15:00+00:00\",\"dateModified\":\"2025-04-22T14:17:07+00:00\",\"breadcrumb\":{\"@id\":\"https:\\\/\\\/barnafrid.se\\\/kunskapsportal\\\/forelasningar-om-hedersrelaterat-vald-och-fortryck\\\/#breadcrumb\"},\"inLanguage\":\"sv-SE\",\"potentialAction\":[{\"@type\":\"ReadAction\",\"target\":[\"https:\\\/\\\/barnafrid.se\\\/kunskapsportal\\\/forelasningar-om-hedersrelaterat-vald-och-fortryck\\\/\"]}]},{\"@type\":\"BreadcrumbList\",\"@id\":\"https:\\\/\\\/barnafrid.se\\\/kunskapsportal\\\/forelasningar-om-hedersrelaterat-vald-och-fortryck\\\/#breadcrumb\",\"itemListElement\":[{\"@type\":\"ListItem\",\"position\":1,\"name\":\"Home\",\"item\":\"https:\\\/\\\/barnafrid.se\\\/kunskapsportal\\\/\"},{\"@type\":\"ListItem\",\"position\":2,\"name\":\"F\u00f6rel\u00e4sningar om hedersrelaterat v\u00e5ld och f\u00f6rtryck\"}]},{\"@type\":\"WebSite\",\"@id\":\"https:\\\/\\\/barnafrid.se\\\/kunskapsportal\\\/#website\",\"url\":\"https:\\\/\\\/barnafrid.se\\\/kunskapsportal\\\/\",\"name\":\"Barnafrid\",\"description\":\"Kunskapsportal om v\u00e5ld mot barn\",\"potentialAction\":[{\"@type\":\"SearchAction\",\"target\":{\"@type\":\"EntryPoint\",\"urlTemplate\":\"https:\\\/\\\/barnafrid.se\\\/kunskapsportal\\\/?s={search_term_string}\"},\"query-input\":{\"@type\":\"PropertyValueSpecification\",\"valueRequired\":true,\"valueName\":\"search_term_string\"}}],\"inLanguage\":\"sv-SE\"}]}<\/script>\n<!-- \/ Yoast SEO plugin. -->","yoast_head_json":{"title":"F\u00f6rel\u00e4sningar om hedersrelaterat v\u00e5ld och f\u00f6rtryck - Barnafrid","robots":{"index":"index","follow":"follow","max-snippet":"max-snippet:-1","max-image-preview":"max-image-preview:large","max-video-preview":"max-video-preview:-1"},"canonical":"https:\/\/barnafrid.se\/kunskapsportal\/forelasningar-om-hedersrelaterat-vald-och-fortryck\/","og_locale":"sv_SE","og_type":"article","og_title":"F\u00f6rel\u00e4sningar om hedersrelaterat v\u00e5ld och f\u00f6rtryck - Barnafrid","og_description":"Sedan 2018 har Barnafrid p\u00e5 uppdrag av regeringen arbetat med att st\u00e4rka kompetensen inom barnahus n\u00e4r det g\u00e4ller att utreda misstanke om hedersrelaterat v\u00e5ld och f\u00f6rtryck. Arbetet har omfattat uttrycksformerna barn\u00e4ktenskap, tv\u00e5ngs\u00e4ktenskap och k\u00f6nsstympning. Under de h\u00e4r \u00e5ren har vi genomf\u00f6rt insatser riktade till de akt\u00f6rer som samverkar inom barnahus, bland annat kunskapsh\u00f6jande f\u00f6rel\u00e4sningar. H\u00e4r [&hellip;]","og_url":"https:\/\/barnafrid.se\/kunskapsportal\/forelasningar-om-hedersrelaterat-vald-och-fortryck\/","og_site_name":"Barnafrid","article_modified_time":"2025-04-22T14:17:07+00:00","twitter_card":"summary_large_image","twitter_misc":{"Ber\u00e4knad l\u00e4stid":"1 minut"},"schema":{"@context":"https:\/\/schema.org","@graph":[{"@type":"WebPage","@id":"https:\/\/barnafrid.se\/kunskapsportal\/forelasningar-om-hedersrelaterat-vald-och-fortryck\/","url":"https:\/\/barnafrid.se\/kunskapsportal\/forelasningar-om-hedersrelaterat-vald-och-fortryck\/","name":"F\u00f6rel\u00e4sningar om hedersrelaterat v\u00e5ld och f\u00f6rtryck - Barnafrid","isPartOf":{"@id":"https:\/\/barnafrid.se\/kunskapsportal\/#website"},"datePublished":"2025-04-22T13:15:00+00:00","dateModified":"2025-04-22T14:17:07+00:00","breadcrumb":{"@id":"https:\/\/barnafrid.se\/kunskapsportal\/forelasningar-om-hedersrelaterat-vald-och-fortryck\/#breadcrumb"},"inLanguage":"sv-SE","potentialAction":[{"@type":"ReadAction","target":["https:\/\/barnafrid.se\/kunskapsportal\/forelasningar-om-hedersrelaterat-vald-och-fortryck\/"]}]},{"@type":"BreadcrumbList","@id":"https:\/\/barnafrid.se\/kunskapsportal\/forelasningar-om-hedersrelaterat-vald-och-fortryck\/#breadcrumb","itemListElement":[{"@type":"ListItem","position":1,"name":"Home","item":"https:\/\/barnafrid.se\/kunskapsportal\/"},{"@type":"ListItem","position":2,"name":"F\u00f6rel\u00e4sningar om hedersrelaterat v\u00e5ld och f\u00f6rtryck"}]},{"@type":"WebSite","@id":"https:\/\/barnafrid.se\/kunskapsportal\/#website","url":"https:\/\/barnafrid.se\/kunskapsportal\/","name":"Barnafrid","description":"Kunskapsportal om v\u00e5ld mot barn","potentialAction":[{"@type":"SearchAction","target":{"@type":"EntryPoint","urlTemplate":"https:\/\/barnafrid.se\/kunskapsportal\/?s={search_term_string}"},"query-input":{"@type":"PropertyValueSpecification","valueRequired":true,"valueName":"search_term_string"}}],"inLanguage":"sv-SE"}]}},"_links":{"self":[{"href":"https:\/\/barnafrid.se\/kunskapsportal\/wp-json\/wp\/v2\/pages\/15323","targetHints":{"allow":["GET"]}}],"collection":[{"href":"https:\/\/barnafrid.se\/kunskapsportal\/wp-json\/wp\/v2\/pages"}],"about":[{"href":"https:\/\/barnafrid.se\/kunskapsportal\/wp-json\/wp\/v2\/types\/page"}],"author":[{"embeddable":true,"href":"https:\/\/barnafrid.se\/kunskapsportal\/wp-json\/wp\/v2\/users\/26405"}],"replies":[{"embeddable":true,"href":"https:\/\/barnafrid.se\/kunskapsportal\/wp-json\/wp\/v2\/comments?post=15323"}],"version-history":[{"count":8,"href":"https:\/\/barnafrid.se\/kunskapsportal\/wp-json\/wp\/v2\/pages\/15323\/revisions"}],"predecessor-version":[{"id":15331,"href":"https:\/\/barnafrid.se\/kunskapsportal\/wp-json\/wp\/v2\/pages\/15323\/revisions\/15331"}],"wp:attachment":[{"href":"https:\/\/barnafrid.se\/kunskapsportal\/wp-json\/wp\/v2\/media?parent=15323"}],"wp:term":[{"taxonomy":"role","embeddable":true,"href":"https:\/\/barnafrid.se\/kunskapsportal\/wp-json\/wp\/v2\/role?post=15323"}],"curies":[{"name":"wp","href":"https:\/\/api.w.org\/{rel}","templated":true}]}}