{"id":15174,"date":"2025-03-25T09:54:36","date_gmt":"2025-03-25T08:54:36","guid":{"rendered":"https:\/\/barnafrid.se\/kunskapsportal\/?page_id=15174"},"modified":"2025-03-25T09:54:55","modified_gmt":"2025-03-25T08:54:55","slug":"om-utbildningen","status":"publish","type":"page","link":"https:\/\/barnafrid.se\/kunskapsportal\/barn-och-unga-med-sexuella-beteendeproblem\/om-utbildningen\/","title":{"rendered":"Om utbildningen"},"content":{"rendered":"\n<p>Utbildningen\u00a0<em>Barn och unga med sexuella beteendeproblem,<\/em>\u00a0\u00e4r f\u00f6r dig som arbetar inom h\u00e4lso- och sjukv\u00e5rd, socialtj\u00e4nsten och barnahus. Utbildningen \u00e4r \u00e4ven till f\u00f6r dig som arbetar inom andra offentliga eller privata institutioner inklusive SiS (statens institutionsstyrelse) s\u00e4rskilda ungdomshem och elevh\u00e4lsa, f\u00f6rskola eller skola samt r\u00e4ttsv\u00e4sendet.\u00a0\u00a0<\/p>\n\n\n\n<p>Den h\u00e4r utbildningen syftar till att ge dig kunskap, f\u00e4rdigheter och processt\u00f6d f\u00f6r att f\u00f6rst\u00e5 och agera vid sexuella beteendeproblem hos barn och ungdomar. Inneh\u00e5llet bygger p\u00e5 forskningsbaserade kunskapsst\u00f6d, evidensbaserade metoder och rekommenderade arbetss\u00e4tt f\u00f6r att f\u00f6rebygga, samverka och handl\u00e4gga \u00e4renden som r\u00f6r sexuella beteendeproblem.&nbsp;&nbsp;<\/p>\n\n\n\n<p>Du som genomf\u00f6r utbildningen kommer att f\u00e5 kunskap f\u00f6r att kunna uppm\u00e4rksamma, identifiera och utreda sexuella beteendeproblem hos barn och ungdomar samt anpassade st\u00f6d- och behandlingsinsatser. Utbildningen l\u00e4r ut principer och f\u00e4rdigheter f\u00f6r att bem\u00f6ta och st\u00f6tta barn, ungdomar och deras familjer i v\u00e5rd, omsorg och f\u00f6rskola eller skola efter att sexuella beteendeproblem avsl\u00f6jats. Men kanske \u00e4nnu viktigare \u00e4r att du ocks\u00e5 kommer att f\u00e5 kunskaper om de f\u00f6rebyggande insatser som kan f\u00f6rhindra allvarliga h\u00e4ndelser, st\u00e4rka skydd och minska risken f\u00f6r en negativ utveckling. Utbildningen beskriver myndighetssamverkan, hur det g\u00e5r till att g\u00f6ra orosanm\u00e4lan och polisanm\u00e4lan, hur socialtj\u00e4nsten handl\u00e4gger \u00e4renden samt r\u00e4ttsv\u00e4sendets ansvar f\u00f6r unga som \u00e4r misst\u00e4nkta f\u00f6r sexualbrott.&nbsp;&nbsp;<\/p>\n\n\n\n<p>N\u00e4r du har genomf\u00f6rt utbildningen skickar vi en utv\u00e4rderingsenk\u00e4t till dig via e-post. Vi uppskattar om du svarar p\u00e5 enk\u00e4ten eftersom det hj\u00e4lper oss att vidareutveckla utbildningens inneh\u00e5ll och det pedagogiska uppl\u00e4gget. Om du har fr\u00e5gor om utbildningen \u00e4r du v\u00e4lkommen att kontakta Barnafrid via e-post:\u00a0<a href=\"mailto:barnafrid@liu.se\" target=\"_blank\" rel=\"noreferrer noopener\">barnafrid@liu.se<\/a>.\u00a0<\/p>\n","protected":false},"excerpt":{"rendered":"<p>Utbildningen\u00a0Barn och unga med sexuella beteendeproblem,\u00a0\u00e4r f\u00f6r dig som arbetar inom h\u00e4lso- och sjukv\u00e5rd, socialtj\u00e4nsten och barnahus. Utbildningen \u00e4r \u00e4ven till f\u00f6r dig som arbetar inom andra offentliga eller privata institutioner inklusive SiS (statens institutionsstyrelse) s\u00e4rskilda ungdomshem och elevh\u00e4lsa, f\u00f6rskola eller skola samt r\u00e4ttsv\u00e4sendet.\u00a0\u00a0 Den h\u00e4r utbildningen syftar till att ge dig kunskap, f\u00e4rdigheter och [&hellip;]<\/p>\n","protected":false},"author":10518,"featured_media":0,"parent":9736,"menu_order":0,"comment_status":"closed","ping_status":"closed","template":"page-centered.php","meta":{"h5ap_radio_sources":[],"footnotes":""},"role":[],"class_list":["post-15174","page","type-page","status-publish","hentry"],"yoast_head":"<!-- This site is optimized with the Yoast SEO plugin v27.5 - https:\/\/yoast.com\/product\/yoast-seo-wordpress\/ -->\n<title>Om utbildningen - Barnafrid<\/title>\n<meta name=\"robots\" content=\"index, follow, max-snippet:-1, max-image-preview:large, max-video-preview:-1\" \/>\n<link rel=\"canonical\" href=\"https:\/\/barnafrid.se\/kunskapsportal\/barn-och-unga-med-sexuella-beteendeproblem\/om-utbildningen\/\" \/>\n<meta property=\"og:locale\" content=\"sv_SE\" \/>\n<meta property=\"og:type\" content=\"article\" \/>\n<meta property=\"og:title\" content=\"Om utbildningen - Barnafrid\" \/>\n<meta property=\"og:description\" content=\"Utbildningen\u00a0Barn och unga med sexuella beteendeproblem,\u00a0\u00e4r f\u00f6r dig som arbetar inom h\u00e4lso- och sjukv\u00e5rd, socialtj\u00e4nsten och barnahus. Utbildningen \u00e4r \u00e4ven till f\u00f6r dig som arbetar inom andra offentliga eller privata institutioner inklusive SiS (statens institutionsstyrelse) s\u00e4rskilda ungdomshem och elevh\u00e4lsa, f\u00f6rskola eller skola samt r\u00e4ttsv\u00e4sendet.\u00a0\u00a0 Den h\u00e4r utbildningen syftar till att ge dig kunskap, f\u00e4rdigheter och [&hellip;]\" \/>\n<meta property=\"og:url\" content=\"https:\/\/barnafrid.se\/kunskapsportal\/barn-och-unga-med-sexuella-beteendeproblem\/om-utbildningen\/\" \/>\n<meta property=\"og:site_name\" content=\"Barnafrid\" \/>\n<meta property=\"article:modified_time\" content=\"2025-03-25T08:54:55+00:00\" \/>\n<meta name=\"twitter:card\" content=\"summary_large_image\" \/>\n<meta name=\"twitter:label1\" content=\"Ber\u00e4knad l\u00e4stid\" \/>\n\t<meta name=\"twitter:data1\" content=\"2 minuter\" \/>\n<script type=\"application\/ld+json\" class=\"yoast-schema-graph\">{\"@context\":\"https:\\\/\\\/schema.org\",\"@graph\":[{\"@type\":\"WebPage\",\"@id\":\"https:\\\/\\\/barnafrid.se\\\/kunskapsportal\\\/barn-och-unga-med-sexuella-beteendeproblem\\\/om-utbildningen\\\/\",\"url\":\"https:\\\/\\\/barnafrid.se\\\/kunskapsportal\\\/barn-och-unga-med-sexuella-beteendeproblem\\\/om-utbildningen\\\/\",\"name\":\"Om utbildningen - Barnafrid\",\"isPartOf\":{\"@id\":\"https:\\\/\\\/barnafrid.se\\\/kunskapsportal\\\/#website\"},\"datePublished\":\"2025-03-25T08:54:36+00:00\",\"dateModified\":\"2025-03-25T08:54:55+00:00\",\"breadcrumb\":{\"@id\":\"https:\\\/\\\/barnafrid.se\\\/kunskapsportal\\\/barn-och-unga-med-sexuella-beteendeproblem\\\/om-utbildningen\\\/#breadcrumb\"},\"inLanguage\":\"sv-SE\",\"potentialAction\":[{\"@type\":\"ReadAction\",\"target\":[\"https:\\\/\\\/barnafrid.se\\\/kunskapsportal\\\/barn-och-unga-med-sexuella-beteendeproblem\\\/om-utbildningen\\\/\"]}]},{\"@type\":\"BreadcrumbList\",\"@id\":\"https:\\\/\\\/barnafrid.se\\\/kunskapsportal\\\/barn-och-unga-med-sexuella-beteendeproblem\\\/om-utbildningen\\\/#breadcrumb\",\"itemListElement\":[{\"@type\":\"ListItem\",\"position\":1,\"name\":\"Home\",\"item\":\"https:\\\/\\\/barnafrid.se\\\/kunskapsportal\\\/\"},{\"@type\":\"ListItem\",\"position\":2,\"name\":\"Barn och unga med sexuella beteendeproblem\",\"item\":\"https:\\\/\\\/barnafrid.se\\\/kunskapsportal\\\/barn-och-unga-med-sexuella-beteendeproblem\\\/\"},{\"@type\":\"ListItem\",\"position\":3,\"name\":\"Om utbildningen\"}]},{\"@type\":\"WebSite\",\"@id\":\"https:\\\/\\\/barnafrid.se\\\/kunskapsportal\\\/#website\",\"url\":\"https:\\\/\\\/barnafrid.se\\\/kunskapsportal\\\/\",\"name\":\"Barnafrid\",\"description\":\"Kunskapsportal om v\u00e5ld mot barn\",\"potentialAction\":[{\"@type\":\"SearchAction\",\"target\":{\"@type\":\"EntryPoint\",\"urlTemplate\":\"https:\\\/\\\/barnafrid.se\\\/kunskapsportal\\\/?s={search_term_string}\"},\"query-input\":{\"@type\":\"PropertyValueSpecification\",\"valueRequired\":true,\"valueName\":\"search_term_string\"}}],\"inLanguage\":\"sv-SE\"}]}<\/script>\n<!-- \/ Yoast SEO plugin. -->","yoast_head_json":{"title":"Om utbildningen - Barnafrid","robots":{"index":"index","follow":"follow","max-snippet":"max-snippet:-1","max-image-preview":"max-image-preview:large","max-video-preview":"max-video-preview:-1"},"canonical":"https:\/\/barnafrid.se\/kunskapsportal\/barn-och-unga-med-sexuella-beteendeproblem\/om-utbildningen\/","og_locale":"sv_SE","og_type":"article","og_title":"Om utbildningen - Barnafrid","og_description":"Utbildningen\u00a0Barn och unga med sexuella beteendeproblem,\u00a0\u00e4r f\u00f6r dig som arbetar inom h\u00e4lso- och sjukv\u00e5rd, socialtj\u00e4nsten och barnahus. Utbildningen \u00e4r \u00e4ven till f\u00f6r dig som arbetar inom andra offentliga eller privata institutioner inklusive SiS (statens institutionsstyrelse) s\u00e4rskilda ungdomshem och elevh\u00e4lsa, f\u00f6rskola eller skola samt r\u00e4ttsv\u00e4sendet.\u00a0\u00a0 Den h\u00e4r utbildningen syftar till att ge dig kunskap, f\u00e4rdigheter och [&hellip;]","og_url":"https:\/\/barnafrid.se\/kunskapsportal\/barn-och-unga-med-sexuella-beteendeproblem\/om-utbildningen\/","og_site_name":"Barnafrid","article_modified_time":"2025-03-25T08:54:55+00:00","twitter_card":"summary_large_image","twitter_misc":{"Ber\u00e4knad l\u00e4stid":"2 minuter"},"schema":{"@context":"https:\/\/schema.org","@graph":[{"@type":"WebPage","@id":"https:\/\/barnafrid.se\/kunskapsportal\/barn-och-unga-med-sexuella-beteendeproblem\/om-utbildningen\/","url":"https:\/\/barnafrid.se\/kunskapsportal\/barn-och-unga-med-sexuella-beteendeproblem\/om-utbildningen\/","name":"Om utbildningen - Barnafrid","isPartOf":{"@id":"https:\/\/barnafrid.se\/kunskapsportal\/#website"},"datePublished":"2025-03-25T08:54:36+00:00","dateModified":"2025-03-25T08:54:55+00:00","breadcrumb":{"@id":"https:\/\/barnafrid.se\/kunskapsportal\/barn-och-unga-med-sexuella-beteendeproblem\/om-utbildningen\/#breadcrumb"},"inLanguage":"sv-SE","potentialAction":[{"@type":"ReadAction","target":["https:\/\/barnafrid.se\/kunskapsportal\/barn-och-unga-med-sexuella-beteendeproblem\/om-utbildningen\/"]}]},{"@type":"BreadcrumbList","@id":"https:\/\/barnafrid.se\/kunskapsportal\/barn-och-unga-med-sexuella-beteendeproblem\/om-utbildningen\/#breadcrumb","itemListElement":[{"@type":"ListItem","position":1,"name":"Home","item":"https:\/\/barnafrid.se\/kunskapsportal\/"},{"@type":"ListItem","position":2,"name":"Barn och unga med sexuella beteendeproblem","item":"https:\/\/barnafrid.se\/kunskapsportal\/barn-och-unga-med-sexuella-beteendeproblem\/"},{"@type":"ListItem","position":3,"name":"Om utbildningen"}]},{"@type":"WebSite","@id":"https:\/\/barnafrid.se\/kunskapsportal\/#website","url":"https:\/\/barnafrid.se\/kunskapsportal\/","name":"Barnafrid","description":"Kunskapsportal om v\u00e5ld mot barn","potentialAction":[{"@type":"SearchAction","target":{"@type":"EntryPoint","urlTemplate":"https:\/\/barnafrid.se\/kunskapsportal\/?s={search_term_string}"},"query-input":{"@type":"PropertyValueSpecification","valueRequired":true,"valueName":"search_term_string"}}],"inLanguage":"sv-SE"}]}},"_links":{"self":[{"href":"https:\/\/barnafrid.se\/kunskapsportal\/wp-json\/wp\/v2\/pages\/15174","targetHints":{"allow":["GET"]}}],"collection":[{"href":"https:\/\/barnafrid.se\/kunskapsportal\/wp-json\/wp\/v2\/pages"}],"about":[{"href":"https:\/\/barnafrid.se\/kunskapsportal\/wp-json\/wp\/v2\/types\/page"}],"author":[{"embeddable":true,"href":"https:\/\/barnafrid.se\/kunskapsportal\/wp-json\/wp\/v2\/users\/10518"}],"replies":[{"embeddable":true,"href":"https:\/\/barnafrid.se\/kunskapsportal\/wp-json\/wp\/v2\/comments?post=15174"}],"version-history":[{"count":1,"href":"https:\/\/barnafrid.se\/kunskapsportal\/wp-json\/wp\/v2\/pages\/15174\/revisions"}],"predecessor-version":[{"id":15175,"href":"https:\/\/barnafrid.se\/kunskapsportal\/wp-json\/wp\/v2\/pages\/15174\/revisions\/15175"}],"up":[{"embeddable":true,"href":"https:\/\/barnafrid.se\/kunskapsportal\/wp-json\/wp\/v2\/pages\/9736"}],"wp:attachment":[{"href":"https:\/\/barnafrid.se\/kunskapsportal\/wp-json\/wp\/v2\/media?parent=15174"}],"wp:term":[{"taxonomy":"role","embeddable":true,"href":"https:\/\/barnafrid.se\/kunskapsportal\/wp-json\/wp\/v2\/role?post=15174"}],"curies":[{"name":"wp","href":"https:\/\/api.w.org\/{rel}","templated":true}]}}