{"id":15170,"date":"2025-03-25T09:51:42","date_gmt":"2025-03-25T08:51:42","guid":{"rendered":"https:\/\/barnafrid.se\/kunskapsportal\/?page_id=15170"},"modified":"2025-03-25T17:49:27","modified_gmt":"2025-03-25T16:49:27","slug":"tack-till-medverkande-organisationer-och-experter","status":"publish","type":"page","link":"https:\/\/barnafrid.se\/kunskapsportal\/barn-och-unga-med-sexuella-beteendeproblem\/tack-till-medverkande-organisationer-och-experter\/","title":{"rendered":"Tack till medverkande organisationer och experter\u00a0"},"content":{"rendered":"\n<p>Vi vill rikta ett stort tack till de m\u00e5nga personer som varit involverade vid framtagande av utbildningen fr\u00e5n regioner, kommuner, universitet, myndigheter, barnahus och civilsamh\u00e4lle, och som p\u00e5 ett ov\u00e4rderligt s\u00e4tt har bidragit med kunskap, synpunkter och f\u00f6rslag:&nbsp;<\/p>\n\n\n\n<ul class=\"List\">\n<li class=\"List-item\">Karolinska institutet\u202f\u202f&nbsp;<\/li>\n\n\n\n<li class=\"List-item\">Linn\u00e9universitetet\u202f&nbsp;<\/li>\n\n\n\n<li class=\"List-item\">Socialstyrelsen&nbsp;<\/li>\n\n\n\n<li class=\"List-item\">Sveriges kommuner och regioner, Uppdrag psykisk h\u00e4lsa&nbsp;<\/li>\n\n\n\n<li class=\"List-item\">Barnahus Link\u00f6ping&nbsp;<\/li>\n\n\n\n<li class=\"List-item\">Barnahus Stockholm&nbsp;<\/li>\n\n\n\n<li class=\"List-item\">Barnahus Lund\u202f&nbsp;<\/li>\n\n\n\n<li class=\"List-item\">BUP Traumaenhet, Region Stockholm\u202f&nbsp;<\/li>\n\n\n\n<li class=\"List-item\">Traumamottagningen Elefanten BUP, Region \u00d6sterg\u00f6tland\u202f&nbsp;<\/li>\n\n\n\n<li class=\"List-item\">BUP, Region J\u00e4mtland H\u00e4rjedalen&nbsp;<\/li>\n\n\n\n<li class=\"List-item\">BUP, V\u00e4stra G\u00f6taland&nbsp;<\/li>\n\n\n\n<li class=\"List-item\">F\u00f6rsta linjen, Gustavsbergs v\u00e5rdcentral, Region Stockholm&nbsp;<\/li>\n\n\n\n<li class=\"List-item\">Socialtj\u00e4nsten vid enheter f\u00f6r familjebehandling, barn och familj&nbsp;<\/li>\n\n\n\n<li class=\"List-item\">Polismyndigheten&nbsp;&nbsp;<\/li>\n\n\n\n<li class=\"List-item\">\u00c5klagarmyndigheten&nbsp;<\/li>\n\n\n\n<li class=\"List-item\">Kriminalv\u00e5rden&nbsp;<\/li>\n\n\n\n<li class=\"List-item\">Skolverket&nbsp;<\/li>\n\n\n\n<li class=\"List-item\">Barnombudsmannen\u202f&nbsp;<\/li>\n\n\n\n<li class=\"List-item\">Balansgruppen AB&nbsp;<\/li>\n\n\n\n<li class=\"List-item\">Humana&nbsp;<\/li>\n\n\n\n<li class=\"List-item\">Statens institutionsstyrelse&nbsp;&nbsp;<\/li>\n\n\n\n<li class=\"List-item\">M\u00c4N&nbsp;&nbsp;<\/li>\n\n\n\n<li class=\"List-item\">R\u00e4dda Barnen, Centrum f\u00f6r st\u00f6d och behandling&nbsp;<\/li>\n<\/ul>\n\n\n\n<p>Vi vill rikta ett s\u00e4rskilt tack till nationella och internationella experter och medverkande f\u00f6r engagemang och specialistkunskap; Petra Bergendal, Elisabeth Dahlin, Cecilia Fielding, Simon Hackett, Mia J\u00f6rgensen, Cecilia Kjellgren, Emily Klagsbrun Lebenswerd, Elizabeth Letourneau, Niklas L\u00e5ngstr\u00f6m, Maria Refors, Helena St\u00e5lhammar, Britt-Louise Viklund och Malin \u00d6hman.\u00a0\u00a0<\/p>\n\n\n\n<p>Varmt tack \u00e4ven till de sk\u00e5despelare som deltagit i modellrollspelen, b\u00e5de barn och vuxna.&nbsp;<\/p>\n\n\n\n<p>Sist men inte minst, ett stort tack till Anette Birgersson auktoriserad socionom, legitimerad psykoterapeut och doktorand vid Marie Cederschi\u00f6ld h\u00f6gskola. Anette har bidragit med sin expertis och deltagit i skrivarbetet g\u00e4llande delar av kapitel 3, 6, 8, 9 under november 2022 \u2013 mars 2023.\u00a0\u00a0<\/p>\n","protected":false},"excerpt":{"rendered":"<p>Vi vill rikta ett stort tack till de m\u00e5nga personer som varit involverade vid framtagande av utbildningen fr\u00e5n regioner, kommuner, universitet, myndigheter, barnahus och civilsamh\u00e4lle, och som p\u00e5 ett ov\u00e4rderligt s\u00e4tt har bidragit med kunskap, synpunkter och f\u00f6rslag:&nbsp; Vi vill rikta ett s\u00e4rskilt tack till nationella och internationella experter och medverkande f\u00f6r engagemang och specialistkunskap; [&hellip;]<\/p>\n","protected":false},"author":10518,"featured_media":0,"parent":9736,"menu_order":0,"comment_status":"closed","ping_status":"closed","template":"page-centered.php","meta":{"h5ap_radio_sources":[],"footnotes":""},"role":[],"class_list":["post-15170","page","type-page","status-publish","hentry"],"yoast_head":"<!-- This site is optimized with the Yoast SEO plugin v27.5 - https:\/\/yoast.com\/product\/yoast-seo-wordpress\/ -->\n<title>Tack till medverkande organisationer och experter\u00a0 - Barnafrid<\/title>\n<meta name=\"robots\" content=\"index, follow, max-snippet:-1, max-image-preview:large, max-video-preview:-1\" \/>\n<link rel=\"canonical\" href=\"https:\/\/barnafrid.se\/kunskapsportal\/barn-och-unga-med-sexuella-beteendeproblem\/tack-till-medverkande-organisationer-och-experter\/\" \/>\n<meta property=\"og:locale\" content=\"sv_SE\" \/>\n<meta property=\"og:type\" content=\"article\" \/>\n<meta property=\"og:title\" content=\"Tack till medverkande organisationer och experter\u00a0 - Barnafrid\" \/>\n<meta property=\"og:description\" content=\"Vi vill rikta ett stort tack till de m\u00e5nga personer som varit involverade vid framtagande av utbildningen fr\u00e5n regioner, kommuner, universitet, myndigheter, barnahus och civilsamh\u00e4lle, och som p\u00e5 ett ov\u00e4rderligt s\u00e4tt har bidragit med kunskap, synpunkter och f\u00f6rslag:&nbsp; Vi vill rikta ett s\u00e4rskilt tack till nationella och internationella experter och medverkande f\u00f6r engagemang och specialistkunskap; [&hellip;]\" \/>\n<meta property=\"og:url\" content=\"https:\/\/barnafrid.se\/kunskapsportal\/barn-och-unga-med-sexuella-beteendeproblem\/tack-till-medverkande-organisationer-och-experter\/\" \/>\n<meta property=\"og:site_name\" content=\"Barnafrid\" \/>\n<meta property=\"article:modified_time\" content=\"2025-03-25T16:49:27+00:00\" \/>\n<meta name=\"twitter:card\" content=\"summary_large_image\" \/>\n<meta name=\"twitter:label1\" content=\"Ber\u00e4knad l\u00e4stid\" \/>\n\t<meta name=\"twitter:data1\" content=\"2 minuter\" \/>\n<script type=\"application\/ld+json\" class=\"yoast-schema-graph\">{\"@context\":\"https:\\\/\\\/schema.org\",\"@graph\":[{\"@type\":\"WebPage\",\"@id\":\"https:\\\/\\\/barnafrid.se\\\/kunskapsportal\\\/barn-och-unga-med-sexuella-beteendeproblem\\\/tack-till-medverkande-organisationer-och-experter\\\/\",\"url\":\"https:\\\/\\\/barnafrid.se\\\/kunskapsportal\\\/barn-och-unga-med-sexuella-beteendeproblem\\\/tack-till-medverkande-organisationer-och-experter\\\/\",\"name\":\"Tack till medverkande organisationer och experter\u00a0 - Barnafrid\",\"isPartOf\":{\"@id\":\"https:\\\/\\\/barnafrid.se\\\/kunskapsportal\\\/#website\"},\"datePublished\":\"2025-03-25T08:51:42+00:00\",\"dateModified\":\"2025-03-25T16:49:27+00:00\",\"breadcrumb\":{\"@id\":\"https:\\\/\\\/barnafrid.se\\\/kunskapsportal\\\/barn-och-unga-med-sexuella-beteendeproblem\\\/tack-till-medverkande-organisationer-och-experter\\\/#breadcrumb\"},\"inLanguage\":\"sv-SE\",\"potentialAction\":[{\"@type\":\"ReadAction\",\"target\":[\"https:\\\/\\\/barnafrid.se\\\/kunskapsportal\\\/barn-och-unga-med-sexuella-beteendeproblem\\\/tack-till-medverkande-organisationer-och-experter\\\/\"]}]},{\"@type\":\"BreadcrumbList\",\"@id\":\"https:\\\/\\\/barnafrid.se\\\/kunskapsportal\\\/barn-och-unga-med-sexuella-beteendeproblem\\\/tack-till-medverkande-organisationer-och-experter\\\/#breadcrumb\",\"itemListElement\":[{\"@type\":\"ListItem\",\"position\":1,\"name\":\"Home\",\"item\":\"https:\\\/\\\/barnafrid.se\\\/kunskapsportal\\\/\"},{\"@type\":\"ListItem\",\"position\":2,\"name\":\"Barn och unga med sexuella beteendeproblem\",\"item\":\"https:\\\/\\\/barnafrid.se\\\/kunskapsportal\\\/barn-och-unga-med-sexuella-beteendeproblem\\\/\"},{\"@type\":\"ListItem\",\"position\":3,\"name\":\"Tack till medverkande organisationer och experter\u00a0\"}]},{\"@type\":\"WebSite\",\"@id\":\"https:\\\/\\\/barnafrid.se\\\/kunskapsportal\\\/#website\",\"url\":\"https:\\\/\\\/barnafrid.se\\\/kunskapsportal\\\/\",\"name\":\"Barnafrid\",\"description\":\"Kunskapsportal om v\u00e5ld mot barn\",\"potentialAction\":[{\"@type\":\"SearchAction\",\"target\":{\"@type\":\"EntryPoint\",\"urlTemplate\":\"https:\\\/\\\/barnafrid.se\\\/kunskapsportal\\\/?s={search_term_string}\"},\"query-input\":{\"@type\":\"PropertyValueSpecification\",\"valueRequired\":true,\"valueName\":\"search_term_string\"}}],\"inLanguage\":\"sv-SE\"}]}<\/script>\n<!-- \/ Yoast SEO plugin. -->","yoast_head_json":{"title":"Tack till medverkande organisationer och experter\u00a0 - Barnafrid","robots":{"index":"index","follow":"follow","max-snippet":"max-snippet:-1","max-image-preview":"max-image-preview:large","max-video-preview":"max-video-preview:-1"},"canonical":"https:\/\/barnafrid.se\/kunskapsportal\/barn-och-unga-med-sexuella-beteendeproblem\/tack-till-medverkande-organisationer-och-experter\/","og_locale":"sv_SE","og_type":"article","og_title":"Tack till medverkande organisationer och experter\u00a0 - Barnafrid","og_description":"Vi vill rikta ett stort tack till de m\u00e5nga personer som varit involverade vid framtagande av utbildningen fr\u00e5n regioner, kommuner, universitet, myndigheter, barnahus och civilsamh\u00e4lle, och som p\u00e5 ett ov\u00e4rderligt s\u00e4tt har bidragit med kunskap, synpunkter och f\u00f6rslag:&nbsp; Vi vill rikta ett s\u00e4rskilt tack till nationella och internationella experter och medverkande f\u00f6r engagemang och specialistkunskap; [&hellip;]","og_url":"https:\/\/barnafrid.se\/kunskapsportal\/barn-och-unga-med-sexuella-beteendeproblem\/tack-till-medverkande-organisationer-och-experter\/","og_site_name":"Barnafrid","article_modified_time":"2025-03-25T16:49:27+00:00","twitter_card":"summary_large_image","twitter_misc":{"Ber\u00e4knad l\u00e4stid":"2 minuter"},"schema":{"@context":"https:\/\/schema.org","@graph":[{"@type":"WebPage","@id":"https:\/\/barnafrid.se\/kunskapsportal\/barn-och-unga-med-sexuella-beteendeproblem\/tack-till-medverkande-organisationer-och-experter\/","url":"https:\/\/barnafrid.se\/kunskapsportal\/barn-och-unga-med-sexuella-beteendeproblem\/tack-till-medverkande-organisationer-och-experter\/","name":"Tack till medverkande organisationer och experter\u00a0 - Barnafrid","isPartOf":{"@id":"https:\/\/barnafrid.se\/kunskapsportal\/#website"},"datePublished":"2025-03-25T08:51:42+00:00","dateModified":"2025-03-25T16:49:27+00:00","breadcrumb":{"@id":"https:\/\/barnafrid.se\/kunskapsportal\/barn-och-unga-med-sexuella-beteendeproblem\/tack-till-medverkande-organisationer-och-experter\/#breadcrumb"},"inLanguage":"sv-SE","potentialAction":[{"@type":"ReadAction","target":["https:\/\/barnafrid.se\/kunskapsportal\/barn-och-unga-med-sexuella-beteendeproblem\/tack-till-medverkande-organisationer-och-experter\/"]}]},{"@type":"BreadcrumbList","@id":"https:\/\/barnafrid.se\/kunskapsportal\/barn-och-unga-med-sexuella-beteendeproblem\/tack-till-medverkande-organisationer-och-experter\/#breadcrumb","itemListElement":[{"@type":"ListItem","position":1,"name":"Home","item":"https:\/\/barnafrid.se\/kunskapsportal\/"},{"@type":"ListItem","position":2,"name":"Barn och unga med sexuella beteendeproblem","item":"https:\/\/barnafrid.se\/kunskapsportal\/barn-och-unga-med-sexuella-beteendeproblem\/"},{"@type":"ListItem","position":3,"name":"Tack till medverkande organisationer och experter\u00a0"}]},{"@type":"WebSite","@id":"https:\/\/barnafrid.se\/kunskapsportal\/#website","url":"https:\/\/barnafrid.se\/kunskapsportal\/","name":"Barnafrid","description":"Kunskapsportal om v\u00e5ld mot barn","potentialAction":[{"@type":"SearchAction","target":{"@type":"EntryPoint","urlTemplate":"https:\/\/barnafrid.se\/kunskapsportal\/?s={search_term_string}"},"query-input":{"@type":"PropertyValueSpecification","valueRequired":true,"valueName":"search_term_string"}}],"inLanguage":"sv-SE"}]}},"_links":{"self":[{"href":"https:\/\/barnafrid.se\/kunskapsportal\/wp-json\/wp\/v2\/pages\/15170","targetHints":{"allow":["GET"]}}],"collection":[{"href":"https:\/\/barnafrid.se\/kunskapsportal\/wp-json\/wp\/v2\/pages"}],"about":[{"href":"https:\/\/barnafrid.se\/kunskapsportal\/wp-json\/wp\/v2\/types\/page"}],"author":[{"embeddable":true,"href":"https:\/\/barnafrid.se\/kunskapsportal\/wp-json\/wp\/v2\/users\/10518"}],"replies":[{"embeddable":true,"href":"https:\/\/barnafrid.se\/kunskapsportal\/wp-json\/wp\/v2\/comments?post=15170"}],"version-history":[{"count":4,"href":"https:\/\/barnafrid.se\/kunskapsportal\/wp-json\/wp\/v2\/pages\/15170\/revisions"}],"predecessor-version":[{"id":15191,"href":"https:\/\/barnafrid.se\/kunskapsportal\/wp-json\/wp\/v2\/pages\/15170\/revisions\/15191"}],"up":[{"embeddable":true,"href":"https:\/\/barnafrid.se\/kunskapsportal\/wp-json\/wp\/v2\/pages\/9736"}],"wp:attachment":[{"href":"https:\/\/barnafrid.se\/kunskapsportal\/wp-json\/wp\/v2\/media?parent=15170"}],"wp:term":[{"taxonomy":"role","embeddable":true,"href":"https:\/\/barnafrid.se\/kunskapsportal\/wp-json\/wp\/v2\/role?post=15170"}],"curies":[{"name":"wp","href":"https:\/\/api.w.org\/{rel}","templated":true}]}}