{"id":13871,"date":"2025-02-17T09:08:05","date_gmt":"2025-02-17T08:08:05","guid":{"rendered":"https:\/\/barnafrid.se\/kunskapsportal\/?page_id=13871"},"modified":"2025-02-17T09:11:01","modified_gmt":"2025-02-17T08:11:01","slug":"innan-du-utbildar-i-gruppspar-forskola","status":"publish","type":"page","link":"https:\/\/barnafrid.se\/kunskapsportal\/innan-du-utbildar-i-gruppspar-forskola\/","title":{"rendered":"Innan du utbildar i gruppsp\u00e5r f\u00f6rskola"},"content":{"rendered":"\n<p>Innan du p\u00e5b\u00f6rjar att utbilda i gruppsp\u00e5r f\u00f6rskola ber vi dig fylla i f\u00f6ljande formul\u00e4r. <\/p>\n\n\n\n<div class=\"forminator-guttenberg\"><div class=\"forminator-ui forminator-custom-form forminator-custom-form-13578 forminator-design--default  forminator_ajax\" data-forminator-render=\"0\" data-form=\"forminator-module-13578\" data-uid=\"69f3294452cbb\"><br\/><\/div><form\n\t\t\t\tid=\"forminator-module-13578\"\n\t\t\t\tclass=\"forminator-ui forminator-custom-form forminator-custom-form-13578 forminator-design--default  forminator_ajax\"\n\t\t\t\tmethod=\"post\"\n\t\t\t\tdata-forminator-render=\"0\"\n\t\t\t\tdata-form-id=\"13578\"\n\t\t\t\t data-color-option=\"theme\" data-design=\"default\" data-grid=\"open\" style=\"display: none;\"\n\t\t\t\tdata-uid=\"69f3294452cbb\"\n\t\t\t><div role=\"alert\" aria-live=\"polite\" class=\"forminator-response-message forminator-error\" aria-hidden=\"true\"><\/div><div class=\"forminator-row\"><div id=\"name-2\" class=\"forminator-field-name forminator-col forminator-col-12 \"><div class=\"forminator-field\"><label for=\"forminator-field-name-2_69f3294452cbb\" id=\"forminator-field-name-2_69f3294452cbb-label\" class=\"forminator-label\">Yrkestitel<\/label><input type=\"text\" name=\"name-2\" value=\"\" placeholder=\"T.ex. F\u00f6rskolel\u00e4rare\" id=\"forminator-field-name-2_69f3294452cbb\" class=\"forminator-input forminator-name--field\" aria-required=\"false\" autocomplete=\"name\" \/><\/div><\/div><\/div><div class=\"forminator-row\"><div id=\"name-1\" class=\"forminator-field-name forminator-col forminator-col-12 \"><div class=\"forminator-field\"><label for=\"forminator-field-name-1_69f3294452cbb\" id=\"forminator-field-name-1_69f3294452cbb-label\" class=\"forminator-label\">Kommun <span class=\"forminator-required\">*<\/span><\/label><input type=\"text\" name=\"name-1\" value=\"\" placeholder=\"T.ex. Link\u00f6pings kommun\" id=\"forminator-field-name-1_69f3294452cbb\" class=\"forminator-input forminator-name--field\" aria-required=\"true\" autocomplete=\"name\" \/><\/div><\/div><\/div><div class=\"forminator-row\"><div id=\"email-1\" class=\"forminator-field-email forminator-col forminator-col-12 \"><div class=\"forminator-field\"><label for=\"forminator-field-email-1_69f3294452cbb\" id=\"forminator-field-email-1_69f3294452cbb-label\" class=\"forminator-label\">Email <span class=\"forminator-required\">*<\/span><\/label><input type=\"email\" name=\"email-1\" value=\"\" placeholder=\"T.ex. f\u00f6rnamn.efternamn@organisation.se\" id=\"forminator-field-email-1_69f3294452cbb\" class=\"forminator-input forminator-email--field\" data-required=\"true\" aria-required=\"true\" autocomplete=\"email\" \/><\/div><\/div><\/div><div class=\"forminator-row\"><div id=\"number-1\" class=\"forminator-field-number forminator-col forminator-col-12 \"><div class=\"forminator-field\"><label for=\"forminator-field-number-1_69f3294452cbb\" id=\"forminator-field-number-1_69f3294452cbb-label\" class=\"forminator-label\">F\u00f6rv\u00e4ntat antal som ska utbildas<\/label><input name=\"number-1\" value=\"\" placeholder=\"T.ex. 15\" id=\"forminator-field-number-1_69f3294452cbb\" class=\"forminator-input forminator-number--field\" inputmode=\"decimal\" data-required=\"\" data-decimals=\"0\" aria-required=\"false\" data-inputmask=\"&#039;groupSeparator&#039;: &#039;&#039;, &#039;radixPoint&#039;: &#039;&#039;, &#039;digits&#039;: &#039;0&#039;\" data-hidden-behavior=\"zero\" type=\"number\" step=\"any\" min=\"1\" max=\"5000\" \/><\/div><\/div><\/div><div class=\"forminator-row\"><div id=\"consent-1\" class=\"forminator-field-consent forminator-col forminator-col-12 \"><div class=\"forminator-field\"><label for=\"forminator-field-consent-1_69f3294452cbb\" id=\"forminator-field-consent-1_69f3294452cbb-label\" class=\"forminator-label\">Behandling av personuppgifter <span class=\"forminator-required\">*<\/span><\/label><div class=\"forminator-checkbox__wrapper\"><label id=\"forminator-field-consent-1_69f3294452cbb__label\" class=\"forminator-checkbox forminator-consent\"><input type=\"checkbox\" name=\"consent-1\" id=\"forminator-field-consent-1_69f3294452cbb\" value=\"checked\" aria-labelledby=\"forminator-field-consent-1_69f3294452cbb-label\" aria-describedby=\"forminator-field-consent-1_69f3294452cbb__description\" data-required=\"true\" aria-required=\"true\" \/><span class=\"forminator-checkbox-box\" aria-hidden=\"true\"><\/span><\/label><div id=\"forminator-field-consent-1_69f3294452cbb__description\" class=\"forminator-checkbox__label forminator-consent__label\"><p>Ja, jag samtycker till att Link\u00f6pings universitet hanterar mina personuppgifter i form av emailadress. <a href=\"https:\/\/liu.se\/artikel\/integritetspolicy-liu\">L\u00e4s mer hur Link\u00f6pings universitet behandlar personuppgifter h\u00e4r.<\/a><\/p><\/div><\/div><\/div><\/div><\/div><input type=\"hidden\" name=\"referer_url\" value=\"\" \/><div class=\"forminator-row forminator-row-last\"><div class=\"forminator-col\"><div class=\"forminator-field\"><button class=\"forminator-button forminator-button-submit\">Skicka meddelande<\/button><\/div><\/div><\/div><input type=\"hidden\" id=\"forminator_nonce\" name=\"forminator_nonce\" value=\"3b4c497d35\" \/><input type=\"hidden\" name=\"_wp_http_referer\" value=\"\/kunskapsportal\/wp-json\/wp\/v2\/pages\/13871\" \/><input type=\"hidden\" name=\"form_id\" value=\"13578\"><input type=\"hidden\" name=\"page_id\" value=\"13871\"><input type=\"hidden\" name=\"form_type\" value=\"default\"><input type=\"hidden\" name=\"current_url\" value=\"https:\/\/barnafrid.se\/kunskapsportal\/innan-du-utbildar-i-gruppspar-forskola\/\"><input type=\"hidden\" name=\"render_id\" value=\"0\"><input type=\"hidden\" name=\"action\" value=\"forminator_submit_form_custom-forms\"><label for=\"input_6\" class=\"forminator-hidden\" aria-hidden=\"true\">Please do not fill in this field. <input id=\"input_6\" type=\"text\" name=\"input_6\" value=\"\" autocomplete=\"off\"><\/label><\/form><\/div>\n\n\n\n<p>Tack f\u00f6r att du \u00e4r med och bidrar! Har du fr\u00e5gor, v\u00e4nligen kontakta ann-charlotte.munger(at)liu.s<\/p>\n\n\n\n<p><a href=\"https:\/\/barnafrid.se\/kunskapsportal\/startsida\/barnafrids-utbildningar\/basprogram-om-vald-mot-barn-och-unga-gruppspar-forskola-2\/gruppspar-forskola\/\">Tillbaka till Gruppsp\u00e5r f\u00f6rskola >><\/a><\/p>\n","protected":false},"excerpt":{"rendered":"<p>Innan du p\u00e5b\u00f6rjar att utbilda i gruppsp\u00e5r f\u00f6rskola ber vi dig fylla i f\u00f6ljande formul\u00e4r. Tack f\u00f6r att du \u00e4r med och bidrar! Har du fr\u00e5gor, v\u00e4nligen kontakta ann-charlotte.munger(at)liu.s Tillbaka till Gruppsp\u00e5r f\u00f6rskola >><\/p>\n","protected":false},"author":10518,"featured_media":0,"parent":0,"menu_order":0,"comment_status":"closed","ping_status":"closed","template":"page-centered.php","meta":{"h5ap_radio_sources":[],"footnotes":""},"role":[],"class_list":["post-13871","page","type-page","status-publish","hentry"],"yoast_head":"<!-- This site is optimized with the Yoast SEO plugin v27.5 - https:\/\/yoast.com\/product\/yoast-seo-wordpress\/ -->\n<title>Innan du utbildar i gruppsp\u00e5r f\u00f6rskola - Barnafrid<\/title>\n<meta name=\"robots\" content=\"noindex, nofollow\" \/>\n<meta property=\"og:locale\" content=\"sv_SE\" \/>\n<meta property=\"og:type\" content=\"article\" \/>\n<meta property=\"og:title\" content=\"Innan du utbildar i gruppsp\u00e5r f\u00f6rskola - Barnafrid\" \/>\n<meta property=\"og:description\" content=\"Innan du p\u00e5b\u00f6rjar att utbilda i gruppsp\u00e5r f\u00f6rskola ber vi dig fylla i f\u00f6ljande formul\u00e4r. Tack f\u00f6r att du \u00e4r med och bidrar! Har du fr\u00e5gor, v\u00e4nligen kontakta ann-charlotte.munger(at)liu.s Tillbaka till Gruppsp\u00e5r f\u00f6rskola &gt;&gt;\" \/>\n<meta property=\"og:url\" content=\"https:\/\/barnafrid.se\/kunskapsportal\/innan-du-utbildar-i-gruppspar-forskola\/\" \/>\n<meta property=\"og:site_name\" content=\"Barnafrid\" \/>\n<meta property=\"article:modified_time\" content=\"2025-02-17T08:11:01+00:00\" \/>\n<meta name=\"twitter:card\" content=\"summary_large_image\" \/>\n<meta name=\"twitter:label1\" content=\"Ber\u00e4knad l\u00e4stid\" \/>\n\t<meta name=\"twitter:data1\" content=\"1 minut\" \/>\n<script type=\"application\/ld+json\" class=\"yoast-schema-graph\">{\"@context\":\"https:\\\/\\\/schema.org\",\"@graph\":[{\"@type\":\"WebPage\",\"@id\":\"https:\\\/\\\/barnafrid.se\\\/kunskapsportal\\\/innan-du-utbildar-i-gruppspar-forskola\\\/\",\"url\":\"https:\\\/\\\/barnafrid.se\\\/kunskapsportal\\\/innan-du-utbildar-i-gruppspar-forskola\\\/\",\"name\":\"Innan du utbildar i gruppsp\u00e5r f\u00f6rskola - Barnafrid\",\"isPartOf\":{\"@id\":\"https:\\\/\\\/barnafrid.se\\\/kunskapsportal\\\/#website\"},\"datePublished\":\"2025-02-17T08:08:05+00:00\",\"dateModified\":\"2025-02-17T08:11:01+00:00\",\"breadcrumb\":{\"@id\":\"https:\\\/\\\/barnafrid.se\\\/kunskapsportal\\\/innan-du-utbildar-i-gruppspar-forskola\\\/#breadcrumb\"},\"inLanguage\":\"sv-SE\",\"potentialAction\":[{\"@type\":\"ReadAction\",\"target\":[\"https:\\\/\\\/barnafrid.se\\\/kunskapsportal\\\/innan-du-utbildar-i-gruppspar-forskola\\\/\"]}]},{\"@type\":\"BreadcrumbList\",\"@id\":\"https:\\\/\\\/barnafrid.se\\\/kunskapsportal\\\/innan-du-utbildar-i-gruppspar-forskola\\\/#breadcrumb\",\"itemListElement\":[{\"@type\":\"ListItem\",\"position\":1,\"name\":\"Home\",\"item\":\"https:\\\/\\\/barnafrid.se\\\/kunskapsportal\\\/\"},{\"@type\":\"ListItem\",\"position\":2,\"name\":\"Innan du utbildar i gruppsp\u00e5r f\u00f6rskola\"}]},{\"@type\":\"WebSite\",\"@id\":\"https:\\\/\\\/barnafrid.se\\\/kunskapsportal\\\/#website\",\"url\":\"https:\\\/\\\/barnafrid.se\\\/kunskapsportal\\\/\",\"name\":\"Barnafrid\",\"description\":\"Kunskapsportal om v\u00e5ld mot barn\",\"potentialAction\":[{\"@type\":\"SearchAction\",\"target\":{\"@type\":\"EntryPoint\",\"urlTemplate\":\"https:\\\/\\\/barnafrid.se\\\/kunskapsportal\\\/?s={search_term_string}\"},\"query-input\":{\"@type\":\"PropertyValueSpecification\",\"valueRequired\":true,\"valueName\":\"search_term_string\"}}],\"inLanguage\":\"sv-SE\"}]}<\/script>\n<!-- \/ Yoast SEO plugin. -->","yoast_head_json":{"title":"Innan du utbildar i gruppsp\u00e5r f\u00f6rskola - Barnafrid","robots":{"index":"noindex","follow":"nofollow"},"og_locale":"sv_SE","og_type":"article","og_title":"Innan du utbildar i gruppsp\u00e5r f\u00f6rskola - Barnafrid","og_description":"Innan du p\u00e5b\u00f6rjar att utbilda i gruppsp\u00e5r f\u00f6rskola ber vi dig fylla i f\u00f6ljande formul\u00e4r. Tack f\u00f6r att du \u00e4r med och bidrar! Har du fr\u00e5gor, v\u00e4nligen kontakta ann-charlotte.munger(at)liu.s Tillbaka till Gruppsp\u00e5r f\u00f6rskola >>","og_url":"https:\/\/barnafrid.se\/kunskapsportal\/innan-du-utbildar-i-gruppspar-forskola\/","og_site_name":"Barnafrid","article_modified_time":"2025-02-17T08:11:01+00:00","twitter_card":"summary_large_image","twitter_misc":{"Ber\u00e4knad l\u00e4stid":"1 minut"},"schema":{"@context":"https:\/\/schema.org","@graph":[{"@type":"WebPage","@id":"https:\/\/barnafrid.se\/kunskapsportal\/innan-du-utbildar-i-gruppspar-forskola\/","url":"https:\/\/barnafrid.se\/kunskapsportal\/innan-du-utbildar-i-gruppspar-forskola\/","name":"Innan du utbildar i gruppsp\u00e5r f\u00f6rskola - Barnafrid","isPartOf":{"@id":"https:\/\/barnafrid.se\/kunskapsportal\/#website"},"datePublished":"2025-02-17T08:08:05+00:00","dateModified":"2025-02-17T08:11:01+00:00","breadcrumb":{"@id":"https:\/\/barnafrid.se\/kunskapsportal\/innan-du-utbildar-i-gruppspar-forskola\/#breadcrumb"},"inLanguage":"sv-SE","potentialAction":[{"@type":"ReadAction","target":["https:\/\/barnafrid.se\/kunskapsportal\/innan-du-utbildar-i-gruppspar-forskola\/"]}]},{"@type":"BreadcrumbList","@id":"https:\/\/barnafrid.se\/kunskapsportal\/innan-du-utbildar-i-gruppspar-forskola\/#breadcrumb","itemListElement":[{"@type":"ListItem","position":1,"name":"Home","item":"https:\/\/barnafrid.se\/kunskapsportal\/"},{"@type":"ListItem","position":2,"name":"Innan du utbildar i gruppsp\u00e5r f\u00f6rskola"}]},{"@type":"WebSite","@id":"https:\/\/barnafrid.se\/kunskapsportal\/#website","url":"https:\/\/barnafrid.se\/kunskapsportal\/","name":"Barnafrid","description":"Kunskapsportal om v\u00e5ld mot barn","potentialAction":[{"@type":"SearchAction","target":{"@type":"EntryPoint","urlTemplate":"https:\/\/barnafrid.se\/kunskapsportal\/?s={search_term_string}"},"query-input":{"@type":"PropertyValueSpecification","valueRequired":true,"valueName":"search_term_string"}}],"inLanguage":"sv-SE"}]}},"_links":{"self":[{"href":"https:\/\/barnafrid.se\/kunskapsportal\/wp-json\/wp\/v2\/pages\/13871","targetHints":{"allow":["GET"]}}],"collection":[{"href":"https:\/\/barnafrid.se\/kunskapsportal\/wp-json\/wp\/v2\/pages"}],"about":[{"href":"https:\/\/barnafrid.se\/kunskapsportal\/wp-json\/wp\/v2\/types\/page"}],"author":[{"embeddable":true,"href":"https:\/\/barnafrid.se\/kunskapsportal\/wp-json\/wp\/v2\/users\/10518"}],"replies":[{"embeddable":true,"href":"https:\/\/barnafrid.se\/kunskapsportal\/wp-json\/wp\/v2\/comments?post=13871"}],"version-history":[{"count":4,"href":"https:\/\/barnafrid.se\/kunskapsportal\/wp-json\/wp\/v2\/pages\/13871\/revisions"}],"predecessor-version":[{"id":13876,"href":"https:\/\/barnafrid.se\/kunskapsportal\/wp-json\/wp\/v2\/pages\/13871\/revisions\/13876"}],"wp:attachment":[{"href":"https:\/\/barnafrid.se\/kunskapsportal\/wp-json\/wp\/v2\/media?parent=13871"}],"wp:term":[{"taxonomy":"role","embeddable":true,"href":"https:\/\/barnafrid.se\/kunskapsportal\/wp-json\/wp\/v2\/role?post=13871"}],"curies":[{"name":"wp","href":"https:\/\/api.w.org\/{rel}","templated":true}]}}