{"id":13470,"date":"2025-02-03T09:08:05","date_gmt":"2025-02-03T08:08:05","guid":{"rendered":"https:\/\/barnafrid.se\/kunskapsportal\/?page_id=13470"},"modified":"2025-02-13T08:23:05","modified_gmt":"2025-02-13T07:23:05","slug":"tema-7-samverka","status":"publish","type":"page","link":"https:\/\/barnafrid.se\/kunskapsportal\/tema-7-samverka\/","title":{"rendered":"Tema 7. Samverka"},"content":{"rendered":"\n<figure class=\"Image size-large is-resized\"><img loading=\"lazy\" decoding=\"async\" width=\"816\" height=\"1024\" src=\"\/kunskapsportal\/wp-content\/uploads\/2025\/01\/bf_20250102_019-816x1024.png\" alt=\"En vuxen och ett barn g\u00e5r i skogen.\" class=\"Image-img wp-image-13393\" style=\"width:auto;height:500px\" srcset=\"https:\/\/barnafrid.se\/kunskapsportal\/wp-content\/uploads\/2025\/01\/bf_20250102_019-816x1024.png 816w, https:\/\/barnafrid.se\/kunskapsportal\/wp-content\/uploads\/2025\/01\/bf_20250102_019-239x300.png 239w, https:\/\/barnafrid.se\/kunskapsportal\/wp-content\/uploads\/2025\/01\/bf_20250102_019-768x964.png 768w, https:\/\/barnafrid.se\/kunskapsportal\/wp-content\/uploads\/2025\/01\/bf_20250102_019-1224x1536.png 1224w, https:\/\/barnafrid.se\/kunskapsportal\/wp-content\/uploads\/2025\/01\/bf_20250102_019.png 1462w\" sizes=\"auto, (max-width: 816px) 100vw, 816px\" \/><\/figure>\n\n\n\n<p>H\u00e4r f\u00e5r du och dina kollegor kunskap om:<\/p>\n\n\n\n<ul class=\"List\">\n<li class=\"List-item\">Olika akt\u00f6rers roller, mandat och ansvar i relation till barn och unga som utsatts eller riskerar att uts\u00e4ttas, f\u00f6r v\u00e5ld.<\/li>\n\n\n\n<li class=\"List-item\">Samverkan kring barn och unga med funktionsneds\u00e4ttning som utsatts f\u00f6r v\u00e5ld.<\/li>\n<\/ul>\n\n\n\n<p>Ni f\u00e5r ocks\u00e5 reflektera kring er verksamhets ansvar och m\u00f6jligheter i samverkan kring v\u00e5ldsutsatta barn och unga.<\/p>\n\n\n\n<h2 class=\"wp-block-heading\">Arbetsmaterial<\/h2>\n\n\n\n<p>H\u00e4r finns underlag till tema 7 i form av en presentation i Powerpoint som du g\u00e5r igenom tillsammans med deltagarna.<\/p>\n\n\n\n<ul class=\"List\">\n<li class=\"List-item\"><a href=\"\/kunskapsportal\/wp-content\/uploads\/2025\/02\/samverka.pptx\">Samverka (ppt)<\/a><\/li>\n<\/ul>\n\n\n\n<p><a href=\"https:\/\/barnafrid.se\/kunskapsportal\/gruppspar-barn-och-unga-med-funktionsnedsattning\/\">Tillbaka till startsidan f\u00f6r gruppsp\u00e5ret&gt;&gt;<\/a><\/p>\n","protected":false},"excerpt":{"rendered":"<p>H\u00e4r f\u00e5r du och dina kollegor kunskap om: Ni f\u00e5r ocks\u00e5 reflektera kring er verksamhets ansvar och m\u00f6jligheter i samverkan kring v\u00e5ldsutsatta barn och unga. Arbetsmaterial H\u00e4r finns underlag till tema 7 i form av en presentation i Powerpoint som du g\u00e5r igenom tillsammans med deltagarna. Tillbaka till startsidan f\u00f6r gruppsp\u00e5ret&gt;&gt;<\/p>\n","protected":false},"author":30505,"featured_media":0,"parent":0,"menu_order":0,"comment_status":"closed","ping_status":"closed","template":"page-centered.php","meta":{"h5ap_radio_sources":[],"footnotes":""},"role":[],"class_list":["post-13470","page","type-page","status-publish","hentry"],"yoast_head":"<!-- This site is optimized with the Yoast SEO plugin v27.3 - https:\/\/yoast.com\/product\/yoast-seo-wordpress\/ -->\n<title>Tema 7. Samverka - Barnafrid<\/title>\n<meta name=\"robots\" content=\"index, follow, max-snippet:-1, max-image-preview:large, max-video-preview:-1\" \/>\n<link rel=\"canonical\" href=\"https:\/\/barnafrid.se\/kunskapsportal\/tema-7-samverka\/\" \/>\n<meta property=\"og:locale\" content=\"sv_SE\" \/>\n<meta property=\"og:type\" content=\"article\" \/>\n<meta property=\"og:title\" content=\"Tema 7. Samverka - Barnafrid\" \/>\n<meta property=\"og:description\" content=\"H\u00e4r f\u00e5r du och dina kollegor kunskap om: Ni f\u00e5r ocks\u00e5 reflektera kring er verksamhets ansvar och m\u00f6jligheter i samverkan kring v\u00e5ldsutsatta barn och unga. Arbetsmaterial H\u00e4r finns underlag till tema 7 i form av en presentation i Powerpoint som du g\u00e5r igenom tillsammans med deltagarna. Tillbaka till startsidan f\u00f6r gruppsp\u00e5ret&gt;&gt;\" \/>\n<meta property=\"og:url\" content=\"https:\/\/barnafrid.se\/kunskapsportal\/tema-7-samverka\/\" \/>\n<meta property=\"og:site_name\" content=\"Barnafrid\" \/>\n<meta property=\"article:modified_time\" content=\"2025-02-13T07:23:05+00:00\" \/>\n<meta name=\"twitter:card\" content=\"summary_large_image\" \/>\n<meta name=\"twitter:label1\" content=\"Ber\u00e4knad l\u00e4stid\" \/>\n\t<meta name=\"twitter:data1\" content=\"1 minut\" \/>\n<script type=\"application\/ld+json\" class=\"yoast-schema-graph\">{\"@context\":\"https:\\\/\\\/schema.org\",\"@graph\":[{\"@type\":\"WebPage\",\"@id\":\"https:\\\/\\\/barnafrid.se\\\/kunskapsportal\\\/tema-7-samverka\\\/\",\"url\":\"https:\\\/\\\/barnafrid.se\\\/kunskapsportal\\\/tema-7-samverka\\\/\",\"name\":\"Tema 7. Samverka - Barnafrid\",\"isPartOf\":{\"@id\":\"https:\\\/\\\/barnafrid.se\\\/kunskapsportal\\\/#website\"},\"datePublished\":\"2025-02-03T08:08:05+00:00\",\"dateModified\":\"2025-02-13T07:23:05+00:00\",\"breadcrumb\":{\"@id\":\"https:\\\/\\\/barnafrid.se\\\/kunskapsportal\\\/tema-7-samverka\\\/#breadcrumb\"},\"inLanguage\":\"sv-SE\",\"potentialAction\":[{\"@type\":\"ReadAction\",\"target\":[\"https:\\\/\\\/barnafrid.se\\\/kunskapsportal\\\/tema-7-samverka\\\/\"]}]},{\"@type\":\"BreadcrumbList\",\"@id\":\"https:\\\/\\\/barnafrid.se\\\/kunskapsportal\\\/tema-7-samverka\\\/#breadcrumb\",\"itemListElement\":[{\"@type\":\"ListItem\",\"position\":1,\"name\":\"Home\",\"item\":\"https:\\\/\\\/barnafrid.se\\\/kunskapsportal\\\/\"},{\"@type\":\"ListItem\",\"position\":2,\"name\":\"Tema 7. Samverka\"}]},{\"@type\":\"WebSite\",\"@id\":\"https:\\\/\\\/barnafrid.se\\\/kunskapsportal\\\/#website\",\"url\":\"https:\\\/\\\/barnafrid.se\\\/kunskapsportal\\\/\",\"name\":\"Barnafrid\",\"description\":\"Kunskapsportal om v\u00e5ld mot barn\",\"potentialAction\":[{\"@type\":\"SearchAction\",\"target\":{\"@type\":\"EntryPoint\",\"urlTemplate\":\"https:\\\/\\\/barnafrid.se\\\/kunskapsportal\\\/?s={search_term_string}\"},\"query-input\":{\"@type\":\"PropertyValueSpecification\",\"valueRequired\":true,\"valueName\":\"search_term_string\"}}],\"inLanguage\":\"sv-SE\"}]}<\/script>\n<!-- \/ Yoast SEO plugin. -->","yoast_head_json":{"title":"Tema 7. Samverka - Barnafrid","robots":{"index":"index","follow":"follow","max-snippet":"max-snippet:-1","max-image-preview":"max-image-preview:large","max-video-preview":"max-video-preview:-1"},"canonical":"https:\/\/barnafrid.se\/kunskapsportal\/tema-7-samverka\/","og_locale":"sv_SE","og_type":"article","og_title":"Tema 7. Samverka - Barnafrid","og_description":"H\u00e4r f\u00e5r du och dina kollegor kunskap om: Ni f\u00e5r ocks\u00e5 reflektera kring er verksamhets ansvar och m\u00f6jligheter i samverkan kring v\u00e5ldsutsatta barn och unga. Arbetsmaterial H\u00e4r finns underlag till tema 7 i form av en presentation i Powerpoint som du g\u00e5r igenom tillsammans med deltagarna. Tillbaka till startsidan f\u00f6r gruppsp\u00e5ret&gt;&gt;","og_url":"https:\/\/barnafrid.se\/kunskapsportal\/tema-7-samverka\/","og_site_name":"Barnafrid","article_modified_time":"2025-02-13T07:23:05+00:00","twitter_card":"summary_large_image","twitter_misc":{"Ber\u00e4knad l\u00e4stid":"1 minut"},"schema":{"@context":"https:\/\/schema.org","@graph":[{"@type":"WebPage","@id":"https:\/\/barnafrid.se\/kunskapsportal\/tema-7-samverka\/","url":"https:\/\/barnafrid.se\/kunskapsportal\/tema-7-samverka\/","name":"Tema 7. Samverka - Barnafrid","isPartOf":{"@id":"https:\/\/barnafrid.se\/kunskapsportal\/#website"},"datePublished":"2025-02-03T08:08:05+00:00","dateModified":"2025-02-13T07:23:05+00:00","breadcrumb":{"@id":"https:\/\/barnafrid.se\/kunskapsportal\/tema-7-samverka\/#breadcrumb"},"inLanguage":"sv-SE","potentialAction":[{"@type":"ReadAction","target":["https:\/\/barnafrid.se\/kunskapsportal\/tema-7-samverka\/"]}]},{"@type":"BreadcrumbList","@id":"https:\/\/barnafrid.se\/kunskapsportal\/tema-7-samverka\/#breadcrumb","itemListElement":[{"@type":"ListItem","position":1,"name":"Home","item":"https:\/\/barnafrid.se\/kunskapsportal\/"},{"@type":"ListItem","position":2,"name":"Tema 7. Samverka"}]},{"@type":"WebSite","@id":"https:\/\/barnafrid.se\/kunskapsportal\/#website","url":"https:\/\/barnafrid.se\/kunskapsportal\/","name":"Barnafrid","description":"Kunskapsportal om v\u00e5ld mot barn","potentialAction":[{"@type":"SearchAction","target":{"@type":"EntryPoint","urlTemplate":"https:\/\/barnafrid.se\/kunskapsportal\/?s={search_term_string}"},"query-input":{"@type":"PropertyValueSpecification","valueRequired":true,"valueName":"search_term_string"}}],"inLanguage":"sv-SE"}]}},"_links":{"self":[{"href":"https:\/\/barnafrid.se\/kunskapsportal\/wp-json\/wp\/v2\/pages\/13470","targetHints":{"allow":["GET"]}}],"collection":[{"href":"https:\/\/barnafrid.se\/kunskapsportal\/wp-json\/wp\/v2\/pages"}],"about":[{"href":"https:\/\/barnafrid.se\/kunskapsportal\/wp-json\/wp\/v2\/types\/page"}],"author":[{"embeddable":true,"href":"https:\/\/barnafrid.se\/kunskapsportal\/wp-json\/wp\/v2\/users\/30505"}],"replies":[{"embeddable":true,"href":"https:\/\/barnafrid.se\/kunskapsportal\/wp-json\/wp\/v2\/comments?post=13470"}],"version-history":[{"count":5,"href":"https:\/\/barnafrid.se\/kunskapsportal\/wp-json\/wp\/v2\/pages\/13470\/revisions"}],"predecessor-version":[{"id":13782,"href":"https:\/\/barnafrid.se\/kunskapsportal\/wp-json\/wp\/v2\/pages\/13470\/revisions\/13782"}],"wp:attachment":[{"href":"https:\/\/barnafrid.se\/kunskapsportal\/wp-json\/wp\/v2\/media?parent=13470"}],"wp:term":[{"taxonomy":"role","embeddable":true,"href":"https:\/\/barnafrid.se\/kunskapsportal\/wp-json\/wp\/v2\/role?post=13470"}],"curies":[{"name":"wp","href":"https:\/\/api.w.org\/{rel}","templated":true}]}}