{"id":13468,"date":"2025-02-03T09:08:50","date_gmt":"2025-02-03T08:08:50","guid":{"rendered":"https:\/\/barnafrid.se\/kunskapsportal\/?page_id=13468"},"modified":"2025-02-13T15:42:15","modified_gmt":"2025-02-13T14:42:15","slug":"tema-6-agera-vid-oro-for-vald","status":"publish","type":"page","link":"https:\/\/barnafrid.se\/kunskapsportal\/tema-6-agera-vid-oro-for-vald\/","title":{"rendered":"Tema 6. Agera vid oro f\u00f6r v\u00e5ld"},"content":{"rendered":"\n<figure class=\"Image size-large is-resized\"><img loading=\"lazy\" decoding=\"async\" width=\"1024\" height=\"914\" src=\"\/kunskapsportal\/wp-content\/uploads\/2025\/01\/bf_20250102_020-1024x914.png\" alt=\"En pianol\u00e4rare och elev spelar piano. Bredvid pianot st\u00e5r en rullator.\" class=\"Image-img wp-image-13392\" style=\"width:auto;height:500px\" srcset=\"https:\/\/barnafrid.se\/kunskapsportal\/wp-content\/uploads\/2025\/01\/bf_20250102_020-1024x914.png 1024w, https:\/\/barnafrid.se\/kunskapsportal\/wp-content\/uploads\/2025\/01\/bf_20250102_020-300x268.png 300w, https:\/\/barnafrid.se\/kunskapsportal\/wp-content\/uploads\/2025\/01\/bf_20250102_020-768x686.png 768w, https:\/\/barnafrid.se\/kunskapsportal\/wp-content\/uploads\/2025\/01\/bf_20250102_020-1536x1371.png 1536w, https:\/\/barnafrid.se\/kunskapsportal\/wp-content\/uploads\/2025\/01\/bf_20250102_020-2048x1828.png 2048w\" sizes=\"auto, (max-width: 1024px) 100vw, 1024px\" \/><\/figure>\n\n\n\n<p>H\u00e4r f\u00e5r du och dina kollegor kunskap om:<\/p>\n\n\n\n<ul class=\"List\">\n<li class=\"List-item\">Det egna och verksamhetens ansvar att agera n\u00e4r ni k\u00e4nner oro f\u00f6r att ett barn eller ung person \u00e4r utsatt f\u00f6r v\u00e5ld.<\/li>\n\n\n\n<li class=\"List-item\">Hur ni ska g\u00f6ra en orosanm\u00e4lan.<\/li>\n<\/ul>\n\n\n\n<p>Ni f\u00e5r ocks\u00e5 resonera kring vad ni b\u00f6r g\u00f6ra om ni k\u00e4nner oro f\u00f6r att ett barn eller ung person \u00e4r utsatt f\u00f6r v\u00e5ld av en n\u00e4rst\u00e5ende eller av personal i er verksamhet.<\/p>\n\n\n\n<h2 class=\"wp-block-heading\">Arbetsmaterial<\/h2>\n\n\n\n<p>H\u00e4r finns underlag till tema 6 i form av en presentation i Powerpoint som du g\u00e5r igenom tillsammans med deltagarna.<\/p>\n\n\n\n<ul class=\"List\">\n<li class=\"List-item\"><a href=\"\/kunskapsportal\/wp-content\/uploads\/2025\/02\/agera-vid-oro-for-vald.pptx\">Agera vid oro f\u00f6r v\u00e5ld (ppt)<\/a><\/li>\n<\/ul>\n\n\n\n<p>H\u00e4r finns en \u00f6vning som du kan g\u00f6ra tillsammans med deltagarna.<\/p>\n\n\n\n<ul class=\"List\">\n<li class=\"List-item\"><a href=\"https:\/\/barnafrid.se\/kunskapsportal\/wp-content\/uploads\/2025\/02\/ovning-att-gora-en-orosanmalan-1.pdf\" target=\"_blank\" rel=\"noreferrer noopener\">\u00d6vning: Att g\u00f6ra en orosanm\u00e4lan (pdf)<\/a><\/li>\n<\/ul>\n\n\n\n<p><a href=\"https:\/\/barnafrid.se\/kunskapsportal\/gruppspar-barn-och-unga-med-funktionsnedsattning\/\">Tillbaka till startsidan f\u00f6r gruppsp\u00e5ret&gt;&gt;<\/a><\/p>\n","protected":false},"excerpt":{"rendered":"<p>H\u00e4r f\u00e5r du och dina kollegor kunskap om: Ni f\u00e5r ocks\u00e5 resonera kring vad ni b\u00f6r g\u00f6ra om ni k\u00e4nner oro f\u00f6r att ett barn eller ung person \u00e4r utsatt f\u00f6r v\u00e5ld av en n\u00e4rst\u00e5ende eller av personal i er verksamhet. Arbetsmaterial H\u00e4r finns underlag till tema 6 i form av en presentation i Powerpoint [&hellip;]<\/p>\n","protected":false},"author":30505,"featured_media":0,"parent":0,"menu_order":0,"comment_status":"closed","ping_status":"closed","template":"page-centered.php","meta":{"h5ap_radio_sources":[],"footnotes":""},"role":[],"class_list":["post-13468","page","type-page","status-publish","hentry"],"yoast_head":"<!-- This site is optimized with the Yoast SEO plugin v27.3 - https:\/\/yoast.com\/product\/yoast-seo-wordpress\/ -->\n<title>Tema 6. Agera vid oro f\u00f6r v\u00e5ld - Barnafrid<\/title>\n<meta name=\"robots\" content=\"index, follow, max-snippet:-1, max-image-preview:large, max-video-preview:-1\" \/>\n<link rel=\"canonical\" href=\"https:\/\/barnafrid.se\/kunskapsportal\/tema-6-agera-vid-oro-for-vald\/\" \/>\n<meta property=\"og:locale\" content=\"sv_SE\" \/>\n<meta property=\"og:type\" content=\"article\" \/>\n<meta property=\"og:title\" content=\"Tema 6. Agera vid oro f\u00f6r v\u00e5ld - Barnafrid\" \/>\n<meta property=\"og:description\" content=\"H\u00e4r f\u00e5r du och dina kollegor kunskap om: Ni f\u00e5r ocks\u00e5 resonera kring vad ni b\u00f6r g\u00f6ra om ni k\u00e4nner oro f\u00f6r att ett barn eller ung person \u00e4r utsatt f\u00f6r v\u00e5ld av en n\u00e4rst\u00e5ende eller av personal i er verksamhet. Arbetsmaterial H\u00e4r finns underlag till tema 6 i form av en presentation i Powerpoint [&hellip;]\" \/>\n<meta property=\"og:url\" content=\"https:\/\/barnafrid.se\/kunskapsportal\/tema-6-agera-vid-oro-for-vald\/\" \/>\n<meta property=\"og:site_name\" content=\"Barnafrid\" \/>\n<meta property=\"article:modified_time\" content=\"2025-02-13T14:42:15+00:00\" \/>\n<meta name=\"twitter:card\" content=\"summary_large_image\" \/>\n<meta name=\"twitter:label1\" content=\"Ber\u00e4knad l\u00e4stid\" \/>\n\t<meta name=\"twitter:data1\" content=\"1 minut\" \/>\n<script type=\"application\/ld+json\" class=\"yoast-schema-graph\">{\"@context\":\"https:\\\/\\\/schema.org\",\"@graph\":[{\"@type\":\"WebPage\",\"@id\":\"https:\\\/\\\/barnafrid.se\\\/kunskapsportal\\\/tema-6-agera-vid-oro-for-vald\\\/\",\"url\":\"https:\\\/\\\/barnafrid.se\\\/kunskapsportal\\\/tema-6-agera-vid-oro-for-vald\\\/\",\"name\":\"Tema 6. Agera vid oro f\u00f6r v\u00e5ld - Barnafrid\",\"isPartOf\":{\"@id\":\"https:\\\/\\\/barnafrid.se\\\/kunskapsportal\\\/#website\"},\"datePublished\":\"2025-02-03T08:08:50+00:00\",\"dateModified\":\"2025-02-13T14:42:15+00:00\",\"breadcrumb\":{\"@id\":\"https:\\\/\\\/barnafrid.se\\\/kunskapsportal\\\/tema-6-agera-vid-oro-for-vald\\\/#breadcrumb\"},\"inLanguage\":\"sv-SE\",\"potentialAction\":[{\"@type\":\"ReadAction\",\"target\":[\"https:\\\/\\\/barnafrid.se\\\/kunskapsportal\\\/tema-6-agera-vid-oro-for-vald\\\/\"]}]},{\"@type\":\"BreadcrumbList\",\"@id\":\"https:\\\/\\\/barnafrid.se\\\/kunskapsportal\\\/tema-6-agera-vid-oro-for-vald\\\/#breadcrumb\",\"itemListElement\":[{\"@type\":\"ListItem\",\"position\":1,\"name\":\"Home\",\"item\":\"https:\\\/\\\/barnafrid.se\\\/kunskapsportal\\\/\"},{\"@type\":\"ListItem\",\"position\":2,\"name\":\"Tema 6. Agera vid oro f\u00f6r v\u00e5ld\"}]},{\"@type\":\"WebSite\",\"@id\":\"https:\\\/\\\/barnafrid.se\\\/kunskapsportal\\\/#website\",\"url\":\"https:\\\/\\\/barnafrid.se\\\/kunskapsportal\\\/\",\"name\":\"Barnafrid\",\"description\":\"Kunskapsportal om v\u00e5ld mot barn\",\"potentialAction\":[{\"@type\":\"SearchAction\",\"target\":{\"@type\":\"EntryPoint\",\"urlTemplate\":\"https:\\\/\\\/barnafrid.se\\\/kunskapsportal\\\/?s={search_term_string}\"},\"query-input\":{\"@type\":\"PropertyValueSpecification\",\"valueRequired\":true,\"valueName\":\"search_term_string\"}}],\"inLanguage\":\"sv-SE\"}]}<\/script>\n<!-- \/ Yoast SEO plugin. -->","yoast_head_json":{"title":"Tema 6. Agera vid oro f\u00f6r v\u00e5ld - Barnafrid","robots":{"index":"index","follow":"follow","max-snippet":"max-snippet:-1","max-image-preview":"max-image-preview:large","max-video-preview":"max-video-preview:-1"},"canonical":"https:\/\/barnafrid.se\/kunskapsportal\/tema-6-agera-vid-oro-for-vald\/","og_locale":"sv_SE","og_type":"article","og_title":"Tema 6. Agera vid oro f\u00f6r v\u00e5ld - Barnafrid","og_description":"H\u00e4r f\u00e5r du och dina kollegor kunskap om: Ni f\u00e5r ocks\u00e5 resonera kring vad ni b\u00f6r g\u00f6ra om ni k\u00e4nner oro f\u00f6r att ett barn eller ung person \u00e4r utsatt f\u00f6r v\u00e5ld av en n\u00e4rst\u00e5ende eller av personal i er verksamhet. Arbetsmaterial H\u00e4r finns underlag till tema 6 i form av en presentation i Powerpoint [&hellip;]","og_url":"https:\/\/barnafrid.se\/kunskapsportal\/tema-6-agera-vid-oro-for-vald\/","og_site_name":"Barnafrid","article_modified_time":"2025-02-13T14:42:15+00:00","twitter_card":"summary_large_image","twitter_misc":{"Ber\u00e4knad l\u00e4stid":"1 minut"},"schema":{"@context":"https:\/\/schema.org","@graph":[{"@type":"WebPage","@id":"https:\/\/barnafrid.se\/kunskapsportal\/tema-6-agera-vid-oro-for-vald\/","url":"https:\/\/barnafrid.se\/kunskapsportal\/tema-6-agera-vid-oro-for-vald\/","name":"Tema 6. Agera vid oro f\u00f6r v\u00e5ld - Barnafrid","isPartOf":{"@id":"https:\/\/barnafrid.se\/kunskapsportal\/#website"},"datePublished":"2025-02-03T08:08:50+00:00","dateModified":"2025-02-13T14:42:15+00:00","breadcrumb":{"@id":"https:\/\/barnafrid.se\/kunskapsportal\/tema-6-agera-vid-oro-for-vald\/#breadcrumb"},"inLanguage":"sv-SE","potentialAction":[{"@type":"ReadAction","target":["https:\/\/barnafrid.se\/kunskapsportal\/tema-6-agera-vid-oro-for-vald\/"]}]},{"@type":"BreadcrumbList","@id":"https:\/\/barnafrid.se\/kunskapsportal\/tema-6-agera-vid-oro-for-vald\/#breadcrumb","itemListElement":[{"@type":"ListItem","position":1,"name":"Home","item":"https:\/\/barnafrid.se\/kunskapsportal\/"},{"@type":"ListItem","position":2,"name":"Tema 6. Agera vid oro f\u00f6r v\u00e5ld"}]},{"@type":"WebSite","@id":"https:\/\/barnafrid.se\/kunskapsportal\/#website","url":"https:\/\/barnafrid.se\/kunskapsportal\/","name":"Barnafrid","description":"Kunskapsportal om v\u00e5ld mot barn","potentialAction":[{"@type":"SearchAction","target":{"@type":"EntryPoint","urlTemplate":"https:\/\/barnafrid.se\/kunskapsportal\/?s={search_term_string}"},"query-input":{"@type":"PropertyValueSpecification","valueRequired":true,"valueName":"search_term_string"}}],"inLanguage":"sv-SE"}]}},"_links":{"self":[{"href":"https:\/\/barnafrid.se\/kunskapsportal\/wp-json\/wp\/v2\/pages\/13468","targetHints":{"allow":["GET"]}}],"collection":[{"href":"https:\/\/barnafrid.se\/kunskapsportal\/wp-json\/wp\/v2\/pages"}],"about":[{"href":"https:\/\/barnafrid.se\/kunskapsportal\/wp-json\/wp\/v2\/types\/page"}],"author":[{"embeddable":true,"href":"https:\/\/barnafrid.se\/kunskapsportal\/wp-json\/wp\/v2\/users\/30505"}],"replies":[{"embeddable":true,"href":"https:\/\/barnafrid.se\/kunskapsportal\/wp-json\/wp\/v2\/comments?post=13468"}],"version-history":[{"count":11,"href":"https:\/\/barnafrid.se\/kunskapsportal\/wp-json\/wp\/v2\/pages\/13468\/revisions"}],"predecessor-version":[{"id":13824,"href":"https:\/\/barnafrid.se\/kunskapsportal\/wp-json\/wp\/v2\/pages\/13468\/revisions\/13824"}],"wp:attachment":[{"href":"https:\/\/barnafrid.se\/kunskapsportal\/wp-json\/wp\/v2\/media?parent=13468"}],"wp:term":[{"taxonomy":"role","embeddable":true,"href":"https:\/\/barnafrid.se\/kunskapsportal\/wp-json\/wp\/v2\/role?post=13468"}],"curies":[{"name":"wp","href":"https:\/\/api.w.org\/{rel}","templated":true}]}}