{"id":13465,"date":"2025-02-03T09:07:50","date_gmt":"2025-02-03T08:07:50","guid":{"rendered":"https:\/\/barnafrid.se\/kunskapsportal\/?page_id=13465"},"modified":"2025-02-17T13:25:02","modified_gmt":"2025-02-17T12:25:02","slug":"tema-5-upptack-vald","status":"publish","type":"page","link":"https:\/\/barnafrid.se\/kunskapsportal\/tema-5-upptack-vald\/","title":{"rendered":"Tema 5. Uppt\u00e4ck v\u00e5ld"},"content":{"rendered":"\n<figure class=\"Image size-large is-resized\"><img loading=\"lazy\" decoding=\"async\" width=\"839\" height=\"1024\" src=\"\/kunskapsportal\/wp-content\/uploads\/2025\/01\/bf_20250102_023-839x1024.png\" alt=\"En v\u00e5rdanst\u00e4lld som h\u00e5ller om ett barn.\" class=\"Image-img wp-image-13391\" style=\"width:auto;height:500px\" srcset=\"https:\/\/barnafrid.se\/kunskapsportal\/wp-content\/uploads\/2025\/01\/bf_20250102_023-839x1024.png 839w, https:\/\/barnafrid.se\/kunskapsportal\/wp-content\/uploads\/2025\/01\/bf_20250102_023-246x300.png 246w, https:\/\/barnafrid.se\/kunskapsportal\/wp-content\/uploads\/2025\/01\/bf_20250102_023-768x937.png 768w, https:\/\/barnafrid.se\/kunskapsportal\/wp-content\/uploads\/2025\/01\/bf_20250102_023-1258x1536.png 1258w, https:\/\/barnafrid.se\/kunskapsportal\/wp-content\/uploads\/2025\/01\/bf_20250102_023.png 1441w\" sizes=\"auto, (max-width: 839px) 100vw, 839px\" \/><\/figure>\n\n\n\n<p>H\u00e4r f\u00e5r du och dina kollegor kunskap om:<\/p>\n\n\n\n<ul class=\"List\">\n<li class=\"List-item\">Tecken som kan tyda p\u00e5 att ett barn eller ung person med funktionsneds\u00e4ttning \u00e4r utsatt f\u00f6r v\u00e5ld.<\/li>\n\n\n\n<li class=\"List-item\">Hur ni kan st\u00e4lla fr\u00e5gor om v\u00e5ld.<\/li>\n\n\n\n<li class=\"List-item\">Hur ni ska dokumentera oro f\u00f6r att ett barn eller ung person \u00e4r utsatt f\u00f6r v\u00e5ld.<\/li>\n<\/ul>\n\n\n\n<p>Ni f\u00e5r ocks\u00e5 reflektera \u00f6ver hur ni kan arbeta f\u00f6r att uppt\u00e4cka v\u00e5ldsutsatta barn och unga i er verksamhet.<\/p>\n\n\n\n<h2 class=\"wp-block-heading\">Arbetsmaterial<\/h2>\n\n\n\n<p>H\u00e4r finns underlag till tema 5 i form av en presentation i Powerpoint som du g\u00e5r igenom tillsammans med deltagarna.<\/p>\n\n\n\n<ul class=\"List\">\n<li class=\"List-item\"><a href=\"https:\/\/barnafrid.se\/kunskapsportal\/wp-content\/uploads\/2025\/02\/upptack-vald.pptx\">Uppt\u00e4ck v\u00e5ld (ppt)<\/a><\/li>\n<\/ul>\n\n\n\n<p>H\u00e4r finns en film som kan visas under passet.<\/p>\n\n\n<div class=\"Videos\">\n        <div class=\"Video Video--original Video--visible\">\n        \n        <figure class=\"VideoPlayer\">\n            <div class=\"VideoPlayer-video VideoPlayer-video--aspect16_9 VideoPlayer-video--hasAspectRatio\">\n                <iframe loading=\"lazy\"\n                    title=\"Video\"\n                    src=\"https:\/\/player.vimeo.com\/video\/415878698?dnt=1&#038;app_id=122963\"\n                    width=\"500\"\n                    height=\"281\"\n                    frameborder=\"0\"\n                    allow=\"autoplay; fullscreen\"\n                    allowfullscreen\n                ><\/iframe>\n            <\/div>\n        <\/figure>\n            <\/div>\n    \n        <div class=\"Video Video--speech Video--hidden\">\n        \n        <figure class=\"VideoPlayer\">\n            <div class=\"VideoPlayer-video VideoPlayer-video--aspect16_9 VideoPlayer-video--hasAspectRatio\">\n                <iframe loading=\"lazy\"\n                    title=\"Speech for Video\"\n                    src=\"https:\/\/player.vimeo.com\/video\/415867380?dnt=1&#038;app_id=122963\"\n                    width=\"500\"\n                    height=\"281\"\n                    frameborder=\"0\"\n                    allow=\"autoplay; fullscreen\"\n                    allowfullscreen\n                ><\/iframe>\n            <\/div>\n        <\/figure>\n            <\/div>\n    \n        <div class=\"Video Video--sign Video--hidden\">\n        \n        <figure class=\"VideoPlayer\">\n            <div class=\"VideoPlayer-video VideoPlayer-video--aspect16_9 VideoPlayer-video--hasAspectRatio\">\n                <iframe loading=\"lazy\"\n                    title=\"Signs for Video\"\n                    src=\"https:\/\/player.vimeo.com\/video\/415875232?dnt=1&#038;app_id=122963\"\n                    width=\"500\"\n                    height=\"281\"\n                    frameborder=\"0\"\n                    allow=\"autoplay; fullscreen\"\n                    allowfullscreen\n                ><\/iframe>\n            <\/div>\n        <\/figure>\n            <\/div>\n    \n    <div class=\"VideosVersions\">\n                <button data-version=\"speech\" class=\"VideosVersion js-toggle-video-version  VideosVersion--speech\">\n            Syntolkning        <\/button>\n        \n                <button data-version=\"sign\" class=\"VideosVersion js-toggle-video-version VideosVersion--sign\">\n            Teckentolkning        <\/button>\n            <\/div>\n<\/div>\n\n\n\n<p>Samlingen med fallbeskrivningar som du kan anv\u00e4nda under passet hittar du i utbildningsledarmappen.<\/p>\n\n\n\n<p><a href=\"https:\/\/barnafrid.se\/kunskapsportal\/gruppspar-barn-och-unga-med-funktionsnedsattning\/\">Tillbaka till startsidan f\u00f6r gruppsp\u00e5ret&gt;&gt;<\/a><\/p>\n\n\n\n<p><\/p>\n","protected":false},"excerpt":{"rendered":"<p>H\u00e4r f\u00e5r du och dina kollegor kunskap om: Ni f\u00e5r ocks\u00e5 reflektera \u00f6ver hur ni kan arbeta f\u00f6r att uppt\u00e4cka v\u00e5ldsutsatta barn och unga i er verksamhet. Arbetsmaterial H\u00e4r finns underlag till tema 5 i form av en presentation i Powerpoint som du g\u00e5r igenom tillsammans med deltagarna. H\u00e4r finns en film som kan visas [&hellip;]<\/p>\n","protected":false},"author":30505,"featured_media":0,"parent":0,"menu_order":0,"comment_status":"closed","ping_status":"closed","template":"page-centered.php","meta":{"h5ap_radio_sources":[],"footnotes":""},"role":[],"class_list":["post-13465","page","type-page","status-publish","hentry"],"yoast_head":"<!-- This site is optimized with the Yoast SEO plugin v27.3 - https:\/\/yoast.com\/product\/yoast-seo-wordpress\/ -->\n<title>Tema 5. Uppt\u00e4ck v\u00e5ld - Barnafrid<\/title>\n<meta name=\"robots\" content=\"index, follow, max-snippet:-1, max-image-preview:large, max-video-preview:-1\" \/>\n<link rel=\"canonical\" href=\"https:\/\/barnafrid.se\/kunskapsportal\/tema-5-upptack-vald\/\" \/>\n<meta property=\"og:locale\" content=\"sv_SE\" \/>\n<meta property=\"og:type\" content=\"article\" \/>\n<meta property=\"og:title\" content=\"Tema 5. Uppt\u00e4ck v\u00e5ld - Barnafrid\" \/>\n<meta property=\"og:description\" content=\"H\u00e4r f\u00e5r du och dina kollegor kunskap om: Ni f\u00e5r ocks\u00e5 reflektera \u00f6ver hur ni kan arbeta f\u00f6r att uppt\u00e4cka v\u00e5ldsutsatta barn och unga i er verksamhet. Arbetsmaterial H\u00e4r finns underlag till tema 5 i form av en presentation i Powerpoint som du g\u00e5r igenom tillsammans med deltagarna. H\u00e4r finns en film som kan visas [&hellip;]\" \/>\n<meta property=\"og:url\" content=\"https:\/\/barnafrid.se\/kunskapsportal\/tema-5-upptack-vald\/\" \/>\n<meta property=\"og:site_name\" content=\"Barnafrid\" \/>\n<meta property=\"article:modified_time\" content=\"2025-02-17T12:25:02+00:00\" \/>\n<meta name=\"twitter:card\" content=\"summary_large_image\" \/>\n<meta name=\"twitter:label1\" content=\"Ber\u00e4knad l\u00e4stid\" \/>\n\t<meta name=\"twitter:data1\" content=\"1 minut\" \/>\n<script type=\"application\/ld+json\" class=\"yoast-schema-graph\">{\"@context\":\"https:\\\/\\\/schema.org\",\"@graph\":[{\"@type\":\"WebPage\",\"@id\":\"https:\\\/\\\/barnafrid.se\\\/kunskapsportal\\\/tema-5-upptack-vald\\\/\",\"url\":\"https:\\\/\\\/barnafrid.se\\\/kunskapsportal\\\/tema-5-upptack-vald\\\/\",\"name\":\"Tema 5. Uppt\u00e4ck v\u00e5ld - Barnafrid\",\"isPartOf\":{\"@id\":\"https:\\\/\\\/barnafrid.se\\\/kunskapsportal\\\/#website\"},\"datePublished\":\"2025-02-03T08:07:50+00:00\",\"dateModified\":\"2025-02-17T12:25:02+00:00\",\"breadcrumb\":{\"@id\":\"https:\\\/\\\/barnafrid.se\\\/kunskapsportal\\\/tema-5-upptack-vald\\\/#breadcrumb\"},\"inLanguage\":\"sv-SE\",\"potentialAction\":[{\"@type\":\"ReadAction\",\"target\":[\"https:\\\/\\\/barnafrid.se\\\/kunskapsportal\\\/tema-5-upptack-vald\\\/\"]}]},{\"@type\":\"BreadcrumbList\",\"@id\":\"https:\\\/\\\/barnafrid.se\\\/kunskapsportal\\\/tema-5-upptack-vald\\\/#breadcrumb\",\"itemListElement\":[{\"@type\":\"ListItem\",\"position\":1,\"name\":\"Home\",\"item\":\"https:\\\/\\\/barnafrid.se\\\/kunskapsportal\\\/\"},{\"@type\":\"ListItem\",\"position\":2,\"name\":\"Tema 5. Uppt\u00e4ck v\u00e5ld\"}]},{\"@type\":\"WebSite\",\"@id\":\"https:\\\/\\\/barnafrid.se\\\/kunskapsportal\\\/#website\",\"url\":\"https:\\\/\\\/barnafrid.se\\\/kunskapsportal\\\/\",\"name\":\"Barnafrid\",\"description\":\"Kunskapsportal om v\u00e5ld mot barn\",\"potentialAction\":[{\"@type\":\"SearchAction\",\"target\":{\"@type\":\"EntryPoint\",\"urlTemplate\":\"https:\\\/\\\/barnafrid.se\\\/kunskapsportal\\\/?s={search_term_string}\"},\"query-input\":{\"@type\":\"PropertyValueSpecification\",\"valueRequired\":true,\"valueName\":\"search_term_string\"}}],\"inLanguage\":\"sv-SE\"}]}<\/script>\n<!-- \/ Yoast SEO plugin. -->","yoast_head_json":{"title":"Tema 5. Uppt\u00e4ck v\u00e5ld - Barnafrid","robots":{"index":"index","follow":"follow","max-snippet":"max-snippet:-1","max-image-preview":"max-image-preview:large","max-video-preview":"max-video-preview:-1"},"canonical":"https:\/\/barnafrid.se\/kunskapsportal\/tema-5-upptack-vald\/","og_locale":"sv_SE","og_type":"article","og_title":"Tema 5. Uppt\u00e4ck v\u00e5ld - Barnafrid","og_description":"H\u00e4r f\u00e5r du och dina kollegor kunskap om: Ni f\u00e5r ocks\u00e5 reflektera \u00f6ver hur ni kan arbeta f\u00f6r att uppt\u00e4cka v\u00e5ldsutsatta barn och unga i er verksamhet. Arbetsmaterial H\u00e4r finns underlag till tema 5 i form av en presentation i Powerpoint som du g\u00e5r igenom tillsammans med deltagarna. H\u00e4r finns en film som kan visas [&hellip;]","og_url":"https:\/\/barnafrid.se\/kunskapsportal\/tema-5-upptack-vald\/","og_site_name":"Barnafrid","article_modified_time":"2025-02-17T12:25:02+00:00","twitter_card":"summary_large_image","twitter_misc":{"Ber\u00e4knad l\u00e4stid":"1 minut"},"schema":{"@context":"https:\/\/schema.org","@graph":[{"@type":"WebPage","@id":"https:\/\/barnafrid.se\/kunskapsportal\/tema-5-upptack-vald\/","url":"https:\/\/barnafrid.se\/kunskapsportal\/tema-5-upptack-vald\/","name":"Tema 5. Uppt\u00e4ck v\u00e5ld - Barnafrid","isPartOf":{"@id":"https:\/\/barnafrid.se\/kunskapsportal\/#website"},"datePublished":"2025-02-03T08:07:50+00:00","dateModified":"2025-02-17T12:25:02+00:00","breadcrumb":{"@id":"https:\/\/barnafrid.se\/kunskapsportal\/tema-5-upptack-vald\/#breadcrumb"},"inLanguage":"sv-SE","potentialAction":[{"@type":"ReadAction","target":["https:\/\/barnafrid.se\/kunskapsportal\/tema-5-upptack-vald\/"]}]},{"@type":"BreadcrumbList","@id":"https:\/\/barnafrid.se\/kunskapsportal\/tema-5-upptack-vald\/#breadcrumb","itemListElement":[{"@type":"ListItem","position":1,"name":"Home","item":"https:\/\/barnafrid.se\/kunskapsportal\/"},{"@type":"ListItem","position":2,"name":"Tema 5. Uppt\u00e4ck v\u00e5ld"}]},{"@type":"WebSite","@id":"https:\/\/barnafrid.se\/kunskapsportal\/#website","url":"https:\/\/barnafrid.se\/kunskapsportal\/","name":"Barnafrid","description":"Kunskapsportal om v\u00e5ld mot barn","potentialAction":[{"@type":"SearchAction","target":{"@type":"EntryPoint","urlTemplate":"https:\/\/barnafrid.se\/kunskapsportal\/?s={search_term_string}"},"query-input":{"@type":"PropertyValueSpecification","valueRequired":true,"valueName":"search_term_string"}}],"inLanguage":"sv-SE"}]}},"_links":{"self":[{"href":"https:\/\/barnafrid.se\/kunskapsportal\/wp-json\/wp\/v2\/pages\/13465","targetHints":{"allow":["GET"]}}],"collection":[{"href":"https:\/\/barnafrid.se\/kunskapsportal\/wp-json\/wp\/v2\/pages"}],"about":[{"href":"https:\/\/barnafrid.se\/kunskapsportal\/wp-json\/wp\/v2\/types\/page"}],"author":[{"embeddable":true,"href":"https:\/\/barnafrid.se\/kunskapsportal\/wp-json\/wp\/v2\/users\/30505"}],"replies":[{"embeddable":true,"href":"https:\/\/barnafrid.se\/kunskapsportal\/wp-json\/wp\/v2\/comments?post=13465"}],"version-history":[{"count":18,"href":"https:\/\/barnafrid.se\/kunskapsportal\/wp-json\/wp\/v2\/pages\/13465\/revisions"}],"predecessor-version":[{"id":13881,"href":"https:\/\/barnafrid.se\/kunskapsportal\/wp-json\/wp\/v2\/pages\/13465\/revisions\/13881"}],"wp:attachment":[{"href":"https:\/\/barnafrid.se\/kunskapsportal\/wp-json\/wp\/v2\/media?parent=13465"}],"wp:term":[{"taxonomy":"role","embeddable":true,"href":"https:\/\/barnafrid.se\/kunskapsportal\/wp-json\/wp\/v2\/role?post=13465"}],"curies":[{"name":"wp","href":"https:\/\/api.w.org\/{rel}","templated":true}]}}