{"id":13454,"date":"2025-02-03T09:07:40","date_gmt":"2025-02-03T08:07:40","guid":{"rendered":"https:\/\/barnafrid.se\/kunskapsportal\/?page_id=13454"},"modified":"2025-02-14T11:36:10","modified_gmt":"2025-02-14T10:36:10","slug":"tema-4-forebygg-vald","status":"publish","type":"page","link":"https:\/\/barnafrid.se\/kunskapsportal\/tema-4-forebygg-vald\/","title":{"rendered":"Tema 4. F\u00f6rebygg v\u00e5ld"},"content":{"rendered":"\n<figure class=\"Image size-large is-resized\"><img loading=\"lazy\" decoding=\"async\" width=\"1024\" height=\"822\" src=\"\/kunskapsportal\/wp-content\/uploads\/2025\/01\/bf_20250102_026-1024x822.png\" alt=\"En vuxen som l\u00e4ser en bok f\u00f6r tre barn.\" class=\"Image-img wp-image-13390\" style=\"width:auto;height:500px\" srcset=\"https:\/\/barnafrid.se\/kunskapsportal\/wp-content\/uploads\/2025\/01\/bf_20250102_026-1024x822.png 1024w, https:\/\/barnafrid.se\/kunskapsportal\/wp-content\/uploads\/2025\/01\/bf_20250102_026-300x241.png 300w, https:\/\/barnafrid.se\/kunskapsportal\/wp-content\/uploads\/2025\/01\/bf_20250102_026-768x617.png 768w, https:\/\/barnafrid.se\/kunskapsportal\/wp-content\/uploads\/2025\/01\/bf_20250102_026-1536x1233.png 1536w, https:\/\/barnafrid.se\/kunskapsportal\/wp-content\/uploads\/2025\/01\/bf_20250102_026-2048x1644.png 2048w\" sizes=\"auto, (max-width: 1024px) 100vw, 1024px\" \/><\/figure>\n\n\n\n<p>H\u00e4r f\u00e5r du och dina kollegor kunskap om:<\/p>\n\n\n\n<ul class=\"List\">\n<li class=\"List-item\">Skyddsfaktorer som minskar risken f\u00f6r v\u00e5ld.<\/li>\n\n\n\n<li class=\"List-item\">Hur v\u00e5ld mot barn och unga med funktionsneds\u00e4ttning kan f\u00f6rebyggas.<\/li>\n<\/ul>\n\n\n\n<p>Ni f\u00e5r ocks\u00e5 reflektera \u00f6ver hur ert v\u00e5ldsf\u00f6rebyggande arbete kan anpassas till barn och unga med olika funktionsneds\u00e4ttningar.<\/p>\n\n\n\n<h2 class=\"wp-block-heading\">Arbetsmaterial<\/h2>\n\n\n\n<p>H\u00e4r finns underlag till tema 4 i form av en presentation i Powerpoint som du g\u00e5r igenom tillsammans med deltagarna.<\/p>\n\n\n\n<ul class=\"List\">\n<li class=\"List-item\"><a href=\"\/kunskapsportal\/wp-content\/uploads\/2025\/02\/forebygg-vald.pptx\">F\u00f6rebygg v\u00e5ld (ppt)<\/a><\/li>\n<\/ul>\n\n\n\n<p>H\u00e4r finns en film som kan visas under passet.<\/p>\n\n\n\n<div style=width:600px; id=\"mfv8edi5b\"><\/div><script>if(!document.querySelector('link[href=\"https:\/\/mfstatic.com\/css\/mediaflowplayer.min.css\"]')){const mfl8edi5b=document.createElement('link');mfl8edi5b.setAttribute('rel','stylesheet');mfl8edi5b.setAttribute('type','text\/css');mfl8edi5b.setAttribute('href','https:\/\/mfstatic.com\/css\/mediaflowplayer.min.css');document.getElementsByTagName('head')[0].appendChild(mfl8edi5b);}if(typeof(MFPlayer)=='undefined'){const mfs8edi5b=document.createElement('script');mfs8edi5b.setAttribute('crossorigin','anonymous');document.body.appendChild(mfs8edi5b);mfs8edi5b.onload=function(){new MFPlayer('#mfv8edi5b','27IEULX5ML', {});};mfs8edi5b.src='https:\/\/mfstatic.com\/js\/mediaflowplayer.min.js';}else{new MFPlayer('mfv8edi5b','27IEULX5ML', {});}<\/script>\n\n\n\n<p><\/p>\n\n\n\n<p>Samlingen med fallbeskrivningar som du kan anv\u00e4nda under passet hittar du i utbildningsledarmappen.<\/p>\n\n\n\n<p><a href=\"https:\/\/barnafrid.se\/kunskapsportal\/gruppspar-barn-och-unga-med-funktionsnedsattning\/\">Tillbaka till startsidan f\u00f6r gruppsp\u00e5ret&gt;&gt;<\/a><\/p>\n","protected":false},"excerpt":{"rendered":"<p>H\u00e4r f\u00e5r du och dina kollegor kunskap om: Ni f\u00e5r ocks\u00e5 reflektera \u00f6ver hur ert v\u00e5ldsf\u00f6rebyggande arbete kan anpassas till barn och unga med olika funktionsneds\u00e4ttningar. Arbetsmaterial H\u00e4r finns underlag till tema 4 i form av en presentation i Powerpoint som du g\u00e5r igenom tillsammans med deltagarna. H\u00e4r finns en film som kan visas under [&hellip;]<\/p>\n","protected":false},"author":30505,"featured_media":0,"parent":0,"menu_order":0,"comment_status":"closed","ping_status":"closed","template":"page-centered.php","meta":{"h5ap_radio_sources":[],"footnotes":""},"role":[],"class_list":["post-13454","page","type-page","status-publish","hentry"],"yoast_head":"<!-- This site is optimized with the Yoast SEO plugin v27.3 - https:\/\/yoast.com\/product\/yoast-seo-wordpress\/ -->\n<title>Tema 4. F\u00f6rebygg v\u00e5ld - Barnafrid<\/title>\n<meta name=\"robots\" content=\"index, follow, max-snippet:-1, max-image-preview:large, max-video-preview:-1\" \/>\n<link rel=\"canonical\" href=\"https:\/\/barnafrid.se\/kunskapsportal\/tema-4-forebygg-vald\/\" \/>\n<meta property=\"og:locale\" content=\"sv_SE\" \/>\n<meta property=\"og:type\" content=\"article\" \/>\n<meta property=\"og:title\" content=\"Tema 4. F\u00f6rebygg v\u00e5ld - Barnafrid\" \/>\n<meta property=\"og:description\" content=\"H\u00e4r f\u00e5r du och dina kollegor kunskap om: Ni f\u00e5r ocks\u00e5 reflektera \u00f6ver hur ert v\u00e5ldsf\u00f6rebyggande arbete kan anpassas till barn och unga med olika funktionsneds\u00e4ttningar. Arbetsmaterial H\u00e4r finns underlag till tema 4 i form av en presentation i Powerpoint som du g\u00e5r igenom tillsammans med deltagarna. H\u00e4r finns en film som kan visas under [&hellip;]\" \/>\n<meta property=\"og:url\" content=\"https:\/\/barnafrid.se\/kunskapsportal\/tema-4-forebygg-vald\/\" \/>\n<meta property=\"og:site_name\" content=\"Barnafrid\" \/>\n<meta property=\"article:modified_time\" content=\"2025-02-14T10:36:10+00:00\" \/>\n<meta name=\"twitter:card\" content=\"summary_large_image\" \/>\n<meta name=\"twitter:label1\" content=\"Ber\u00e4knad l\u00e4stid\" \/>\n\t<meta name=\"twitter:data1\" content=\"1 minut\" \/>\n<script type=\"application\/ld+json\" class=\"yoast-schema-graph\">{\"@context\":\"https:\\\/\\\/schema.org\",\"@graph\":[{\"@type\":\"WebPage\",\"@id\":\"https:\\\/\\\/barnafrid.se\\\/kunskapsportal\\\/tema-4-forebygg-vald\\\/\",\"url\":\"https:\\\/\\\/barnafrid.se\\\/kunskapsportal\\\/tema-4-forebygg-vald\\\/\",\"name\":\"Tema 4. F\u00f6rebygg v\u00e5ld - Barnafrid\",\"isPartOf\":{\"@id\":\"https:\\\/\\\/barnafrid.se\\\/kunskapsportal\\\/#website\"},\"datePublished\":\"2025-02-03T08:07:40+00:00\",\"dateModified\":\"2025-02-14T10:36:10+00:00\",\"breadcrumb\":{\"@id\":\"https:\\\/\\\/barnafrid.se\\\/kunskapsportal\\\/tema-4-forebygg-vald\\\/#breadcrumb\"},\"inLanguage\":\"sv-SE\",\"potentialAction\":[{\"@type\":\"ReadAction\",\"target\":[\"https:\\\/\\\/barnafrid.se\\\/kunskapsportal\\\/tema-4-forebygg-vald\\\/\"]}]},{\"@type\":\"BreadcrumbList\",\"@id\":\"https:\\\/\\\/barnafrid.se\\\/kunskapsportal\\\/tema-4-forebygg-vald\\\/#breadcrumb\",\"itemListElement\":[{\"@type\":\"ListItem\",\"position\":1,\"name\":\"Home\",\"item\":\"https:\\\/\\\/barnafrid.se\\\/kunskapsportal\\\/\"},{\"@type\":\"ListItem\",\"position\":2,\"name\":\"Tema 4. F\u00f6rebygg v\u00e5ld\"}]},{\"@type\":\"WebSite\",\"@id\":\"https:\\\/\\\/barnafrid.se\\\/kunskapsportal\\\/#website\",\"url\":\"https:\\\/\\\/barnafrid.se\\\/kunskapsportal\\\/\",\"name\":\"Barnafrid\",\"description\":\"Kunskapsportal om v\u00e5ld mot barn\",\"potentialAction\":[{\"@type\":\"SearchAction\",\"target\":{\"@type\":\"EntryPoint\",\"urlTemplate\":\"https:\\\/\\\/barnafrid.se\\\/kunskapsportal\\\/?s={search_term_string}\"},\"query-input\":{\"@type\":\"PropertyValueSpecification\",\"valueRequired\":true,\"valueName\":\"search_term_string\"}}],\"inLanguage\":\"sv-SE\"}]}<\/script>\n<!-- \/ Yoast SEO plugin. -->","yoast_head_json":{"title":"Tema 4. F\u00f6rebygg v\u00e5ld - Barnafrid","robots":{"index":"index","follow":"follow","max-snippet":"max-snippet:-1","max-image-preview":"max-image-preview:large","max-video-preview":"max-video-preview:-1"},"canonical":"https:\/\/barnafrid.se\/kunskapsportal\/tema-4-forebygg-vald\/","og_locale":"sv_SE","og_type":"article","og_title":"Tema 4. F\u00f6rebygg v\u00e5ld - Barnafrid","og_description":"H\u00e4r f\u00e5r du och dina kollegor kunskap om: Ni f\u00e5r ocks\u00e5 reflektera \u00f6ver hur ert v\u00e5ldsf\u00f6rebyggande arbete kan anpassas till barn och unga med olika funktionsneds\u00e4ttningar. Arbetsmaterial H\u00e4r finns underlag till tema 4 i form av en presentation i Powerpoint som du g\u00e5r igenom tillsammans med deltagarna. H\u00e4r finns en film som kan visas under [&hellip;]","og_url":"https:\/\/barnafrid.se\/kunskapsportal\/tema-4-forebygg-vald\/","og_site_name":"Barnafrid","article_modified_time":"2025-02-14T10:36:10+00:00","twitter_card":"summary_large_image","twitter_misc":{"Ber\u00e4knad l\u00e4stid":"1 minut"},"schema":{"@context":"https:\/\/schema.org","@graph":[{"@type":"WebPage","@id":"https:\/\/barnafrid.se\/kunskapsportal\/tema-4-forebygg-vald\/","url":"https:\/\/barnafrid.se\/kunskapsportal\/tema-4-forebygg-vald\/","name":"Tema 4. F\u00f6rebygg v\u00e5ld - Barnafrid","isPartOf":{"@id":"https:\/\/barnafrid.se\/kunskapsportal\/#website"},"datePublished":"2025-02-03T08:07:40+00:00","dateModified":"2025-02-14T10:36:10+00:00","breadcrumb":{"@id":"https:\/\/barnafrid.se\/kunskapsportal\/tema-4-forebygg-vald\/#breadcrumb"},"inLanguage":"sv-SE","potentialAction":[{"@type":"ReadAction","target":["https:\/\/barnafrid.se\/kunskapsportal\/tema-4-forebygg-vald\/"]}]},{"@type":"BreadcrumbList","@id":"https:\/\/barnafrid.se\/kunskapsportal\/tema-4-forebygg-vald\/#breadcrumb","itemListElement":[{"@type":"ListItem","position":1,"name":"Home","item":"https:\/\/barnafrid.se\/kunskapsportal\/"},{"@type":"ListItem","position":2,"name":"Tema 4. F\u00f6rebygg v\u00e5ld"}]},{"@type":"WebSite","@id":"https:\/\/barnafrid.se\/kunskapsportal\/#website","url":"https:\/\/barnafrid.se\/kunskapsportal\/","name":"Barnafrid","description":"Kunskapsportal om v\u00e5ld mot barn","potentialAction":[{"@type":"SearchAction","target":{"@type":"EntryPoint","urlTemplate":"https:\/\/barnafrid.se\/kunskapsportal\/?s={search_term_string}"},"query-input":{"@type":"PropertyValueSpecification","valueRequired":true,"valueName":"search_term_string"}}],"inLanguage":"sv-SE"}]}},"_links":{"self":[{"href":"https:\/\/barnafrid.se\/kunskapsportal\/wp-json\/wp\/v2\/pages\/13454","targetHints":{"allow":["GET"]}}],"collection":[{"href":"https:\/\/barnafrid.se\/kunskapsportal\/wp-json\/wp\/v2\/pages"}],"about":[{"href":"https:\/\/barnafrid.se\/kunskapsportal\/wp-json\/wp\/v2\/types\/page"}],"author":[{"embeddable":true,"href":"https:\/\/barnafrid.se\/kunskapsportal\/wp-json\/wp\/v2\/users\/30505"}],"replies":[{"embeddable":true,"href":"https:\/\/barnafrid.se\/kunskapsportal\/wp-json\/wp\/v2\/comments?post=13454"}],"version-history":[{"count":16,"href":"https:\/\/barnafrid.se\/kunskapsportal\/wp-json\/wp\/v2\/pages\/13454\/revisions"}],"predecessor-version":[{"id":13847,"href":"https:\/\/barnafrid.se\/kunskapsportal\/wp-json\/wp\/v2\/pages\/13454\/revisions\/13847"}],"wp:attachment":[{"href":"https:\/\/barnafrid.se\/kunskapsportal\/wp-json\/wp\/v2\/media?parent=13454"}],"wp:term":[{"taxonomy":"role","embeddable":true,"href":"https:\/\/barnafrid.se\/kunskapsportal\/wp-json\/wp\/v2\/role?post=13454"}],"curies":[{"name":"wp","href":"https:\/\/api.w.org\/{rel}","templated":true}]}}