{"id":13452,"date":"2025-02-03T09:07:18","date_gmt":"2025-02-03T08:07:18","guid":{"rendered":"https:\/\/barnafrid.se\/kunskapsportal\/?page_id=13452"},"modified":"2025-05-09T11:13:59","modified_gmt":"2025-05-09T09:13:59","slug":"tema-3-kommunicera-om-vald","status":"publish","type":"page","link":"https:\/\/barnafrid.se\/kunskapsportal\/tema-3-kommunicera-om-vald\/","title":{"rendered":"Tema 3. Kommunicera om v\u00e5ld"},"content":{"rendered":"\n<figure class=\"Image size-large is-resized\"><img loading=\"lazy\" decoding=\"async\" width=\"1024\" height=\"890\" src=\"\/kunskapsportal\/wp-content\/uploads\/2025\/01\/bf_20250102_025-1024x890.png\" alt=\"En l\u00e4rare som hj\u00e4lper en elev med skolarbetet.\" class=\"Image-img wp-image-13389\" style=\"width:auto;height:500px\" srcset=\"https:\/\/barnafrid.se\/kunskapsportal\/wp-content\/uploads\/2025\/01\/bf_20250102_025-1024x890.png 1024w, https:\/\/barnafrid.se\/kunskapsportal\/wp-content\/uploads\/2025\/01\/bf_20250102_025-300x261.png 300w, https:\/\/barnafrid.se\/kunskapsportal\/wp-content\/uploads\/2025\/01\/bf_20250102_025-768x668.png 768w, https:\/\/barnafrid.se\/kunskapsportal\/wp-content\/uploads\/2025\/01\/bf_20250102_025-1536x1336.png 1536w, https:\/\/barnafrid.se\/kunskapsportal\/wp-content\/uploads\/2025\/01\/bf_20250102_025-2048x1781.png 2048w\" sizes=\"auto, (max-width: 1024px) 100vw, 1024px\" \/><\/figure>\n\n\n\n<p>H\u00e4r f\u00e5r du och dina kollegor kunskap om:<\/p>\n\n\n\n<ul class=\"List\">\n<li class=\"List-item\">Hur ni kan samtala om v\u00e5ld med barn och unga.<\/li>\n\n\n\n<li class=\"List-item\">Hur ni kan anpassa kommunikation om v\u00e5ld till olika f\u00f6ruts\u00e4ttningar som barn och unga med funktionsneds\u00e4ttning kan ha.<\/li>\n\n\n\n<li class=\"List-item\">Hur ni kan anv\u00e4nda kommunikationsst\u00f6d och teckenspr\u00e5kstolkning i samtal om v\u00e5ld.<\/li>\n<\/ul>\n\n\n\n<p>Ni f\u00e5r ocks\u00e5 m\u00f6jlighet att genomf\u00f6ra en \u00f6vning om kommunikationsst\u00f6d i samtal om v\u00e5ld med barn och unga med funktionsneds\u00e4ttning, samt reflektera kring f\u00f6ruts\u00e4ttningarna att kommunicera om v\u00e5ld i er verksamhet.<\/p>\n\n\n\n<h2 class=\"wp-block-heading\">Arbetsmaterial<\/h2>\n\n\n\n<p>H\u00e4r finns underlag till tema 3 i form av en presentation i Powerpoint som du g\u00e5r igenom tillsammans med deltagarna.<\/p>\n\n\n\n<ul class=\"List\">\n<li class=\"List-item\"><a href=\"\/kunskapsportal\/wp-content\/uploads\/2025\/02\/kommunicera-om-vald.pptx\">Kommunicera om v\u00e5ld (ppt)<\/a><\/li>\n<\/ul>\n\n\n\n<p>H\u00e4r finns instruktioner och en samtalskarta som kan anv\u00e4ndas f\u00f6r att genomf\u00f6ra \u00f6vningen. Samtalskartan \u00e4r ett visuellt kommunikationsst\u00f6d som inneh\u00e5ller cirka 100 bilder p\u00e5 temat k\u00e4nslor, r\u00e4ttigheter och v\u00e5ld.<\/p>\n\n\n\n<ul class=\"List\">\n<li class=\"List-item\"><a href=\"https:\/\/barnafrid.se\/kunskapsportal\/wp-content\/uploads\/2025\/02\/ovning-samtal-om-kanslor-rattigheter-och-vald.pdf\" target=\"_blank\" rel=\"noreferrer noopener\">\u00d6vning: Samtal om k\u00e4nslor, r\u00e4ttigheter och v\u00e5ld (pdf)<\/a><\/li>\n\n\n\n<li class=\"List-item\"><a href=\"https:\/\/barnafrid.se\/kunskapsportal\/wp-content\/uploads\/2025\/02\/ovningsmaterial-samtalskarta.pdf\" target=\"_blank\" rel=\"noreferrer noopener\">\u00d6vningsmaterial: Samtalskarta, k\u00e4nslor, r\u00e4ttigheter och v\u00e5ld (pdf)<\/a><\/li>\n<\/ul>\n\n\n\n<h2 class=\"wp-block-heading\">F\u00f6rdjupningsmaterial<\/h2>\n\n\n\n<p>H\u00e4r finns l\u00e4nkar till Kunskapsguidens st\u00f6d f\u00f6r alternativ och kompletterande kommunikation samt till Dart som \u00e4r en specialistenhet f\u00f6r kommunikationsst\u00f6d och digital delaktighet i V\u00e4stra G\u00f6talandsregionen.<\/p>\n\n\n\n<ul class=\"List\">\n<li class=\"List-item\">St\u00f6d f\u00f6r kommunikation &#8211; Alternativ och kompletterande kommunikation p\u00e5 Kunskapsguiden <a href=\"https:\/\/kunskapsguiden.se\/omraden-och-teman\/funktionshinder\/alternativ-och-kompletterande-kommunikation\/\" target=\"_blank\" rel=\"noreferrer noopener\">Alternativ och kompletterande kommunikation (kunskapsguiden.se<\/a>)<\/li>\n\n\n\n<li class=\"List-item\">Specialistenheten f\u00f6r kommunikationsst\u00f6d och digital delaktighet i V\u00e4stra G\u00f6talandsregionen <a href=\"https:\/\/www.vgregion.se\/ov\/dart\/lar-om-kommunikationsstod\/\" target=\"_blank\" rel=\"noreferrer noopener\">L\u00e4r om kommunikationsst\u00f6d &#8211; Dart (vgregion.se)<\/a><\/li>\n<\/ul>\n\n\n\n<p>H\u00e4r finns exempel p\u00e5 metodmaterial med bildst\u00f6d f\u00f6r samtal om v\u00e5ld som du kan skicka ut till deltagarna efter tr\u00e4ffen.<\/p>\n\n\n\n<ul class=\"List\">\n<li class=\"List-item\">Fr\u00e5geformul\u00e4r med bildst\u00f6d f\u00f6r att st\u00e4lla fr\u00e5gor om v\u00e5ld i n\u00e4ra relationer, Fr\u00e5gor om v\u00e5ld (FOV) <a href=\"https:\/\/www.vgregion.se\/f\/regionhalsan\/valdinararelationer\/material\/\" target=\"_blank\" rel=\"noreferrer noopener\">Material, Kompetenscentrum om v\u00e5ld i n\u00e4ra relationer (valdinarareationer.se)<\/a><\/li>\n\n\n\n<li class=\"List-item\">Film och bildst\u00f6d f\u00f6r att tala om k\u00e4nslor, sexualitet, fysisk och psykisk h\u00e4lsa, samt medicinska unders\u00f6kningar och behandlingar <a href=\"https:\/\/eur01.safelinks.protection.outlook.com\/?url=https%3A%2F%2Fwww.vgregion.se%2Fov%2Fdart%2Ffardigt-material%2Fsamtal-om-vald%2Fmaterial%2F&amp;data=05%7C02%7Cemma.hedlin%40liu.se%7C9a683a79567c4850f9f108dd4c0b9399%7C913f18ec7f264c5fa816784fe9a58edd%7C0%7C0%7C638750335013342367%7CUnknown%7CTWFpbGZsb3d8eyJFbXB0eU1hcGkiOnRydWUsIlYiOiIwLjAuMDAwMCIsIlAiOiJXaW4zMiIsIkFOIjoiTWFpbCIsIldUIjoyfQ%3D%3D%7C0%7C%7C%7C&amp;sdata=EAE7ojwOD04zcspakOHMizOtLJ4uGdeleAnuz59%2BdaQ%3D&amp;reserved=0\" target=\"_blank\" rel=\"noreferrer noopener\">Material \u2013 Dart&nbsp;(vgregion.se)<\/a><\/li>\n\n\n\n<li class=\"List-item\">Bildst\u00f6d vid samtal om sexuell h\u00e4lsa <a href=\"https:\/\/www.habilitering.se\/kunskap-och-stod\/material-att-ladda-ner---sok-sjalv\/bildstod-sexuell-halsa\/\" target=\"_blank\" rel=\"noreferrer noopener\">Bildst\u00f6d f\u00f6r samtal kring sexuell och reproduktiv h\u00e4lsa och r\u00e4ttigheter (habilitering.se)<\/a><\/li>\n\n\n\n<li class=\"List-item\">Bild- och spr\u00e5kst\u00f6d f\u00f6r screening av unga som \u00e4r sexuellt risktagande eller har erfarenhet av v\u00e5ld <a href=\"https:\/\/www.vgregion.se\/halsa-och-vard\/vardgivarwebben\/amnesomraden\/sexuell-halsa\/kunskapscentrum-for-sexuell-halsa\/utbildningar\/catch-up-sexit\/material-sexit\/\" target=\"_blank\" rel=\"noreferrer noopener\">SEXIT Bild- och spr\u00e5kst\u00f6d (vgregion.se)<\/a><\/li>\n<\/ul>\n\n\n\n<p><a href=\"https:\/\/barnafrid.se\/kunskapsportal\/gruppspar-barn-och-unga-med-funktionsnedsattning\/\">Tillbaka till startsidan f\u00f6r gruppsp\u00e5ret&gt;&gt;<\/a><\/p>\n","protected":false},"excerpt":{"rendered":"<p>H\u00e4r f\u00e5r du och dina kollegor kunskap om: Ni f\u00e5r ocks\u00e5 m\u00f6jlighet att genomf\u00f6ra en \u00f6vning om kommunikationsst\u00f6d i samtal om v\u00e5ld med barn och unga med funktionsneds\u00e4ttning, samt reflektera kring f\u00f6ruts\u00e4ttningarna att kommunicera om v\u00e5ld i er verksamhet. Arbetsmaterial H\u00e4r finns underlag till tema 3 i form av en presentation i Powerpoint som du [&hellip;]<\/p>\n","protected":false},"author":30505,"featured_media":0,"parent":0,"menu_order":0,"comment_status":"closed","ping_status":"closed","template":"page-centered.php","meta":{"h5ap_radio_sources":[],"footnotes":""},"role":[],"class_list":["post-13452","page","type-page","status-publish","hentry"],"yoast_head":"<!-- This site is optimized with the Yoast SEO plugin v27.3 - https:\/\/yoast.com\/product\/yoast-seo-wordpress\/ -->\n<title>Tema 3. Kommunicera om v\u00e5ld - Barnafrid<\/title>\n<meta name=\"robots\" content=\"index, follow, max-snippet:-1, max-image-preview:large, max-video-preview:-1\" \/>\n<link rel=\"canonical\" href=\"https:\/\/barnafrid.se\/kunskapsportal\/tema-3-kommunicera-om-vald\/\" \/>\n<meta property=\"og:locale\" content=\"sv_SE\" \/>\n<meta property=\"og:type\" content=\"article\" \/>\n<meta property=\"og:title\" content=\"Tema 3. Kommunicera om v\u00e5ld - Barnafrid\" \/>\n<meta property=\"og:description\" content=\"H\u00e4r f\u00e5r du och dina kollegor kunskap om: Ni f\u00e5r ocks\u00e5 m\u00f6jlighet att genomf\u00f6ra en \u00f6vning om kommunikationsst\u00f6d i samtal om v\u00e5ld med barn och unga med funktionsneds\u00e4ttning, samt reflektera kring f\u00f6ruts\u00e4ttningarna att kommunicera om v\u00e5ld i er verksamhet. Arbetsmaterial H\u00e4r finns underlag till tema 3 i form av en presentation i Powerpoint som du [&hellip;]\" \/>\n<meta property=\"og:url\" content=\"https:\/\/barnafrid.se\/kunskapsportal\/tema-3-kommunicera-om-vald\/\" \/>\n<meta property=\"og:site_name\" content=\"Barnafrid\" \/>\n<meta property=\"article:modified_time\" content=\"2025-05-09T09:13:59+00:00\" \/>\n<meta name=\"twitter:card\" content=\"summary_large_image\" \/>\n<meta name=\"twitter:label1\" content=\"Ber\u00e4knad l\u00e4stid\" \/>\n\t<meta name=\"twitter:data1\" content=\"2 minuter\" \/>\n<script type=\"application\/ld+json\" class=\"yoast-schema-graph\">{\"@context\":\"https:\\\/\\\/schema.org\",\"@graph\":[{\"@type\":\"WebPage\",\"@id\":\"https:\\\/\\\/barnafrid.se\\\/kunskapsportal\\\/tema-3-kommunicera-om-vald\\\/\",\"url\":\"https:\\\/\\\/barnafrid.se\\\/kunskapsportal\\\/tema-3-kommunicera-om-vald\\\/\",\"name\":\"Tema 3. Kommunicera om v\u00e5ld - Barnafrid\",\"isPartOf\":{\"@id\":\"https:\\\/\\\/barnafrid.se\\\/kunskapsportal\\\/#website\"},\"datePublished\":\"2025-02-03T08:07:18+00:00\",\"dateModified\":\"2025-05-09T09:13:59+00:00\",\"breadcrumb\":{\"@id\":\"https:\\\/\\\/barnafrid.se\\\/kunskapsportal\\\/tema-3-kommunicera-om-vald\\\/#breadcrumb\"},\"inLanguage\":\"sv-SE\",\"potentialAction\":[{\"@type\":\"ReadAction\",\"target\":[\"https:\\\/\\\/barnafrid.se\\\/kunskapsportal\\\/tema-3-kommunicera-om-vald\\\/\"]}]},{\"@type\":\"BreadcrumbList\",\"@id\":\"https:\\\/\\\/barnafrid.se\\\/kunskapsportal\\\/tema-3-kommunicera-om-vald\\\/#breadcrumb\",\"itemListElement\":[{\"@type\":\"ListItem\",\"position\":1,\"name\":\"Home\",\"item\":\"https:\\\/\\\/barnafrid.se\\\/kunskapsportal\\\/\"},{\"@type\":\"ListItem\",\"position\":2,\"name\":\"Tema 3. Kommunicera om v\u00e5ld\"}]},{\"@type\":\"WebSite\",\"@id\":\"https:\\\/\\\/barnafrid.se\\\/kunskapsportal\\\/#website\",\"url\":\"https:\\\/\\\/barnafrid.se\\\/kunskapsportal\\\/\",\"name\":\"Barnafrid\",\"description\":\"Kunskapsportal om v\u00e5ld mot barn\",\"potentialAction\":[{\"@type\":\"SearchAction\",\"target\":{\"@type\":\"EntryPoint\",\"urlTemplate\":\"https:\\\/\\\/barnafrid.se\\\/kunskapsportal\\\/?s={search_term_string}\"},\"query-input\":{\"@type\":\"PropertyValueSpecification\",\"valueRequired\":true,\"valueName\":\"search_term_string\"}}],\"inLanguage\":\"sv-SE\"}]}<\/script>\n<!-- \/ Yoast SEO plugin. -->","yoast_head_json":{"title":"Tema 3. Kommunicera om v\u00e5ld - Barnafrid","robots":{"index":"index","follow":"follow","max-snippet":"max-snippet:-1","max-image-preview":"max-image-preview:large","max-video-preview":"max-video-preview:-1"},"canonical":"https:\/\/barnafrid.se\/kunskapsportal\/tema-3-kommunicera-om-vald\/","og_locale":"sv_SE","og_type":"article","og_title":"Tema 3. Kommunicera om v\u00e5ld - Barnafrid","og_description":"H\u00e4r f\u00e5r du och dina kollegor kunskap om: Ni f\u00e5r ocks\u00e5 m\u00f6jlighet att genomf\u00f6ra en \u00f6vning om kommunikationsst\u00f6d i samtal om v\u00e5ld med barn och unga med funktionsneds\u00e4ttning, samt reflektera kring f\u00f6ruts\u00e4ttningarna att kommunicera om v\u00e5ld i er verksamhet. Arbetsmaterial H\u00e4r finns underlag till tema 3 i form av en presentation i Powerpoint som du [&hellip;]","og_url":"https:\/\/barnafrid.se\/kunskapsportal\/tema-3-kommunicera-om-vald\/","og_site_name":"Barnafrid","article_modified_time":"2025-05-09T09:13:59+00:00","twitter_card":"summary_large_image","twitter_misc":{"Ber\u00e4knad l\u00e4stid":"2 minuter"},"schema":{"@context":"https:\/\/schema.org","@graph":[{"@type":"WebPage","@id":"https:\/\/barnafrid.se\/kunskapsportal\/tema-3-kommunicera-om-vald\/","url":"https:\/\/barnafrid.se\/kunskapsportal\/tema-3-kommunicera-om-vald\/","name":"Tema 3. Kommunicera om v\u00e5ld - Barnafrid","isPartOf":{"@id":"https:\/\/barnafrid.se\/kunskapsportal\/#website"},"datePublished":"2025-02-03T08:07:18+00:00","dateModified":"2025-05-09T09:13:59+00:00","breadcrumb":{"@id":"https:\/\/barnafrid.se\/kunskapsportal\/tema-3-kommunicera-om-vald\/#breadcrumb"},"inLanguage":"sv-SE","potentialAction":[{"@type":"ReadAction","target":["https:\/\/barnafrid.se\/kunskapsportal\/tema-3-kommunicera-om-vald\/"]}]},{"@type":"BreadcrumbList","@id":"https:\/\/barnafrid.se\/kunskapsportal\/tema-3-kommunicera-om-vald\/#breadcrumb","itemListElement":[{"@type":"ListItem","position":1,"name":"Home","item":"https:\/\/barnafrid.se\/kunskapsportal\/"},{"@type":"ListItem","position":2,"name":"Tema 3. Kommunicera om v\u00e5ld"}]},{"@type":"WebSite","@id":"https:\/\/barnafrid.se\/kunskapsportal\/#website","url":"https:\/\/barnafrid.se\/kunskapsportal\/","name":"Barnafrid","description":"Kunskapsportal om v\u00e5ld mot barn","potentialAction":[{"@type":"SearchAction","target":{"@type":"EntryPoint","urlTemplate":"https:\/\/barnafrid.se\/kunskapsportal\/?s={search_term_string}"},"query-input":{"@type":"PropertyValueSpecification","valueRequired":true,"valueName":"search_term_string"}}],"inLanguage":"sv-SE"}]}},"_links":{"self":[{"href":"https:\/\/barnafrid.se\/kunskapsportal\/wp-json\/wp\/v2\/pages\/13452","targetHints":{"allow":["GET"]}}],"collection":[{"href":"https:\/\/barnafrid.se\/kunskapsportal\/wp-json\/wp\/v2\/pages"}],"about":[{"href":"https:\/\/barnafrid.se\/kunskapsportal\/wp-json\/wp\/v2\/types\/page"}],"author":[{"embeddable":true,"href":"https:\/\/barnafrid.se\/kunskapsportal\/wp-json\/wp\/v2\/users\/30505"}],"replies":[{"embeddable":true,"href":"https:\/\/barnafrid.se\/kunskapsportal\/wp-json\/wp\/v2\/comments?post=13452"}],"version-history":[{"count":22,"href":"https:\/\/barnafrid.se\/kunskapsportal\/wp-json\/wp\/v2\/pages\/13452\/revisions"}],"predecessor-version":[{"id":15727,"href":"https:\/\/barnafrid.se\/kunskapsportal\/wp-json\/wp\/v2\/pages\/13452\/revisions\/15727"}],"wp:attachment":[{"href":"https:\/\/barnafrid.se\/kunskapsportal\/wp-json\/wp\/v2\/media?parent=13452"}],"wp:term":[{"taxonomy":"role","embeddable":true,"href":"https:\/\/barnafrid.se\/kunskapsportal\/wp-json\/wp\/v2\/role?post=13452"}],"curies":[{"name":"wp","href":"https:\/\/api.w.org\/{rel}","templated":true}]}}