{"id":13447,"date":"2025-02-03T09:07:11","date_gmt":"2025-02-03T08:07:11","guid":{"rendered":"https:\/\/barnafrid.se\/kunskapsportal\/?page_id=13447"},"modified":"2025-02-14T11:10:59","modified_gmt":"2025-02-14T10:10:59","slug":"tema-2-vald-mot-barn-och-unga-med-funktionsnedsattning","status":"publish","type":"page","link":"https:\/\/barnafrid.se\/kunskapsportal\/tema-2-vald-mot-barn-och-unga-med-funktionsnedsattning\/","title":{"rendered":"Tema 2. Utsatthet och s\u00e5rbarhet"},"content":{"rendered":"\n<figure class=\"Image size-large is-resized\"><img loading=\"lazy\" decoding=\"async\" width=\"1024\" height=\"831\" src=\"\/kunskapsportal\/wp-content\/uploads\/2025\/01\/bf_20250102_018-1024x831.png\" alt=\"En rullstol som v\u00e4lt.\" class=\"Image-img wp-image-13388\" style=\"width:auto;height:500px\" srcset=\"https:\/\/barnafrid.se\/kunskapsportal\/wp-content\/uploads\/2025\/01\/bf_20250102_018-1024x831.png 1024w, https:\/\/barnafrid.se\/kunskapsportal\/wp-content\/uploads\/2025\/01\/bf_20250102_018-300x244.png 300w, https:\/\/barnafrid.se\/kunskapsportal\/wp-content\/uploads\/2025\/01\/bf_20250102_018-768x623.png 768w, https:\/\/barnafrid.se\/kunskapsportal\/wp-content\/uploads\/2025\/01\/bf_20250102_018-1536x1247.png 1536w, https:\/\/barnafrid.se\/kunskapsportal\/wp-content\/uploads\/2025\/01\/bf_20250102_018.png 1546w\" sizes=\"auto, (max-width: 1024px) 100vw, 1024px\" \/><\/figure>\n\n\n\n<p>H\u00e4r f\u00e5r du och dina kollegor kunskap om:<\/p>\n\n\n\n<ul class=\"List\">\n<li class=\"List-item\">Barns r\u00e4tt till skydd fr\u00e5n v\u00e5ld.<\/li>\n\n\n\n<li class=\"List-item\">Riskfaktorer f\u00f6r att ett barn med funktionsneds\u00e4ttning uts\u00e4tts f\u00f6r v\u00e5ld i n\u00e4ra relation.<\/li>\n\n\n\n<li class=\"List-item\">Hur olika funktionsneds\u00e4ttningar och behov av tillg\u00e4nglighet kan medf\u00f6ra s\u00e4rskild s\u00e5rbarhet f\u00f6r v\u00e5ld.<\/li>\n<\/ul>\n\n\n\n<p>Ni f\u00e5r ocks\u00e5 reflektera \u00f6ver hur barn och unga med funktionsneds\u00e4ttning kan vara s\u00e4rskilt s\u00e5rbara f\u00f6r v\u00e5ld. &nbsp;<\/p>\n\n\n\n<h2 class=\"wp-block-heading\">Arbetsmaterial<\/h2>\n\n\n\n<p>H\u00e4r finns underlag till tema 2 i form av en presentation i Powerpoint som du g\u00e5r igenom tillsammans med deltagarna.<\/p>\n\n\n\n<ul class=\"List\">\n<li class=\"List-item\"><a href=\"\/kunskapsportal\/wp-content\/uploads\/2025\/02\/utsatthet-och-sarbarhet.pptx\">Utsatthet och s\u00e5rbarhet (ppt)<\/a><\/li>\n<\/ul>\n\n\n\n<p>H\u00e4r finns filmen Afsoon som kan visas under passet. Filmen har tagits fram av Br\u00e4cke Diakoni, Utvecklingscentrum Dubbelt utsatt och Amphi Produktion. I Powerpointpresentationen finns reflektionsfr\u00e5gor till filmen.<\/p>\n\n\n\n<div style=width:600px; id=\"mfvax20pj\"><\/div><script>if(!document.querySelector('link[href=\"https:\/\/mfstatic.com\/css\/mediaflowplayer.min.css\"]')){const mflax20pj=document.createElement('link');mflax20pj.setAttribute('rel','stylesheet');mflax20pj.setAttribute('type','text\/css');mflax20pj.setAttribute('href','https:\/\/mfstatic.com\/css\/mediaflowplayer.min.css');document.getElementsByTagName('head')[0].appendChild(mflax20pj);}if(typeof(MFPlayer)=='undefined'){const mfsax20pj=document.createElement('script');mfsax20pj.setAttribute('crossorigin','anonymous');document.body.appendChild(mfsax20pj);mfsax20pj.onload=function(){new MFPlayer('#mfvax20pj','75GEODR5MU', {});};mfsax20pj.src='https:\/\/mfstatic.com\/js\/mediaflowplayer.min.js';}else{new MFPlayer('mfvax20pj','75GEODR5MU', {});}<\/script>\n\n\n\n<p><\/p>\n\n\n\n<p><a href=\"https:\/\/barnafrid.se\/kunskapsportal\/gruppspar-barn-och-unga-med-funktionsnedsattning\/\">Tillbaka till startsidan f\u00f6r gruppsp\u00e5ret&gt;&gt;<\/a><\/p>\n","protected":false},"excerpt":{"rendered":"<p>H\u00e4r f\u00e5r du och dina kollegor kunskap om: Ni f\u00e5r ocks\u00e5 reflektera \u00f6ver hur barn och unga med funktionsneds\u00e4ttning kan vara s\u00e4rskilt s\u00e5rbara f\u00f6r v\u00e5ld. &nbsp; Arbetsmaterial H\u00e4r finns underlag till tema 2 i form av en presentation i Powerpoint som du g\u00e5r igenom tillsammans med deltagarna. H\u00e4r finns filmen Afsoon som kan visas under [&hellip;]<\/p>\n","protected":false},"author":30505,"featured_media":0,"parent":0,"menu_order":0,"comment_status":"closed","ping_status":"closed","template":"page-centered.php","meta":{"h5ap_radio_sources":[],"footnotes":""},"role":[],"class_list":["post-13447","page","type-page","status-publish","hentry"],"yoast_head":"<!-- This site is optimized with the Yoast SEO plugin v27.3 - https:\/\/yoast.com\/product\/yoast-seo-wordpress\/ -->\n<title>Tema 2. Utsatthet och s\u00e5rbarhet - Barnafrid<\/title>\n<meta name=\"robots\" content=\"index, follow, max-snippet:-1, max-image-preview:large, max-video-preview:-1\" \/>\n<link rel=\"canonical\" href=\"https:\/\/barnafrid.se\/kunskapsportal\/tema-2-vald-mot-barn-och-unga-med-funktionsnedsattning\/\" \/>\n<meta property=\"og:locale\" content=\"sv_SE\" \/>\n<meta property=\"og:type\" content=\"article\" \/>\n<meta property=\"og:title\" content=\"Tema 2. Utsatthet och s\u00e5rbarhet - Barnafrid\" \/>\n<meta property=\"og:description\" content=\"H\u00e4r f\u00e5r du och dina kollegor kunskap om: Ni f\u00e5r ocks\u00e5 reflektera \u00f6ver hur barn och unga med funktionsneds\u00e4ttning kan vara s\u00e4rskilt s\u00e5rbara f\u00f6r v\u00e5ld. &nbsp; Arbetsmaterial H\u00e4r finns underlag till tema 2 i form av en presentation i Powerpoint som du g\u00e5r igenom tillsammans med deltagarna. H\u00e4r finns filmen Afsoon som kan visas under [&hellip;]\" \/>\n<meta property=\"og:url\" content=\"https:\/\/barnafrid.se\/kunskapsportal\/tema-2-vald-mot-barn-och-unga-med-funktionsnedsattning\/\" \/>\n<meta property=\"og:site_name\" content=\"Barnafrid\" \/>\n<meta property=\"article:modified_time\" content=\"2025-02-14T10:10:59+00:00\" \/>\n<meta name=\"twitter:card\" content=\"summary_large_image\" \/>\n<meta name=\"twitter:label1\" content=\"Ber\u00e4knad l\u00e4stid\" \/>\n\t<meta name=\"twitter:data1\" content=\"1 minut\" \/>\n<script type=\"application\/ld+json\" class=\"yoast-schema-graph\">{\"@context\":\"https:\\\/\\\/schema.org\",\"@graph\":[{\"@type\":\"WebPage\",\"@id\":\"https:\\\/\\\/barnafrid.se\\\/kunskapsportal\\\/tema-2-vald-mot-barn-och-unga-med-funktionsnedsattning\\\/\",\"url\":\"https:\\\/\\\/barnafrid.se\\\/kunskapsportal\\\/tema-2-vald-mot-barn-och-unga-med-funktionsnedsattning\\\/\",\"name\":\"Tema 2. Utsatthet och s\u00e5rbarhet - Barnafrid\",\"isPartOf\":{\"@id\":\"https:\\\/\\\/barnafrid.se\\\/kunskapsportal\\\/#website\"},\"datePublished\":\"2025-02-03T08:07:11+00:00\",\"dateModified\":\"2025-02-14T10:10:59+00:00\",\"breadcrumb\":{\"@id\":\"https:\\\/\\\/barnafrid.se\\\/kunskapsportal\\\/tema-2-vald-mot-barn-och-unga-med-funktionsnedsattning\\\/#breadcrumb\"},\"inLanguage\":\"sv-SE\",\"potentialAction\":[{\"@type\":\"ReadAction\",\"target\":[\"https:\\\/\\\/barnafrid.se\\\/kunskapsportal\\\/tema-2-vald-mot-barn-och-unga-med-funktionsnedsattning\\\/\"]}]},{\"@type\":\"BreadcrumbList\",\"@id\":\"https:\\\/\\\/barnafrid.se\\\/kunskapsportal\\\/tema-2-vald-mot-barn-och-unga-med-funktionsnedsattning\\\/#breadcrumb\",\"itemListElement\":[{\"@type\":\"ListItem\",\"position\":1,\"name\":\"Home\",\"item\":\"https:\\\/\\\/barnafrid.se\\\/kunskapsportal\\\/\"},{\"@type\":\"ListItem\",\"position\":2,\"name\":\"Tema 2. Utsatthet och s\u00e5rbarhet\"}]},{\"@type\":\"WebSite\",\"@id\":\"https:\\\/\\\/barnafrid.se\\\/kunskapsportal\\\/#website\",\"url\":\"https:\\\/\\\/barnafrid.se\\\/kunskapsportal\\\/\",\"name\":\"Barnafrid\",\"description\":\"Kunskapsportal om v\u00e5ld mot barn\",\"potentialAction\":[{\"@type\":\"SearchAction\",\"target\":{\"@type\":\"EntryPoint\",\"urlTemplate\":\"https:\\\/\\\/barnafrid.se\\\/kunskapsportal\\\/?s={search_term_string}\"},\"query-input\":{\"@type\":\"PropertyValueSpecification\",\"valueRequired\":true,\"valueName\":\"search_term_string\"}}],\"inLanguage\":\"sv-SE\"}]}<\/script>\n<!-- \/ Yoast SEO plugin. -->","yoast_head_json":{"title":"Tema 2. Utsatthet och s\u00e5rbarhet - Barnafrid","robots":{"index":"index","follow":"follow","max-snippet":"max-snippet:-1","max-image-preview":"max-image-preview:large","max-video-preview":"max-video-preview:-1"},"canonical":"https:\/\/barnafrid.se\/kunskapsportal\/tema-2-vald-mot-barn-och-unga-med-funktionsnedsattning\/","og_locale":"sv_SE","og_type":"article","og_title":"Tema 2. Utsatthet och s\u00e5rbarhet - Barnafrid","og_description":"H\u00e4r f\u00e5r du och dina kollegor kunskap om: Ni f\u00e5r ocks\u00e5 reflektera \u00f6ver hur barn och unga med funktionsneds\u00e4ttning kan vara s\u00e4rskilt s\u00e5rbara f\u00f6r v\u00e5ld. &nbsp; Arbetsmaterial H\u00e4r finns underlag till tema 2 i form av en presentation i Powerpoint som du g\u00e5r igenom tillsammans med deltagarna. H\u00e4r finns filmen Afsoon som kan visas under [&hellip;]","og_url":"https:\/\/barnafrid.se\/kunskapsportal\/tema-2-vald-mot-barn-och-unga-med-funktionsnedsattning\/","og_site_name":"Barnafrid","article_modified_time":"2025-02-14T10:10:59+00:00","twitter_card":"summary_large_image","twitter_misc":{"Ber\u00e4knad l\u00e4stid":"1 minut"},"schema":{"@context":"https:\/\/schema.org","@graph":[{"@type":"WebPage","@id":"https:\/\/barnafrid.se\/kunskapsportal\/tema-2-vald-mot-barn-och-unga-med-funktionsnedsattning\/","url":"https:\/\/barnafrid.se\/kunskapsportal\/tema-2-vald-mot-barn-och-unga-med-funktionsnedsattning\/","name":"Tema 2. Utsatthet och s\u00e5rbarhet - Barnafrid","isPartOf":{"@id":"https:\/\/barnafrid.se\/kunskapsportal\/#website"},"datePublished":"2025-02-03T08:07:11+00:00","dateModified":"2025-02-14T10:10:59+00:00","breadcrumb":{"@id":"https:\/\/barnafrid.se\/kunskapsportal\/tema-2-vald-mot-barn-och-unga-med-funktionsnedsattning\/#breadcrumb"},"inLanguage":"sv-SE","potentialAction":[{"@type":"ReadAction","target":["https:\/\/barnafrid.se\/kunskapsportal\/tema-2-vald-mot-barn-och-unga-med-funktionsnedsattning\/"]}]},{"@type":"BreadcrumbList","@id":"https:\/\/barnafrid.se\/kunskapsportal\/tema-2-vald-mot-barn-och-unga-med-funktionsnedsattning\/#breadcrumb","itemListElement":[{"@type":"ListItem","position":1,"name":"Home","item":"https:\/\/barnafrid.se\/kunskapsportal\/"},{"@type":"ListItem","position":2,"name":"Tema 2. Utsatthet och s\u00e5rbarhet"}]},{"@type":"WebSite","@id":"https:\/\/barnafrid.se\/kunskapsportal\/#website","url":"https:\/\/barnafrid.se\/kunskapsportal\/","name":"Barnafrid","description":"Kunskapsportal om v\u00e5ld mot barn","potentialAction":[{"@type":"SearchAction","target":{"@type":"EntryPoint","urlTemplate":"https:\/\/barnafrid.se\/kunskapsportal\/?s={search_term_string}"},"query-input":{"@type":"PropertyValueSpecification","valueRequired":true,"valueName":"search_term_string"}}],"inLanguage":"sv-SE"}]}},"_links":{"self":[{"href":"https:\/\/barnafrid.se\/kunskapsportal\/wp-json\/wp\/v2\/pages\/13447","targetHints":{"allow":["GET"]}}],"collection":[{"href":"https:\/\/barnafrid.se\/kunskapsportal\/wp-json\/wp\/v2\/pages"}],"about":[{"href":"https:\/\/barnafrid.se\/kunskapsportal\/wp-json\/wp\/v2\/types\/page"}],"author":[{"embeddable":true,"href":"https:\/\/barnafrid.se\/kunskapsportal\/wp-json\/wp\/v2\/users\/30505"}],"replies":[{"embeddable":true,"href":"https:\/\/barnafrid.se\/kunskapsportal\/wp-json\/wp\/v2\/comments?post=13447"}],"version-history":[{"count":18,"href":"https:\/\/barnafrid.se\/kunskapsportal\/wp-json\/wp\/v2\/pages\/13447\/revisions"}],"predecessor-version":[{"id":13828,"href":"https:\/\/barnafrid.se\/kunskapsportal\/wp-json\/wp\/v2\/pages\/13447\/revisions\/13828"}],"wp:attachment":[{"href":"https:\/\/barnafrid.se\/kunskapsportal\/wp-json\/wp\/v2\/media?parent=13447"}],"wp:term":[{"taxonomy":"role","embeddable":true,"href":"https:\/\/barnafrid.se\/kunskapsportal\/wp-json\/wp\/v2\/role?post=13447"}],"curies":[{"name":"wp","href":"https:\/\/api.w.org\/{rel}","templated":true}]}}