{"id":13440,"date":"2025-02-03T09:07:02","date_gmt":"2025-02-03T08:07:02","guid":{"rendered":"https:\/\/barnafrid.se\/kunskapsportal\/?page_id=13440"},"modified":"2026-02-27T08:24:46","modified_gmt":"2026-02-27T07:24:46","slug":"tema-1-vald-barn-och-unga","status":"publish","type":"page","link":"https:\/\/barnafrid.se\/kunskapsportal\/tema-1-vald-barn-och-unga\/","title":{"rendered":"Tema 1. V\u00e5ld, barn och unga"},"content":{"rendered":"\n<figure class=\"Image size-large is-resized\"><img loading=\"lazy\" decoding=\"async\" width=\"459\" height=\"1024\" src=\"\/kunskapsportal\/wp-content\/uploads\/2025\/01\/bf_20250102_009-459x1024.png\" alt=\"En ung vuxen.\" class=\"Image-img wp-image-13385\" style=\"width:auto;height:600px\" srcset=\"https:\/\/barnafrid.se\/kunskapsportal\/wp-content\/uploads\/2025\/01\/bf_20250102_009-459x1024.png 459w, https:\/\/barnafrid.se\/kunskapsportal\/wp-content\/uploads\/2025\/01\/bf_20250102_009-134x300.png 134w, https:\/\/barnafrid.se\/kunskapsportal\/wp-content\/uploads\/2025\/01\/bf_20250102_009-768x1714.png 768w, https:\/\/barnafrid.se\/kunskapsportal\/wp-content\/uploads\/2025\/01\/bf_20250102_009-688x1536.png 688w, https:\/\/barnafrid.se\/kunskapsportal\/wp-content\/uploads\/2025\/01\/bf_20250102_009.png 808w\" sizes=\"auto, (max-width: 459px) 100vw, 459px\" \/><\/figure>\n\n\n\n<p>H\u00e4r f\u00e5r du och dina kollegor kunskap om:<\/p>\n\n\n\n<ul class=\"List\">\n<li class=\"List-item\">Vad som \u00e4r v\u00e5ld.<\/li>\n\n\n\n<li class=\"List-item\">Hur v\u00e5ld kan drabba barn och unga.<\/li>\n<\/ul>\n\n\n\n<p>Ni f\u00e5r ocks\u00e5 reflektera \u00f6ver hur v\u00e5ld mot barn och unga ber\u00f6r er verksamhet.<\/p>\n\n\n\n<h2 class=\"wp-block-heading\">Arbetsmaterial<\/h2>\n\n\n\n<p>H\u00e4r finns underlag till tema 1 i form av en presentation i Powerpoint som du g\u00e5r igenom tillsammans med deltagarna. H\u00e4r finns ocks\u00e5 tv\u00e5 filmer som kan visas som introduktion.<\/p>\n\n\n\n<ul class=\"List\">\n<li class=\"List-item\"><a href=\"https:\/\/barnafrid.se\/kunskapsportal\/wp-content\/uploads\/2026\/02\/vald-barn-och-unga-uppdaterad-260227.pptx\">V\u00e5ld, barn och unga (ppt)<\/a><\/li>\n<\/ul>\n\n\n<div class=\"Videos\">\n        <div class=\"Video Video--original Video--visible\">\n        \n        <figure class=\"VideoPlayer\">\n            <div class=\"VideoPlayer-video VideoPlayer-video--aspect16_9 VideoPlayer-video--hasAspectRatio\">\n                <iframe loading=\"lazy\"\n                    title=\"Video\"\n                    src=\"https:\/\/player.vimeo.com\/video\/415878623?dnt=1&#038;app_id=122963\"\n                    width=\"500\"\n                    height=\"281\"\n                    frameborder=\"0\"\n                    allow=\"autoplay; fullscreen\"\n                    allowfullscreen\n                ><\/iframe>\n            <\/div>\n        <\/figure>\n            <\/div>\n    \n        <div class=\"Video Video--speech Video--hidden\">\n        \n        <figure class=\"VideoPlayer\">\n            <div class=\"VideoPlayer-video VideoPlayer-video--aspect16_9 VideoPlayer-video--hasAspectRatio\">\n                <iframe loading=\"lazy\"\n                    title=\"Speech for Video\"\n                    src=\"https:\/\/player.vimeo.com\/video\/415867279?dnt=1&#038;app_id=122963\"\n                    width=\"500\"\n                    height=\"281\"\n                    frameborder=\"0\"\n                    allow=\"autoplay; fullscreen\"\n                    allowfullscreen\n                ><\/iframe>\n            <\/div>\n        <\/figure>\n            <\/div>\n    \n        <div class=\"Video Video--sign Video--hidden\">\n        \n        <figure class=\"VideoPlayer\">\n            <div class=\"VideoPlayer-video VideoPlayer-video--aspect16_9 VideoPlayer-video--hasAspectRatio\">\n                <iframe loading=\"lazy\"\n                    title=\"Signs for Video\"\n                    src=\"https:\/\/player.vimeo.com\/video\/415875158?dnt=1&#038;app_id=122963\"\n                    width=\"500\"\n                    height=\"281\"\n                    frameborder=\"0\"\n                    allow=\"autoplay; fullscreen\"\n                    allowfullscreen\n                ><\/iframe>\n            <\/div>\n        <\/figure>\n            <\/div>\n    \n    <div class=\"VideosVersions\">\n                <button data-version=\"speech\" class=\"VideosVersion js-toggle-video-version  VideosVersion--speech\">\n            Syntolkning        <\/button>\n        \n                <button data-version=\"sign\" class=\"VideosVersion js-toggle-video-version VideosVersion--sign\">\n            Teckentolkning        <\/button>\n            <\/div>\n<\/div>\n\n\n\n<div id=\"mfv56tir0\"><\/div><script>if(!document.querySelector('link[href=\"https:\/\/mfstatic.com\/css\/mediaflowplayer.min.css\"]')){const mfl56tir0=document.createElement('link');mfl56tir0.setAttribute('rel','stylesheet');mfl56tir0.setAttribute('type','text\/css');mfl56tir0.setAttribute('href','https:\/\/mfstatic.com\/css\/mediaflowplayer.min.css');document.getElementsByTagName('head')[0].appendChild(mfl56tir0);}if(typeof(MFPlayer)=='undefined'){const mfs56tir0=document.createElement('script');mfs56tir0.setAttribute('crossorigin','anonymous');document.body.appendChild(mfs56tir0);mfs56tir0.onload=function(){new MFPlayer('#mfv56tir0','81PEMAT54L', {});};mfs56tir0.src='https:\/\/mfstatic.com\/js\/mediaflowplayer.min.js';}else{new MFPlayer('mfv56tir0','81PEMAT54L', {});}<\/script>\n\n\n\n<p><a href=\"https:\/\/barnafrid.se\/kunskapsportal\/gruppspar-barn-och-unga-med-funktionsnedsattning\/\">Tillbaka till startsidan f\u00f6r gruppsp\u00e5ret&gt;&gt;<\/a><\/p>\n\n\n\n<p><\/p>\n","protected":false},"excerpt":{"rendered":"<p>H\u00e4r f\u00e5r du och dina kollegor kunskap om: Ni f\u00e5r ocks\u00e5 reflektera \u00f6ver hur v\u00e5ld mot barn och unga ber\u00f6r er verksamhet. Arbetsmaterial H\u00e4r finns underlag till tema 1 i form av en presentation i Powerpoint som du g\u00e5r igenom tillsammans med deltagarna. H\u00e4r finns ocks\u00e5 tv\u00e5 filmer som kan visas som introduktion. Tillbaka till [&hellip;]<\/p>\n","protected":false},"author":30505,"featured_media":0,"parent":0,"menu_order":0,"comment_status":"closed","ping_status":"closed","template":"page-centered.php","meta":{"h5ap_radio_sources":[],"footnotes":""},"role":[],"class_list":["post-13440","page","type-page","status-publish","hentry"],"yoast_head":"<!-- This site is optimized with the Yoast SEO plugin v27.3 - https:\/\/yoast.com\/product\/yoast-seo-wordpress\/ -->\n<title>Tema 1. V\u00e5ld, barn och unga - Barnafrid<\/title>\n<meta name=\"robots\" content=\"index, follow, max-snippet:-1, max-image-preview:large, max-video-preview:-1\" \/>\n<link rel=\"canonical\" href=\"https:\/\/barnafrid.se\/kunskapsportal\/tema-1-vald-barn-och-unga\/\" \/>\n<meta property=\"og:locale\" content=\"sv_SE\" \/>\n<meta property=\"og:type\" content=\"article\" \/>\n<meta property=\"og:title\" content=\"Tema 1. V\u00e5ld, barn och unga - Barnafrid\" \/>\n<meta property=\"og:description\" content=\"H\u00e4r f\u00e5r du och dina kollegor kunskap om: Ni f\u00e5r ocks\u00e5 reflektera \u00f6ver hur v\u00e5ld mot barn och unga ber\u00f6r er verksamhet. Arbetsmaterial H\u00e4r finns underlag till tema 1 i form av en presentation i Powerpoint som du g\u00e5r igenom tillsammans med deltagarna. H\u00e4r finns ocks\u00e5 tv\u00e5 filmer som kan visas som introduktion. Tillbaka till [&hellip;]\" \/>\n<meta property=\"og:url\" content=\"https:\/\/barnafrid.se\/kunskapsportal\/tema-1-vald-barn-och-unga\/\" \/>\n<meta property=\"og:site_name\" content=\"Barnafrid\" \/>\n<meta property=\"article:modified_time\" content=\"2026-02-27T07:24:46+00:00\" \/>\n<meta name=\"twitter:card\" content=\"summary_large_image\" \/>\n<meta name=\"twitter:label1\" content=\"Ber\u00e4knad l\u00e4stid\" \/>\n\t<meta name=\"twitter:data1\" content=\"1 minut\" \/>\n<script type=\"application\/ld+json\" class=\"yoast-schema-graph\">{\"@context\":\"https:\\\/\\\/schema.org\",\"@graph\":[{\"@type\":\"WebPage\",\"@id\":\"https:\\\/\\\/barnafrid.se\\\/kunskapsportal\\\/tema-1-vald-barn-och-unga\\\/\",\"url\":\"https:\\\/\\\/barnafrid.se\\\/kunskapsportal\\\/tema-1-vald-barn-och-unga\\\/\",\"name\":\"Tema 1. V\u00e5ld, barn och unga - Barnafrid\",\"isPartOf\":{\"@id\":\"https:\\\/\\\/barnafrid.se\\\/kunskapsportal\\\/#website\"},\"datePublished\":\"2025-02-03T08:07:02+00:00\",\"dateModified\":\"2026-02-27T07:24:46+00:00\",\"breadcrumb\":{\"@id\":\"https:\\\/\\\/barnafrid.se\\\/kunskapsportal\\\/tema-1-vald-barn-och-unga\\\/#breadcrumb\"},\"inLanguage\":\"sv-SE\",\"potentialAction\":[{\"@type\":\"ReadAction\",\"target\":[\"https:\\\/\\\/barnafrid.se\\\/kunskapsportal\\\/tema-1-vald-barn-och-unga\\\/\"]}]},{\"@type\":\"BreadcrumbList\",\"@id\":\"https:\\\/\\\/barnafrid.se\\\/kunskapsportal\\\/tema-1-vald-barn-och-unga\\\/#breadcrumb\",\"itemListElement\":[{\"@type\":\"ListItem\",\"position\":1,\"name\":\"Home\",\"item\":\"https:\\\/\\\/barnafrid.se\\\/kunskapsportal\\\/\"},{\"@type\":\"ListItem\",\"position\":2,\"name\":\"Tema 1. V\u00e5ld, barn och unga\"}]},{\"@type\":\"WebSite\",\"@id\":\"https:\\\/\\\/barnafrid.se\\\/kunskapsportal\\\/#website\",\"url\":\"https:\\\/\\\/barnafrid.se\\\/kunskapsportal\\\/\",\"name\":\"Barnafrid\",\"description\":\"Kunskapsportal om v\u00e5ld mot barn\",\"potentialAction\":[{\"@type\":\"SearchAction\",\"target\":{\"@type\":\"EntryPoint\",\"urlTemplate\":\"https:\\\/\\\/barnafrid.se\\\/kunskapsportal\\\/?s={search_term_string}\"},\"query-input\":{\"@type\":\"PropertyValueSpecification\",\"valueRequired\":true,\"valueName\":\"search_term_string\"}}],\"inLanguage\":\"sv-SE\"}]}<\/script>\n<!-- \/ Yoast SEO plugin. -->","yoast_head_json":{"title":"Tema 1. V\u00e5ld, barn och unga - Barnafrid","robots":{"index":"index","follow":"follow","max-snippet":"max-snippet:-1","max-image-preview":"max-image-preview:large","max-video-preview":"max-video-preview:-1"},"canonical":"https:\/\/barnafrid.se\/kunskapsportal\/tema-1-vald-barn-och-unga\/","og_locale":"sv_SE","og_type":"article","og_title":"Tema 1. V\u00e5ld, barn och unga - Barnafrid","og_description":"H\u00e4r f\u00e5r du och dina kollegor kunskap om: Ni f\u00e5r ocks\u00e5 reflektera \u00f6ver hur v\u00e5ld mot barn och unga ber\u00f6r er verksamhet. Arbetsmaterial H\u00e4r finns underlag till tema 1 i form av en presentation i Powerpoint som du g\u00e5r igenom tillsammans med deltagarna. H\u00e4r finns ocks\u00e5 tv\u00e5 filmer som kan visas som introduktion. Tillbaka till [&hellip;]","og_url":"https:\/\/barnafrid.se\/kunskapsportal\/tema-1-vald-barn-och-unga\/","og_site_name":"Barnafrid","article_modified_time":"2026-02-27T07:24:46+00:00","twitter_card":"summary_large_image","twitter_misc":{"Ber\u00e4knad l\u00e4stid":"1 minut"},"schema":{"@context":"https:\/\/schema.org","@graph":[{"@type":"WebPage","@id":"https:\/\/barnafrid.se\/kunskapsportal\/tema-1-vald-barn-och-unga\/","url":"https:\/\/barnafrid.se\/kunskapsportal\/tema-1-vald-barn-och-unga\/","name":"Tema 1. V\u00e5ld, barn och unga - Barnafrid","isPartOf":{"@id":"https:\/\/barnafrid.se\/kunskapsportal\/#website"},"datePublished":"2025-02-03T08:07:02+00:00","dateModified":"2026-02-27T07:24:46+00:00","breadcrumb":{"@id":"https:\/\/barnafrid.se\/kunskapsportal\/tema-1-vald-barn-och-unga\/#breadcrumb"},"inLanguage":"sv-SE","potentialAction":[{"@type":"ReadAction","target":["https:\/\/barnafrid.se\/kunskapsportal\/tema-1-vald-barn-och-unga\/"]}]},{"@type":"BreadcrumbList","@id":"https:\/\/barnafrid.se\/kunskapsportal\/tema-1-vald-barn-och-unga\/#breadcrumb","itemListElement":[{"@type":"ListItem","position":1,"name":"Home","item":"https:\/\/barnafrid.se\/kunskapsportal\/"},{"@type":"ListItem","position":2,"name":"Tema 1. V\u00e5ld, barn och unga"}]},{"@type":"WebSite","@id":"https:\/\/barnafrid.se\/kunskapsportal\/#website","url":"https:\/\/barnafrid.se\/kunskapsportal\/","name":"Barnafrid","description":"Kunskapsportal om v\u00e5ld mot barn","potentialAction":[{"@type":"SearchAction","target":{"@type":"EntryPoint","urlTemplate":"https:\/\/barnafrid.se\/kunskapsportal\/?s={search_term_string}"},"query-input":{"@type":"PropertyValueSpecification","valueRequired":true,"valueName":"search_term_string"}}],"inLanguage":"sv-SE"}]}},"_links":{"self":[{"href":"https:\/\/barnafrid.se\/kunskapsportal\/wp-json\/wp\/v2\/pages\/13440","targetHints":{"allow":["GET"]}}],"collection":[{"href":"https:\/\/barnafrid.se\/kunskapsportal\/wp-json\/wp\/v2\/pages"}],"about":[{"href":"https:\/\/barnafrid.se\/kunskapsportal\/wp-json\/wp\/v2\/types\/page"}],"author":[{"embeddable":true,"href":"https:\/\/barnafrid.se\/kunskapsportal\/wp-json\/wp\/v2\/users\/30505"}],"replies":[{"embeddable":true,"href":"https:\/\/barnafrid.se\/kunskapsportal\/wp-json\/wp\/v2\/comments?post=13440"}],"version-history":[{"count":31,"href":"https:\/\/barnafrid.se\/kunskapsportal\/wp-json\/wp\/v2\/pages\/13440\/revisions"}],"predecessor-version":[{"id":17820,"href":"https:\/\/barnafrid.se\/kunskapsportal\/wp-json\/wp\/v2\/pages\/13440\/revisions\/17820"}],"wp:attachment":[{"href":"https:\/\/barnafrid.se\/kunskapsportal\/wp-json\/wp\/v2\/media?parent=13440"}],"wp:term":[{"taxonomy":"role","embeddable":true,"href":"https:\/\/barnafrid.se\/kunskapsportal\/wp-json\/wp\/v2\/role?post=13440"}],"curies":[{"name":"wp","href":"https:\/\/api.w.org\/{rel}","templated":true}]}}