{"id":13431,"date":"2025-02-03T09:04:44","date_gmt":"2025-02-03T08:04:44","guid":{"rendered":"https:\/\/barnafrid.se\/kunskapsportal\/?page_id=13431"},"modified":"2026-03-31T10:45:09","modified_gmt":"2026-03-31T08:45:09","slug":"utbildningsledarmapp","status":"publish","type":"page","link":"https:\/\/barnafrid.se\/kunskapsportal\/utbildningsledarmapp\/","title":{"rendered":"Utbildningsledarmapp"},"content":{"rendered":"\n<figure class=\"Image size-large is-resized\"><img loading=\"lazy\" decoding=\"async\" width=\"743\" height=\"1024\" src=\"\/kunskapsportal\/wp-content\/uploads\/2025\/01\/bf_20250102_024-2-743x1024.png\" alt=\"En vuxen och ett barn som talar teckenspr\u00e5k.\" class=\"Image-img wp-image-13381\" style=\"width:auto;height:600px\" srcset=\"https:\/\/barnafrid.se\/kunskapsportal\/wp-content\/uploads\/2025\/01\/bf_20250102_024-2-743x1024.png 743w, https:\/\/barnafrid.se\/kunskapsportal\/wp-content\/uploads\/2025\/01\/bf_20250102_024-2-218x300.png 218w, https:\/\/barnafrid.se\/kunskapsportal\/wp-content\/uploads\/2025\/01\/bf_20250102_024-2-768x1058.png 768w, https:\/\/barnafrid.se\/kunskapsportal\/wp-content\/uploads\/2025\/01\/bf_20250102_024-2-1115x1536.png 1115w, https:\/\/barnafrid.se\/kunskapsportal\/wp-content\/uploads\/2025\/01\/bf_20250102_024-2-1486x2048.png 1486w, https:\/\/barnafrid.se\/kunskapsportal\/wp-content\/uploads\/2025\/01\/bf_20250102_024-2.png 1980w\" sizes=\"auto, (max-width: 743px) 100vw, 743px\" \/><\/figure>\n\n\n\n<p>H\u00e4r hittar du som utbildningsledare material till dina f\u00f6rberedelser. F\u00f6rutom att ta del av utbildningshandledningen kan du f\u00f6rbereda dig med filmer och f\u00f6rdjupande underlag. Introduktionsmaterial, utv\u00e4rderingar och intyg efter utbildningen hittar du ocks\u00e5 h\u00e4r.<\/p>\n\n\n\n<h2 class=\"wp-block-heading\">St\u00f6d f\u00f6r utbildningsledaren<\/h2>\n\n\n\n<p>H\u00e4r finns en utbildningshandledning med st\u00f6d f\u00f6r planering och genomf\u00f6rande av gruppsp\u00e5ret.<\/p>\n\n\n\n<ul class=\"List\">\n<li class=\"List-item\"><a href=\"https:\/\/barnafrid.se\/kunskapsportal\/wp-content\/uploads\/2025\/02\/utbildningshandledning-gruppspar-barn-och-unga-med-funktionsnedsattning.pdf\" target=\"_blank\" rel=\"noreferrer noopener\">Utbildningshandledning, gruppsp\u00e5r barn och unga med funktionsneds\u00e4ttning (pdf)<\/a><\/li>\n<\/ul>\n\n\n\n<p>Nedan beskrivs hur du som gruppledare kan leda dina kollegor i Barnafrids gruppsp\u00e5r.<\/p>\n\n\n<div class=\"Videos\">\n        <div class=\"Video Video--original Video--visible\">\n        \n        <figure class=\"VideoPlayer\">\n            <div class=\"VideoPlayer-video VideoPlayer-video--aspect16_9 VideoPlayer-video--hasAspectRatio\">\n                <iframe loading=\"lazy\"\n                    title=\"Video\"\n                    src=\"https:\/\/player.vimeo.com\/video\/1122124882?dnt=1&#038;app_id=122963\"\n                    width=\"500\"\n                    height=\"281\"\n                    frameborder=\"0\"\n                    allow=\"autoplay; fullscreen\"\n                    allowfullscreen\n                ><\/iframe>\n            <\/div>\n        <\/figure>\n            <\/div>\n    \n    \n    \n    <div class=\"VideosVersions\">\n        \n            <\/div>\n<\/div>\n\n\n\n<h2 class=\"wp-block-heading\">Arbetsmaterial<\/h2>\n\n\n\n<p>H\u00e4r finns en powerpointpresentation som kan anv\u00e4ndas f\u00f6r att presentera arbetet med gruppsp\u00e5ret f\u00f6r verksamhetsansvariga och arbetsgrupp.<\/p>\n\n\n\n<ul class=\"List\">\n<li class=\"List-item\"><a href=\"\/kunskapsportal\/wp-content\/uploads\/2025\/02\/introduktion-gruppspar-barn-och-unga-med-funktionsnedsattning.pptx\">Introduktion, gruppsp\u00e5r barn och unga med funktionsneds\u00e4ttning (ppt)<\/a><\/li>\n<\/ul>\n\n\n\n<p>H\u00e4r finns en samling med fallbeskrivningar som du kan anv\u00e4nda tillsammans med deltagarna under tema fyra och fem.<\/p>\n\n\n\n<ul class=\"List\">\n<li class=\"List-item\"><a href=\"https:\/\/barnafrid.se\/kunskapsportal\/wp-content\/uploads\/2025\/02\/fallbeskrivningar-gruppspar-barn-och-unga-med-funktionsnedsattning.pdf\" target=\"_blank\" rel=\"noreferrer noopener\">Fallbeskrivningar, gruppsp\u00e5r barn och unga med funktionsneds\u00e4ttning (pdf)<\/a><\/li>\n<\/ul>\n\n\n\n<h2 class=\"wp-block-heading\">Utv\u00e4rdering och intyg<\/h2>\n\n\n\n<p>Innan och efter utbildningen kan du och dina kollegor besvara en kort utv\u00e4rderingsenk\u00e4t. Syftet \u00e4r att f\u00e5 en uppfattning om era f\u00f6rkunskaper f\u00f6r att anpassa utbildningen och se kunskapsutvecklingen efter utbildningen.<\/p>\n\n\n\n<ul class=\"List\">\n<li class=\"List-item\"><a href=\"https:\/\/barnafrid.se\/kunskapsportal\/wp-content\/uploads\/2025\/02\/utvarderingsenkat-deltagare.docx\">Utv\u00e4rderingsenk\u00e4t, deltagare (word)<\/a><\/li>\n<\/ul>\n\n\n\n<p>H\u00e4r finns en utv\u00e4rdering som riktar sig till dig som \u00e4r utbildningsledare och som du kan fylla i efter arbetet med gruppsp\u00e5ret. Syftet \u00e4r att hj\u00e4lpa Barnafrid och MFD att vidareutveckla gruppsp\u00e5ret.<\/p>\n\n\n\n<ul class=\"List\">\n<li class=\"List-item\"><a href=\"https:\/\/link.webropolsurveys.com\/Participation\/Public\/434805ae-dd7d-4698-814a-5fe342b3db48?displayId=Swe3307001\" target=\"_blank\" rel=\"noreferrer noopener\">Utv\u00e4rdering, utbildningsledare (webropolsurveys.com)<\/a><\/li>\n<\/ul>\n\n\n\n<p>H\u00e4r kan du ladda ner och skriva ut intyg till deltagarna efter avslutad utbildning.<\/p>\n\n\n\n<ul class=\"List\">\n<li class=\"List-item\"><a href=\"https:\/\/barnafrid.se\/kunskapsportal\/wp-content\/uploads\/2025\/02\/intyg-gruppspar-barn-och-unga-med-funktionsnedsattning.docx\">Intyg till deltagare (word)<\/a><\/li>\n<\/ul>\n\n\n\n<h2 class=\"wp-block-heading\">F\u00f6rdjupningsmaterial<\/h2>\n\n\n\n<p>H\u00e4r finns f\u00f6rdjupande material f\u00f6r att l\u00e4sa mer eller skicka ut till deltagarna.<\/p>\n\n\n\n<ul class=\"List\">\n<li class=\"List-item\">En kunskapssammanst\u00e4llning om den s\u00e4rskilda s\u00e5rbarhet f\u00f6r v\u00e5ld som barn och unga med funktionsneds\u00e4ttning lever med <a href=\"https:\/\/www.mfd.se\/material\/publikationer\/rapport\/fraga-lyssna-och-forsta---om-att-motverka-vald-mot-barn-och-unga-med-funktionsnedsattning\/\" target=\"_blank\" rel=\"noreferrer noopener\">Fr\u00e5ga, lyssna och f\u00f6rst\u00e5 (mfd.se)<\/a><\/li>\n\n\n\n<li class=\"List-item\">Inspelade presentationer med n\u00e5gra av forskarna som skrivit artiklar i Fr\u00e5ga, lyssna och f\u00f6rst\u00e5 <a href=\"https:\/\/www.mfd.se\/material\/evenemang\/vald-mot-barn-och-unga-med-funktionsnedsattning\/\" target=\"_blank\" rel=\"noreferrer noopener\">V\u00e5ld mot barn och unga med funktionsneds\u00e4ttning (mfd.se)<\/a><\/li>\n\n\n\n<li class=\"List-item\">En kartl\u00e4ggning av st\u00f6dmaterial f\u00f6r att f\u00f6rebygga, uppt\u00e4cka och utreda v\u00e5ld mot barn och unga med funktionsneds\u00e4ttning <a href=\"https:\/\/www.mfd.se\/material\/publikationer\/rapport\/motverka-vald-bland-barn-och-unga-med-funktionsnedsattning\/\" target=\"_blank\" rel=\"noreferrer noopener\">Motverka v\u00e5ld bland barn och unga med funktionsneds\u00e4ttning (mfd.se)<\/a><\/li>\n\n\n\n<li class=\"List-item\">En \u00f6vergripande beskrivning om utsatthet och vad yrkesverksamma b\u00f6r t\u00e4nka p\u00e5 <a href=\"\/kunskapsportal\/wp-content\/uploads\/2025\/02\/vav-barn-och-unga-med-funktionsnedsattning.pdf\" target=\"_blank\" rel=\"noreferrer noopener\">V\u00e4rt att veta om v\u00e5ld, barn och unga med funktionsneds\u00e4ttning (barnafrid.se)<\/a><\/li>\n\n\n\n<li class=\"List-item\">Socialstyrelsens temasida om&nbsp;<a href=\"https:\/\/eur01.safelinks.protection.outlook.com\/?url=https%3A%2F%2Fkunskapsguiden.se%2Fomraden-och-teman%2Ffunktionshinder%2Fvald-mot-barn-med-funktionsnedsattning%2F&amp;data=05%7C02%7Cemma.hedlin%40liu.se%7Cd7508221cb654991b30e08dd4c0f7bed%7C913f18ec7f264c5fa816784fe9a58edd%7C0%7C0%7C638750351561736888%7CUnknown%7CTWFpbGZsb3d8eyJFbXB0eU1hcGkiOnRydWUsIlYiOiIwLjAuMDAwMCIsIlAiOiJXaW4zMiIsIkFOIjoiTWFpbCIsIldUIjoyfQ%3D%3D%7C0%7C%7C%7C&amp;sdata=B235PFHTxYiu2YwQQ8MQC0hKqf1p8enzID0M%2FWNr90o%3D&amp;reserved=0\" target=\"_blank\" rel=\"noreferrer noopener\">v\u00e5ld mot barn med funktionsneds\u00e4ttning (kunskapsguiden.se)<\/a><\/li>\n\n\n\n<li class=\"List-item\">Socialstyrelsens hemsida om&nbsp;<a href=\"https:\/\/www.socialstyrelsen.se\/kunskapsstod-och-regler\/omraden\/vald-och-brott\/vald-i-nara-relationer\/vald-mot-barn\/\" target=\"_blank\" rel=\"noreferrer noopener\">v\u00e5ld mot barn (socialstyrelsen.se)<\/a><\/li>\n<\/ul>\n\n\n\n<p><a href=\"https:\/\/barnafrid.se\/kunskapsportal\/gruppspar-barn-och-unga-med-funktionsnedsattning\/\">Tillbaka till startsidan f\u00f6r gruppsp\u00e5ret&gt;&gt;<\/a><\/p>\n","protected":false},"excerpt":{"rendered":"<p>H\u00e4r hittar du som utbildningsledare material till dina f\u00f6rberedelser. F\u00f6rutom att ta del av utbildningshandledningen kan du f\u00f6rbereda dig med filmer och f\u00f6rdjupande underlag. Introduktionsmaterial, utv\u00e4rderingar och intyg efter utbildningen hittar du ocks\u00e5 h\u00e4r. St\u00f6d f\u00f6r utbildningsledaren H\u00e4r finns en utbildningshandledning med st\u00f6d f\u00f6r planering och genomf\u00f6rande av gruppsp\u00e5ret. Nedan beskrivs hur du som gruppledare [&hellip;]<\/p>\n","protected":false},"author":30505,"featured_media":0,"parent":0,"menu_order":0,"comment_status":"closed","ping_status":"closed","template":"page-centered.php","meta":{"h5ap_radio_sources":[],"footnotes":""},"role":[],"class_list":["post-13431","page","type-page","status-publish","hentry"],"yoast_head":"<!-- This site is optimized with the Yoast SEO plugin v27.3 - https:\/\/yoast.com\/product\/yoast-seo-wordpress\/ -->\n<title>Utbildningsledarmapp - Barnafrid<\/title>\n<meta name=\"robots\" content=\"index, follow, max-snippet:-1, max-image-preview:large, max-video-preview:-1\" \/>\n<link rel=\"canonical\" href=\"https:\/\/barnafrid.se\/kunskapsportal\/utbildningsledarmapp\/\" \/>\n<meta property=\"og:locale\" content=\"sv_SE\" \/>\n<meta property=\"og:type\" content=\"article\" \/>\n<meta property=\"og:title\" content=\"Utbildningsledarmapp - Barnafrid\" \/>\n<meta property=\"og:description\" content=\"H\u00e4r hittar du som utbildningsledare material till dina f\u00f6rberedelser. F\u00f6rutom att ta del av utbildningshandledningen kan du f\u00f6rbereda dig med filmer och f\u00f6rdjupande underlag. Introduktionsmaterial, utv\u00e4rderingar och intyg efter utbildningen hittar du ocks\u00e5 h\u00e4r. St\u00f6d f\u00f6r utbildningsledaren H\u00e4r finns en utbildningshandledning med st\u00f6d f\u00f6r planering och genomf\u00f6rande av gruppsp\u00e5ret. Nedan beskrivs hur du som gruppledare [&hellip;]\" \/>\n<meta property=\"og:url\" content=\"https:\/\/barnafrid.se\/kunskapsportal\/utbildningsledarmapp\/\" \/>\n<meta property=\"og:site_name\" content=\"Barnafrid\" \/>\n<meta property=\"article:modified_time\" content=\"2026-03-31T08:45:09+00:00\" \/>\n<meta name=\"twitter:card\" content=\"summary_large_image\" \/>\n<meta name=\"twitter:label1\" content=\"Ber\u00e4knad l\u00e4stid\" \/>\n\t<meta name=\"twitter:data1\" content=\"2 minuter\" \/>\n<script type=\"application\/ld+json\" class=\"yoast-schema-graph\">{\"@context\":\"https:\\\/\\\/schema.org\",\"@graph\":[{\"@type\":\"WebPage\",\"@id\":\"https:\\\/\\\/barnafrid.se\\\/kunskapsportal\\\/utbildningsledarmapp\\\/\",\"url\":\"https:\\\/\\\/barnafrid.se\\\/kunskapsportal\\\/utbildningsledarmapp\\\/\",\"name\":\"Utbildningsledarmapp - Barnafrid\",\"isPartOf\":{\"@id\":\"https:\\\/\\\/barnafrid.se\\\/kunskapsportal\\\/#website\"},\"datePublished\":\"2025-02-03T08:04:44+00:00\",\"dateModified\":\"2026-03-31T08:45:09+00:00\",\"breadcrumb\":{\"@id\":\"https:\\\/\\\/barnafrid.se\\\/kunskapsportal\\\/utbildningsledarmapp\\\/#breadcrumb\"},\"inLanguage\":\"sv-SE\",\"potentialAction\":[{\"@type\":\"ReadAction\",\"target\":[\"https:\\\/\\\/barnafrid.se\\\/kunskapsportal\\\/utbildningsledarmapp\\\/\"]}]},{\"@type\":\"BreadcrumbList\",\"@id\":\"https:\\\/\\\/barnafrid.se\\\/kunskapsportal\\\/utbildningsledarmapp\\\/#breadcrumb\",\"itemListElement\":[{\"@type\":\"ListItem\",\"position\":1,\"name\":\"Home\",\"item\":\"https:\\\/\\\/barnafrid.se\\\/kunskapsportal\\\/\"},{\"@type\":\"ListItem\",\"position\":2,\"name\":\"Utbildningsledarmapp\"}]},{\"@type\":\"WebSite\",\"@id\":\"https:\\\/\\\/barnafrid.se\\\/kunskapsportal\\\/#website\",\"url\":\"https:\\\/\\\/barnafrid.se\\\/kunskapsportal\\\/\",\"name\":\"Barnafrid\",\"description\":\"Kunskapsportal om v\u00e5ld mot barn\",\"potentialAction\":[{\"@type\":\"SearchAction\",\"target\":{\"@type\":\"EntryPoint\",\"urlTemplate\":\"https:\\\/\\\/barnafrid.se\\\/kunskapsportal\\\/?s={search_term_string}\"},\"query-input\":{\"@type\":\"PropertyValueSpecification\",\"valueRequired\":true,\"valueName\":\"search_term_string\"}}],\"inLanguage\":\"sv-SE\"}]}<\/script>\n<!-- \/ Yoast SEO plugin. -->","yoast_head_json":{"title":"Utbildningsledarmapp - Barnafrid","robots":{"index":"index","follow":"follow","max-snippet":"max-snippet:-1","max-image-preview":"max-image-preview:large","max-video-preview":"max-video-preview:-1"},"canonical":"https:\/\/barnafrid.se\/kunskapsportal\/utbildningsledarmapp\/","og_locale":"sv_SE","og_type":"article","og_title":"Utbildningsledarmapp - Barnafrid","og_description":"H\u00e4r hittar du som utbildningsledare material till dina f\u00f6rberedelser. F\u00f6rutom att ta del av utbildningshandledningen kan du f\u00f6rbereda dig med filmer och f\u00f6rdjupande underlag. Introduktionsmaterial, utv\u00e4rderingar och intyg efter utbildningen hittar du ocks\u00e5 h\u00e4r. St\u00f6d f\u00f6r utbildningsledaren H\u00e4r finns en utbildningshandledning med st\u00f6d f\u00f6r planering och genomf\u00f6rande av gruppsp\u00e5ret. Nedan beskrivs hur du som gruppledare [&hellip;]","og_url":"https:\/\/barnafrid.se\/kunskapsportal\/utbildningsledarmapp\/","og_site_name":"Barnafrid","article_modified_time":"2026-03-31T08:45:09+00:00","twitter_card":"summary_large_image","twitter_misc":{"Ber\u00e4knad l\u00e4stid":"2 minuter"},"schema":{"@context":"https:\/\/schema.org","@graph":[{"@type":"WebPage","@id":"https:\/\/barnafrid.se\/kunskapsportal\/utbildningsledarmapp\/","url":"https:\/\/barnafrid.se\/kunskapsportal\/utbildningsledarmapp\/","name":"Utbildningsledarmapp - Barnafrid","isPartOf":{"@id":"https:\/\/barnafrid.se\/kunskapsportal\/#website"},"datePublished":"2025-02-03T08:04:44+00:00","dateModified":"2026-03-31T08:45:09+00:00","breadcrumb":{"@id":"https:\/\/barnafrid.se\/kunskapsportal\/utbildningsledarmapp\/#breadcrumb"},"inLanguage":"sv-SE","potentialAction":[{"@type":"ReadAction","target":["https:\/\/barnafrid.se\/kunskapsportal\/utbildningsledarmapp\/"]}]},{"@type":"BreadcrumbList","@id":"https:\/\/barnafrid.se\/kunskapsportal\/utbildningsledarmapp\/#breadcrumb","itemListElement":[{"@type":"ListItem","position":1,"name":"Home","item":"https:\/\/barnafrid.se\/kunskapsportal\/"},{"@type":"ListItem","position":2,"name":"Utbildningsledarmapp"}]},{"@type":"WebSite","@id":"https:\/\/barnafrid.se\/kunskapsportal\/#website","url":"https:\/\/barnafrid.se\/kunskapsportal\/","name":"Barnafrid","description":"Kunskapsportal om v\u00e5ld mot barn","potentialAction":[{"@type":"SearchAction","target":{"@type":"EntryPoint","urlTemplate":"https:\/\/barnafrid.se\/kunskapsportal\/?s={search_term_string}"},"query-input":{"@type":"PropertyValueSpecification","valueRequired":true,"valueName":"search_term_string"}}],"inLanguage":"sv-SE"}]}},"_links":{"self":[{"href":"https:\/\/barnafrid.se\/kunskapsportal\/wp-json\/wp\/v2\/pages\/13431","targetHints":{"allow":["GET"]}}],"collection":[{"href":"https:\/\/barnafrid.se\/kunskapsportal\/wp-json\/wp\/v2\/pages"}],"about":[{"href":"https:\/\/barnafrid.se\/kunskapsportal\/wp-json\/wp\/v2\/types\/page"}],"author":[{"embeddable":true,"href":"https:\/\/barnafrid.se\/kunskapsportal\/wp-json\/wp\/v2\/users\/30505"}],"replies":[{"embeddable":true,"href":"https:\/\/barnafrid.se\/kunskapsportal\/wp-json\/wp\/v2\/comments?post=13431"}],"version-history":[{"count":62,"href":"https:\/\/barnafrid.se\/kunskapsportal\/wp-json\/wp\/v2\/pages\/13431\/revisions"}],"predecessor-version":[{"id":18156,"href":"https:\/\/barnafrid.se\/kunskapsportal\/wp-json\/wp\/v2\/pages\/13431\/revisions\/18156"}],"wp:attachment":[{"href":"https:\/\/barnafrid.se\/kunskapsportal\/wp-json\/wp\/v2\/media?parent=13431"}],"wp:term":[{"taxonomy":"role","embeddable":true,"href":"https:\/\/barnafrid.se\/kunskapsportal\/wp-json\/wp\/v2\/role?post=13431"}],"curies":[{"name":"wp","href":"https:\/\/api.w.org\/{rel}","templated":true}]}}