{"id":13364,"date":"2025-01-16T16:28:59","date_gmt":"2025-01-16T15:28:59","guid":{"rendered":"https:\/\/barnafrid.se\/kunskapsportal\/?page_id=13364"},"modified":"2025-02-10T15:21:48","modified_gmt":"2025-02-10T14:21:48","slug":"gruppspar-barn-och-unga-med-funktionsnedsattning","status":"publish","type":"page","link":"https:\/\/barnafrid.se\/kunskapsportal\/gruppspar-barn-och-unga-med-funktionsnedsattning\/","title":{"rendered":"V\u00e4lkommen till utbildningen Barnafrids basprogram om v\u00e5ld mot barn och unga \u2013 gruppsp\u00e5r barn och unga med funktionsneds\u00e4ttning"},"content":{"rendered":"\n<figure class=\"Image size-large\"><img loading=\"lazy\" decoding=\"async\" width=\"1024\" height=\"717\" src=\"\/kunskapsportal\/wp-content\/uploads\/2025\/01\/bf_20250102_021-1024x717.png\" alt=\"En l\u00e4rare som hj\u00e4lper en elev med skolarbetet.\" class=\"Image-img wp-image-13352\" srcset=\"https:\/\/barnafrid.se\/kunskapsportal\/wp-content\/uploads\/2025\/01\/bf_20250102_021-1024x717.png 1024w, https:\/\/barnafrid.se\/kunskapsportal\/wp-content\/uploads\/2025\/01\/bf_20250102_021-300x210.png 300w, https:\/\/barnafrid.se\/kunskapsportal\/wp-content\/uploads\/2025\/01\/bf_20250102_021-768x538.png 768w, https:\/\/barnafrid.se\/kunskapsportal\/wp-content\/uploads\/2025\/01\/bf_20250102_021-1536x1075.png 1536w, https:\/\/barnafrid.se\/kunskapsportal\/wp-content\/uploads\/2025\/01\/bf_20250102_021.png 2000w\" sizes=\"auto, (max-width: 1024px) 100vw, 1024px\" \/><\/figure>\n\n\n\n<p>Utbildningens sju teman kan anpassas efter arbetsgruppens f\u00f6rkunskaper, behov och andra f\u00f6ruts\u00e4ttningar. Till varje tema finns powerpointpresentationer och \u00f6vningsmaterial. Mer detaljerade f\u00f6rslag p\u00e5 uppl\u00e4gg finns beskrivna i handledningen i utbildningsledarmappen.<\/p>\n\n\n\n<p>Inneh\u00e5llet har tagits fram i samverkan mellan Myndigheten f\u00f6r delaktighet och Barnafrid, Link\u00f6pings universitet. Det har \u00e4ven utvecklats i dialog med yrkesverksamma samt f\u00f6retr\u00e4dare f\u00f6r barn och unga med funktionsneds\u00e4ttning.<br><\/p>\n\n\n<section class=\"Accordion Accordion--closed\" data-state=\"closed\">\n      <a href=\"#varfor-ska-vi-lara-oss-om-vald-riktat-mot-barn-och-unga-med-funktionsnedsattning-content\" class=\"Accordion-toggle js-accordion\">\n        <h2 class=\"Accordion-title\" id=\"varfor-ska-vi-lara-oss-om-vald-riktat-mot-barn-och-unga-med-funktionsnedsattning\">\n          Varf\u00f6r ska vi l\u00e4ra oss om v\u00e5ld riktat mot barn och unga med funktionsneds\u00e4ttning?        <\/h2>\n    <\/a>\n    <div class=\"Accordion-content\" id=\"varfor-ska-vi-lara-oss-om-vald-riktat-mot-barn-och-unga-med-funktionsnedsattning-content\">\n        \n\n<p>Barn och unga med funktionsneds\u00e4ttning har en h\u00f6gre risk att uts\u00e4ttas f\u00f6r alla typer av v\u00e5ld, samt f\u00f6r fler och allvarligare former av v\u00e5ld \u00e4n andra barn. Utbildningen har s\u00e4rskilt fokus p\u00e5 situationen f\u00f6r barn och unga med en funktionsneds\u00e4ttning som p\u00e5verkar m\u00f6jligheten att kommunicera och omgivningens f\u00f6rm\u00e5ga att f\u00f6rst\u00e5. Dessa barn och unga \u00e4r beroende av att vuxna omkring dem kan uppfatta tecken p\u00e5 v\u00e5ldsutsatthet. F\u00f6r dem \u00e4r din roll extra viktig!<\/p>\n\n    <\/div>\n<\/section>\n\n\n<section class=\"Accordion Accordion--closed\" data-state=\"closed\">\n      <a href=\"#hur-lang-tid-tar-utbildningen-content\" class=\"Accordion-toggle js-accordion\">\n        <h2 class=\"Accordion-title\" id=\"hur-lang-tid-tar-utbildningen\">\n          Hur l\u00e5ng tid tar utbildningen?        <\/h2>\n    <\/a>\n    <div class=\"Accordion-content\" id=\"hur-lang-tid-tar-utbildningen-content\">\n        \n\n<p>I sin helhet tar utbildningen cirka 6-10 timmar att genomf\u00f6ra. Varje tema ber\u00e4knas ta mellan 45 min till 2 timmar beroende p\u00e5 vilka delar ni v\u00e4ljer att anv\u00e4nda. F\u00f6r utbildningsledaren beh\u00f6ver f\u00f6rberedelsetid l\u00e4ggas till.<\/p>\n\n    <\/div>\n<\/section>\n\n\n<section class=\"Accordion Accordion--closed\" data-state=\"closed\">\n      <a href=\"#vad-ar-utbildningsledarens-roll-content\" class=\"Accordion-toggle js-accordion\">\n        <h2 class=\"Accordion-title\" id=\"vad-ar-utbildningsledarens-roll\">\n          Vad \u00e4r utbildningsledarens roll?        <\/h2>\n    <\/a>\n    <div class=\"Accordion-content\" id=\"vad-ar-utbildningsledarens-roll-content\">\n        \n\n<p>Din uppgift \u00e4r att f\u00f6rbereda utbildningen och skapa f\u00f6ruts\u00e4ttningar f\u00f6r l\u00e4rande genom att planera uppl\u00e4gget utifr\u00e5n deltagarnas f\u00f6rkunskaper och arbetsplatsens f\u00f6ruts\u00e4ttningar. Du beh\u00f6ver inte ha l\u00e5ng erfarenhet av att leda utbildningar eller skapa inneh\u00e5llet i utbildningen. Utbildningshandledning, powerpointpresentationer och arbetsmaterial finns f\u00e4rdigt.<\/p>\n\n    <\/div>\n<\/section>\n\n\n\n\n<div class=\"Card-section Card-section--two two-thirds-card-section\">\n\n\n<a class=\"Card-link-container\" taget=\"_blank\" href=\"https:\/\/barnafrid.se\/kunskapsportal\/utbildningsledarmapp\/\">\n    <div class=\"Card Card--white Card--internal\">\n        <div class=\"Card--start\">\n            <p class=\"Card-pretitle\"><\/p>\n            <h2 class=\"Card-title\">Utbildningsledarmapp<\/h2>\n\n            <!-- T2409-20295 - added p tags around pufftext -->\n                        <div class=\"Card-footer\">\n             <span class=\"Card-footer-text\">G\u00e5 till utbildningsledarmapp<\/span>\n            <\/div>\n        <\/div>\n        <div class=\"Card-image-wrapper\"><div class=\"Card-image\"><img loading=\"lazy\" decoding=\"async\" width=\"1980\" height=\"2728\" src=\"https:\/\/barnafrid.se\/kunskapsportal\/wp-content\/uploads\/2025\/01\/bf_20250102_024-2.png\" class=\"attachment-full size-full\" alt=\"\" srcset=\"https:\/\/barnafrid.se\/kunskapsportal\/wp-content\/uploads\/2025\/01\/bf_20250102_024-2.png 1980w, https:\/\/barnafrid.se\/kunskapsportal\/wp-content\/uploads\/2025\/01\/bf_20250102_024-2-218x300.png 218w, https:\/\/barnafrid.se\/kunskapsportal\/wp-content\/uploads\/2025\/01\/bf_20250102_024-2-743x1024.png 743w, https:\/\/barnafrid.se\/kunskapsportal\/wp-content\/uploads\/2025\/01\/bf_20250102_024-2-768x1058.png 768w, https:\/\/barnafrid.se\/kunskapsportal\/wp-content\/uploads\/2025\/01\/bf_20250102_024-2-1115x1536.png 1115w, https:\/\/barnafrid.se\/kunskapsportal\/wp-content\/uploads\/2025\/01\/bf_20250102_024-2-1486x2048.png 1486w\" sizes=\"auto, (max-width: 1980px) 100vw, 1980px\" \/><\/div><\/div>    <\/div>\n<\/a>\n<a class=\"Card-link-container\" taget=\"_blank\" href=\"https:\/\/barnafrid.se\/kunskapsportal\/tema-1-vald-barn-och-unga\/\">\n    <div class=\"Card Card--blue Card--internal\">\n        <div class=\"Card--start\">\n            <p class=\"Card-pretitle\"><\/p>\n            <h2 class=\"Card-title\">Tema 1: V\u00e5ld, barn och unga<\/h2>\n\n            <!-- T2409-20295 - added p tags around pufftext -->\n                        <div class=\"Card-footer\">\n             <span class=\"Card-footer-text\">G\u00e5 till tema 1<\/span>\n            <\/div>\n        <\/div>\n        <div class=\"Card-image-wrapper\"><div class=\"Card-image\"><img loading=\"lazy\" decoding=\"async\" width=\"5091\" height=\"7556\" src=\"https:\/\/barnafrid.se\/kunskapsportal\/wp-content\/uploads\/2025\/01\/bf_20250102_009-01.png\" class=\"attachment-full size-full\" alt=\"\" srcset=\"https:\/\/barnafrid.se\/kunskapsportal\/wp-content\/uploads\/2025\/01\/bf_20250102_009-01.png 5091w, https:\/\/barnafrid.se\/kunskapsportal\/wp-content\/uploads\/2025\/01\/bf_20250102_009-01-202x300.png 202w, https:\/\/barnafrid.se\/kunskapsportal\/wp-content\/uploads\/2025\/01\/bf_20250102_009-01-690x1024.png 690w, https:\/\/barnafrid.se\/kunskapsportal\/wp-content\/uploads\/2025\/01\/bf_20250102_009-01-768x1140.png 768w, https:\/\/barnafrid.se\/kunskapsportal\/wp-content\/uploads\/2025\/01\/bf_20250102_009-01-1035x1536.png 1035w, https:\/\/barnafrid.se\/kunskapsportal\/wp-content\/uploads\/2025\/01\/bf_20250102_009-01-1380x2048.png 1380w\" sizes=\"auto, (max-width: 5091px) 100vw, 5091px\" \/><\/div><\/div>    <\/div>\n<\/a>\n<a class=\"Card-link-container\" taget=\"_blank\" href=\"https:\/\/barnafrid.se\/kunskapsportal\/tema-2-vald-mot-barn-och-unga-med-funktionsnedsattning\/\">\n    <div class=\"Card Card--aquamarine Card--internal\">\n        <div class=\"Card--start\">\n            <p class=\"Card-pretitle\"><\/p>\n            <h2 class=\"Card-title\">Tema 2: Utsatthet och s\u00e5rbarhet<\/h2>\n\n            <!-- T2409-20295 - added p tags around pufftext -->\n                        <div class=\"Card-footer\">\n             <span class=\"Card-footer-text\">G\u00e5 till tema 2<\/span>\n            <\/div>\n        <\/div>\n        <div class=\"Card-image-wrapper\"><div class=\"Card-image\"><img loading=\"lazy\" decoding=\"async\" width=\"1546\" height=\"1255\" src=\"https:\/\/barnafrid.se\/kunskapsportal\/wp-content\/uploads\/2025\/01\/bf_20250102_018.png\" class=\"attachment-full size-full\" alt=\"\" srcset=\"https:\/\/barnafrid.se\/kunskapsportal\/wp-content\/uploads\/2025\/01\/bf_20250102_018.png 1546w, https:\/\/barnafrid.se\/kunskapsportal\/wp-content\/uploads\/2025\/01\/bf_20250102_018-300x244.png 300w, https:\/\/barnafrid.se\/kunskapsportal\/wp-content\/uploads\/2025\/01\/bf_20250102_018-1024x831.png 1024w, https:\/\/barnafrid.se\/kunskapsportal\/wp-content\/uploads\/2025\/01\/bf_20250102_018-768x623.png 768w, https:\/\/barnafrid.se\/kunskapsportal\/wp-content\/uploads\/2025\/01\/bf_20250102_018-1536x1247.png 1536w\" sizes=\"auto, (max-width: 1546px) 100vw, 1546px\" \/><\/div><\/div>    <\/div>\n<\/a>\n<a class=\"Card-link-container\" taget=\"_blank\" href=\"https:\/\/barnafrid.se\/kunskapsportal\/tema-3-kommunicera-om-vald\/\">\n    <div class=\"Card Card--purple Card--internal\">\n        <div class=\"Card--start\">\n            <p class=\"Card-pretitle\"><\/p>\n            <h2 class=\"Card-title\">Tema 3: Kommunicera om v\u00e5ld<\/h2>\n\n            <!-- T2409-20295 - added p tags around pufftext -->\n                        <div class=\"Card-footer\">\n             <span class=\"Card-footer-text\">G\u00e5 till tema 3<\/span>\n            <\/div>\n        <\/div>\n        <div class=\"Card-image-wrapper\"><div class=\"Card-image\"><img loading=\"lazy\" decoding=\"async\" width=\"2300\" height=\"2000\" src=\"https:\/\/barnafrid.se\/kunskapsportal\/wp-content\/uploads\/2025\/01\/bf_20250102_025.png\" class=\"attachment-full size-full\" alt=\"\" srcset=\"https:\/\/barnafrid.se\/kunskapsportal\/wp-content\/uploads\/2025\/01\/bf_20250102_025.png 2300w, https:\/\/barnafrid.se\/kunskapsportal\/wp-content\/uploads\/2025\/01\/bf_20250102_025-300x261.png 300w, https:\/\/barnafrid.se\/kunskapsportal\/wp-content\/uploads\/2025\/01\/bf_20250102_025-1024x890.png 1024w, https:\/\/barnafrid.se\/kunskapsportal\/wp-content\/uploads\/2025\/01\/bf_20250102_025-768x668.png 768w, https:\/\/barnafrid.se\/kunskapsportal\/wp-content\/uploads\/2025\/01\/bf_20250102_025-1536x1336.png 1536w, https:\/\/barnafrid.se\/kunskapsportal\/wp-content\/uploads\/2025\/01\/bf_20250102_025-2048x1781.png 2048w\" sizes=\"auto, (max-width: 2300px) 100vw, 2300px\" \/><\/div><\/div>    <\/div>\n<\/a>\n<a class=\"Card-link-container\" taget=\"_blank\" href=\"https:\/\/barnafrid.se\/kunskapsportal\/tema-4-forebygg-vald\/\">\n    <div class=\"Card Card--salmon Card--internal\">\n        <div class=\"Card--start\">\n            <p class=\"Card-pretitle\"><\/p>\n            <h2 class=\"Card-title\">Tema 4: F\u00f6rebygg v\u00e5ld<\/h2>\n\n            <!-- T2409-20295 - added p tags around pufftext -->\n                        <div class=\"Card-footer\">\n             <span class=\"Card-footer-text\">G\u00e5 till tema 4<\/span>\n            <\/div>\n        <\/div>\n        <div class=\"Card-image-wrapper\"><div class=\"Card-image\"><img loading=\"lazy\" decoding=\"async\" width=\"3488\" height=\"2800\" src=\"https:\/\/barnafrid.se\/kunskapsportal\/wp-content\/uploads\/2025\/01\/bf_20250102_026.png\" class=\"attachment-full size-full\" alt=\"\" srcset=\"https:\/\/barnafrid.se\/kunskapsportal\/wp-content\/uploads\/2025\/01\/bf_20250102_026.png 3488w, https:\/\/barnafrid.se\/kunskapsportal\/wp-content\/uploads\/2025\/01\/bf_20250102_026-300x241.png 300w, https:\/\/barnafrid.se\/kunskapsportal\/wp-content\/uploads\/2025\/01\/bf_20250102_026-1024x822.png 1024w, https:\/\/barnafrid.se\/kunskapsportal\/wp-content\/uploads\/2025\/01\/bf_20250102_026-768x617.png 768w, https:\/\/barnafrid.se\/kunskapsportal\/wp-content\/uploads\/2025\/01\/bf_20250102_026-1536x1233.png 1536w, https:\/\/barnafrid.se\/kunskapsportal\/wp-content\/uploads\/2025\/01\/bf_20250102_026-2048x1644.png 2048w\" sizes=\"auto, (max-width: 3488px) 100vw, 3488px\" \/><\/div><\/div>    <\/div>\n<\/a>\n<a class=\"Card-link-container\" taget=\"_blank\" href=\"https:\/\/barnafrid.se\/kunskapsportal\/tema-5-upptack-vald\/\">\n    <div class=\"Card Card--blue Card--internal\">\n        <div class=\"Card--start\">\n            <p class=\"Card-pretitle\"><\/p>\n            <h2 class=\"Card-title\">Tema 5: Uppt\u00e4ck v\u00e5ld<\/h2>\n\n            <!-- T2409-20295 - added p tags around pufftext -->\n                        <div class=\"Card-footer\">\n             <span class=\"Card-footer-text\">G\u00e5 till tema 5<\/span>\n            <\/div>\n        <\/div>\n        <div class=\"Card-image-wrapper\"><div class=\"Card-image\"><img loading=\"lazy\" decoding=\"async\" width=\"1441\" height=\"1759\" src=\"https:\/\/barnafrid.se\/kunskapsportal\/wp-content\/uploads\/2025\/01\/bf_20250102_023.png\" class=\"attachment-full size-full\" alt=\"\" srcset=\"https:\/\/barnafrid.se\/kunskapsportal\/wp-content\/uploads\/2025\/01\/bf_20250102_023.png 1441w, https:\/\/barnafrid.se\/kunskapsportal\/wp-content\/uploads\/2025\/01\/bf_20250102_023-246x300.png 246w, https:\/\/barnafrid.se\/kunskapsportal\/wp-content\/uploads\/2025\/01\/bf_20250102_023-839x1024.png 839w, https:\/\/barnafrid.se\/kunskapsportal\/wp-content\/uploads\/2025\/01\/bf_20250102_023-768x937.png 768w, https:\/\/barnafrid.se\/kunskapsportal\/wp-content\/uploads\/2025\/01\/bf_20250102_023-1258x1536.png 1258w\" sizes=\"auto, (max-width: 1441px) 100vw, 1441px\" \/><\/div><\/div>    <\/div>\n<\/a>\n<a class=\"Card-link-container\" taget=\"_blank\" href=\"https:\/\/barnafrid.se\/kunskapsportal\/tema-6-agera-vid-oro-for-vald\/\">\n    <div class=\"Card Card--aquamarine Card--internal\">\n        <div class=\"Card--start\">\n            <p class=\"Card-pretitle\"><\/p>\n            <h2 class=\"Card-title\">Tema 6: Agera vid oro f\u00f6r v\u00e5ld<\/h2>\n\n            <!-- T2409-20295 - added p tags around pufftext -->\n                        <div class=\"Card-footer\">\n             <span class=\"Card-footer-text\">G\u00e5 till tema 6<\/span>\n            <\/div>\n        <\/div>\n        <div class=\"Card-image-wrapper\"><div class=\"Card-image\"><img loading=\"lazy\" decoding=\"async\" width=\"8734\" height=\"11527\" src=\"https:\/\/barnafrid.se\/kunskapsportal\/wp-content\/uploads\/2025\/01\/bf_20250102_020-01.png\" class=\"attachment-full size-full\" alt=\"\" srcset=\"https:\/\/barnafrid.se\/kunskapsportal\/wp-content\/uploads\/2025\/01\/bf_20250102_020-01.png 8734w, https:\/\/barnafrid.se\/kunskapsportal\/wp-content\/uploads\/2025\/01\/bf_20250102_020-01-227x300.png 227w, https:\/\/barnafrid.se\/kunskapsportal\/wp-content\/uploads\/2025\/01\/bf_20250102_020-01-776x1024.png 776w, https:\/\/barnafrid.se\/kunskapsportal\/wp-content\/uploads\/2025\/01\/bf_20250102_020-01-768x1014.png 768w, https:\/\/barnafrid.se\/kunskapsportal\/wp-content\/uploads\/2025\/01\/bf_20250102_020-01-1164x1536.png 1164w, https:\/\/barnafrid.se\/kunskapsportal\/wp-content\/uploads\/2025\/01\/bf_20250102_020-01-1552x2048.png 1552w\" sizes=\"auto, (max-width: 8734px) 100vw, 8734px\" \/><\/div><\/div>    <\/div>\n<\/a>\n<a class=\"Card-link-container\" taget=\"_blank\" href=\"https:\/\/barnafrid.se\/kunskapsportal\/tema-7-samverka\/\">\n    <div class=\"Card Card--purple Card--internal\">\n        <div class=\"Card--start\">\n            <p class=\"Card-pretitle\"><\/p>\n            <h2 class=\"Card-title\">Tema 7: Samverka<\/h2>\n\n            <!-- T2409-20295 - added p tags around pufftext -->\n                        <div class=\"Card-footer\">\n             <span class=\"Card-footer-text\">G\u00e5 till tema 7<\/span>\n            <\/div>\n        <\/div>\n        <div class=\"Card-image-wrapper\"><div class=\"Card-image\"><img loading=\"lazy\" decoding=\"async\" width=\"1462\" height=\"1835\" src=\"https:\/\/barnafrid.se\/kunskapsportal\/wp-content\/uploads\/2025\/01\/bf_20250102_019.png\" class=\"attachment-full size-full\" alt=\"\" srcset=\"https:\/\/barnafrid.se\/kunskapsportal\/wp-content\/uploads\/2025\/01\/bf_20250102_019.png 1462w, https:\/\/barnafrid.se\/kunskapsportal\/wp-content\/uploads\/2025\/01\/bf_20250102_019-239x300.png 239w, https:\/\/barnafrid.se\/kunskapsportal\/wp-content\/uploads\/2025\/01\/bf_20250102_019-816x1024.png 816w, https:\/\/barnafrid.se\/kunskapsportal\/wp-content\/uploads\/2025\/01\/bf_20250102_019-768x964.png 768w, https:\/\/barnafrid.se\/kunskapsportal\/wp-content\/uploads\/2025\/01\/bf_20250102_019-1224x1536.png 1224w\" sizes=\"auto, (max-width: 1462px) 100vw, 1462px\" \/><\/div><\/div>    <\/div>\n<\/a>\n<\/div>\n","protected":false},"excerpt":{"rendered":"<p>Utbildningens sju teman kan anpassas efter arbetsgruppens f\u00f6rkunskaper, behov och andra f\u00f6ruts\u00e4ttningar. Till varje tema finns powerpointpresentationer och \u00f6vningsmaterial. Mer detaljerade f\u00f6rslag p\u00e5 uppl\u00e4gg finns beskrivna i handledningen i utbildningsledarmappen. Inneh\u00e5llet har tagits fram i samverkan mellan Myndigheten f\u00f6r delaktighet och Barnafrid, Link\u00f6pings universitet. Det har \u00e4ven utvecklats i dialog med yrkesverksamma samt f\u00f6retr\u00e4dare f\u00f6r [&hellip;]<\/p>\n","protected":false},"author":30505,"featured_media":0,"parent":0,"menu_order":0,"comment_status":"closed","ping_status":"closed","template":"","meta":{"h5ap_radio_sources":[],"footnotes":""},"role":[],"class_list":["post-13364","page","type-page","status-publish","hentry"],"yoast_head":"<!-- This site is optimized with the Yoast SEO plugin v27.3 - https:\/\/yoast.com\/product\/yoast-seo-wordpress\/ -->\n<title>V\u00e4lkommen till utbildningen Barnafrids basprogram om v\u00e5ld mot barn och unga \u2013 gruppsp\u00e5r barn och unga med funktionsneds\u00e4ttning - Barnafrid<\/title>\n<meta name=\"robots\" content=\"index, follow, max-snippet:-1, max-image-preview:large, max-video-preview:-1\" \/>\n<link rel=\"canonical\" href=\"https:\/\/barnafrid.se\/kunskapsportal\/gruppspar-barn-och-unga-med-funktionsnedsattning\/\" \/>\n<meta property=\"og:locale\" content=\"sv_SE\" \/>\n<meta property=\"og:type\" content=\"article\" \/>\n<meta property=\"og:title\" content=\"V\u00e4lkommen till utbildningen Barnafrids basprogram om v\u00e5ld mot barn och unga \u2013 gruppsp\u00e5r barn och unga med funktionsneds\u00e4ttning - Barnafrid\" \/>\n<meta property=\"og:description\" content=\"Utbildningens sju teman kan anpassas efter arbetsgruppens f\u00f6rkunskaper, behov och andra f\u00f6ruts\u00e4ttningar. Till varje tema finns powerpointpresentationer och \u00f6vningsmaterial. Mer detaljerade f\u00f6rslag p\u00e5 uppl\u00e4gg finns beskrivna i handledningen i utbildningsledarmappen. Inneh\u00e5llet har tagits fram i samverkan mellan Myndigheten f\u00f6r delaktighet och Barnafrid, Link\u00f6pings universitet. Det har \u00e4ven utvecklats i dialog med yrkesverksamma samt f\u00f6retr\u00e4dare f\u00f6r [&hellip;]\" \/>\n<meta property=\"og:url\" content=\"https:\/\/barnafrid.se\/kunskapsportal\/gruppspar-barn-och-unga-med-funktionsnedsattning\/\" \/>\n<meta property=\"og:site_name\" content=\"Barnafrid\" \/>\n<meta property=\"article:modified_time\" content=\"2025-02-10T14:21:48+00:00\" \/>\n<meta name=\"twitter:card\" content=\"summary_large_image\" \/>\n<meta name=\"twitter:label1\" content=\"Ber\u00e4knad l\u00e4stid\" \/>\n\t<meta name=\"twitter:data1\" content=\"2 minuter\" \/>\n<script type=\"application\/ld+json\" class=\"yoast-schema-graph\">{\"@context\":\"https:\\\/\\\/schema.org\",\"@graph\":[{\"@type\":\"WebPage\",\"@id\":\"https:\\\/\\\/barnafrid.se\\\/kunskapsportal\\\/gruppspar-barn-och-unga-med-funktionsnedsattning\\\/\",\"url\":\"https:\\\/\\\/barnafrid.se\\\/kunskapsportal\\\/gruppspar-barn-och-unga-med-funktionsnedsattning\\\/\",\"name\":\"V\u00e4lkommen till utbildningen Barnafrids basprogram om v\u00e5ld mot barn och unga \u2013 gruppsp\u00e5r barn och unga med funktionsneds\u00e4ttning - Barnafrid\",\"isPartOf\":{\"@id\":\"https:\\\/\\\/barnafrid.se\\\/kunskapsportal\\\/#website\"},\"datePublished\":\"2025-01-16T15:28:59+00:00\",\"dateModified\":\"2025-02-10T14:21:48+00:00\",\"breadcrumb\":{\"@id\":\"https:\\\/\\\/barnafrid.se\\\/kunskapsportal\\\/gruppspar-barn-och-unga-med-funktionsnedsattning\\\/#breadcrumb\"},\"inLanguage\":\"sv-SE\",\"potentialAction\":[{\"@type\":\"ReadAction\",\"target\":[\"https:\\\/\\\/barnafrid.se\\\/kunskapsportal\\\/gruppspar-barn-och-unga-med-funktionsnedsattning\\\/\"]}]},{\"@type\":\"BreadcrumbList\",\"@id\":\"https:\\\/\\\/barnafrid.se\\\/kunskapsportal\\\/gruppspar-barn-och-unga-med-funktionsnedsattning\\\/#breadcrumb\",\"itemListElement\":[{\"@type\":\"ListItem\",\"position\":1,\"name\":\"Home\",\"item\":\"https:\\\/\\\/barnafrid.se\\\/kunskapsportal\\\/\"},{\"@type\":\"ListItem\",\"position\":2,\"name\":\"V\u00e4lkommen till utbildningen Barnafrids basprogram om v\u00e5ld mot barn och unga \u2013 gruppsp\u00e5r barn och unga med funktionsneds\u00e4ttning\"}]},{\"@type\":\"WebSite\",\"@id\":\"https:\\\/\\\/barnafrid.se\\\/kunskapsportal\\\/#website\",\"url\":\"https:\\\/\\\/barnafrid.se\\\/kunskapsportal\\\/\",\"name\":\"Barnafrid\",\"description\":\"Kunskapsportal om v\u00e5ld mot barn\",\"potentialAction\":[{\"@type\":\"SearchAction\",\"target\":{\"@type\":\"EntryPoint\",\"urlTemplate\":\"https:\\\/\\\/barnafrid.se\\\/kunskapsportal\\\/?s={search_term_string}\"},\"query-input\":{\"@type\":\"PropertyValueSpecification\",\"valueRequired\":true,\"valueName\":\"search_term_string\"}}],\"inLanguage\":\"sv-SE\"}]}<\/script>\n<!-- \/ Yoast SEO plugin. -->","yoast_head_json":{"title":"V\u00e4lkommen till utbildningen Barnafrids basprogram om v\u00e5ld mot barn och unga \u2013 gruppsp\u00e5r barn och unga med funktionsneds\u00e4ttning - Barnafrid","robots":{"index":"index","follow":"follow","max-snippet":"max-snippet:-1","max-image-preview":"max-image-preview:large","max-video-preview":"max-video-preview:-1"},"canonical":"https:\/\/barnafrid.se\/kunskapsportal\/gruppspar-barn-och-unga-med-funktionsnedsattning\/","og_locale":"sv_SE","og_type":"article","og_title":"V\u00e4lkommen till utbildningen Barnafrids basprogram om v\u00e5ld mot barn och unga \u2013 gruppsp\u00e5r barn och unga med funktionsneds\u00e4ttning - Barnafrid","og_description":"Utbildningens sju teman kan anpassas efter arbetsgruppens f\u00f6rkunskaper, behov och andra f\u00f6ruts\u00e4ttningar. Till varje tema finns powerpointpresentationer och \u00f6vningsmaterial. Mer detaljerade f\u00f6rslag p\u00e5 uppl\u00e4gg finns beskrivna i handledningen i utbildningsledarmappen. Inneh\u00e5llet har tagits fram i samverkan mellan Myndigheten f\u00f6r delaktighet och Barnafrid, Link\u00f6pings universitet. Det har \u00e4ven utvecklats i dialog med yrkesverksamma samt f\u00f6retr\u00e4dare f\u00f6r [&hellip;]","og_url":"https:\/\/barnafrid.se\/kunskapsportal\/gruppspar-barn-och-unga-med-funktionsnedsattning\/","og_site_name":"Barnafrid","article_modified_time":"2025-02-10T14:21:48+00:00","twitter_card":"summary_large_image","twitter_misc":{"Ber\u00e4knad l\u00e4stid":"2 minuter"},"schema":{"@context":"https:\/\/schema.org","@graph":[{"@type":"WebPage","@id":"https:\/\/barnafrid.se\/kunskapsportal\/gruppspar-barn-och-unga-med-funktionsnedsattning\/","url":"https:\/\/barnafrid.se\/kunskapsportal\/gruppspar-barn-och-unga-med-funktionsnedsattning\/","name":"V\u00e4lkommen till utbildningen Barnafrids basprogram om v\u00e5ld mot barn och unga \u2013 gruppsp\u00e5r barn och unga med funktionsneds\u00e4ttning - Barnafrid","isPartOf":{"@id":"https:\/\/barnafrid.se\/kunskapsportal\/#website"},"datePublished":"2025-01-16T15:28:59+00:00","dateModified":"2025-02-10T14:21:48+00:00","breadcrumb":{"@id":"https:\/\/barnafrid.se\/kunskapsportal\/gruppspar-barn-och-unga-med-funktionsnedsattning\/#breadcrumb"},"inLanguage":"sv-SE","potentialAction":[{"@type":"ReadAction","target":["https:\/\/barnafrid.se\/kunskapsportal\/gruppspar-barn-och-unga-med-funktionsnedsattning\/"]}]},{"@type":"BreadcrumbList","@id":"https:\/\/barnafrid.se\/kunskapsportal\/gruppspar-barn-och-unga-med-funktionsnedsattning\/#breadcrumb","itemListElement":[{"@type":"ListItem","position":1,"name":"Home","item":"https:\/\/barnafrid.se\/kunskapsportal\/"},{"@type":"ListItem","position":2,"name":"V\u00e4lkommen till utbildningen Barnafrids basprogram om v\u00e5ld mot barn och unga \u2013 gruppsp\u00e5r barn och unga med funktionsneds\u00e4ttning"}]},{"@type":"WebSite","@id":"https:\/\/barnafrid.se\/kunskapsportal\/#website","url":"https:\/\/barnafrid.se\/kunskapsportal\/","name":"Barnafrid","description":"Kunskapsportal om v\u00e5ld mot barn","potentialAction":[{"@type":"SearchAction","target":{"@type":"EntryPoint","urlTemplate":"https:\/\/barnafrid.se\/kunskapsportal\/?s={search_term_string}"},"query-input":{"@type":"PropertyValueSpecification","valueRequired":true,"valueName":"search_term_string"}}],"inLanguage":"sv-SE"}]}},"_links":{"self":[{"href":"https:\/\/barnafrid.se\/kunskapsportal\/wp-json\/wp\/v2\/pages\/13364","targetHints":{"allow":["GET"]}}],"collection":[{"href":"https:\/\/barnafrid.se\/kunskapsportal\/wp-json\/wp\/v2\/pages"}],"about":[{"href":"https:\/\/barnafrid.se\/kunskapsportal\/wp-json\/wp\/v2\/types\/page"}],"author":[{"embeddable":true,"href":"https:\/\/barnafrid.se\/kunskapsportal\/wp-json\/wp\/v2\/users\/30505"}],"replies":[{"embeddable":true,"href":"https:\/\/barnafrid.se\/kunskapsportal\/wp-json\/wp\/v2\/comments?post=13364"}],"version-history":[{"count":60,"href":"https:\/\/barnafrid.se\/kunskapsportal\/wp-json\/wp\/v2\/pages\/13364\/revisions"}],"predecessor-version":[{"id":15783,"href":"https:\/\/barnafrid.se\/kunskapsportal\/wp-json\/wp\/v2\/pages\/13364\/revisions\/15783"}],"wp:attachment":[{"href":"https:\/\/barnafrid.se\/kunskapsportal\/wp-json\/wp\/v2\/media?parent=13364"}],"wp:term":[{"taxonomy":"role","embeddable":true,"href":"https:\/\/barnafrid.se\/kunskapsportal\/wp-json\/wp\/v2\/role?post=13364"}],"curies":[{"name":"wp","href":"https:\/\/api.w.org\/{rel}","templated":true}]}}