{"id":13346,"date":"2025-01-16T16:28:25","date_gmt":"2025-01-16T15:28:25","guid":{"rendered":"https:\/\/barnafrid.se\/kunskapsportal\/?page_id=13346"},"modified":"2025-02-14T15:24:20","modified_gmt":"2025-02-14T14:24:20","slug":"basprogram-om-vald-mot-barn-och-unga-gruppspar-barn-och-unga-med-funktionsnedsattning","status":"publish","type":"page","link":"https:\/\/barnafrid.se\/kunskapsportal\/basprogram-om-vald-mot-barn-och-unga-gruppspar-barn-och-unga-med-funktionsnedsattning\/","title":{"rendered":"Basprogram om v\u00e5ld mot barn och unga Gruppsp\u00e5r barn och unga med funktionsneds\u00e4ttning"},"content":{"rendered":"<div class=\"Hero\">\n    <div class=\"Hero-outerContainer\">\n        <div class=\"Hero-innerContainer\">\n            <div class=\"HeroContent\">\n                <h1 class=\"Hero-title\">Basprogram om v\u00e5ld mot<br>barn och unga <br>\u2013 gruppsp\u00e5r barn och unga med funktionsneds\u00e4ttning<\/h1>\n                <div class=\"Hero-intro\">\n                    Utbildningen ger arbetsgrupper som m\u00f6ter barn och unga en gemensam kunskapsgrund f\u00f6r att f\u00f6rebygga, uppt\u00e4cka och agera mot v\u00e5ld riktat mot barn och unga.<br><br>                <\/div>\n                <div class=\"HeroLinks\">\n                                                    <p class=\"HeroLinks-right\">\n                        <a href=\"https:\/\/barnafrid.se\/kunskapsportal\/wp-login.php?redirect_to=gruppspar-barn-och-unga-med-funktionsnedsattning\" class=\"Button Button--alt\">G\u00e5 till gruppsp\u00e5r barn och unga med funktionsneds\u00e4ttning<\/a>\n                    <\/p>\n                                <\/div>\n            <\/div>\n\n                <div class=\"HeroIllustration\"  style=\"max-width: 700px\" >\n\n                <img loading=\"lazy\" decoding=\"async\" width=\"1024\" height=\"717\" src=\"https:\/\/barnafrid.se\/kunskapsportal\/wp-content\/uploads\/2025\/01\/bf_20250102_021-1024x717.png\" class=\"HeroIllustration-image\" alt=\"\" srcset=\"https:\/\/barnafrid.se\/kunskapsportal\/wp-content\/uploads\/2025\/01\/bf_20250102_021-1024x717.png 1024w, https:\/\/barnafrid.se\/kunskapsportal\/wp-content\/uploads\/2025\/01\/bf_20250102_021-300x210.png 300w, https:\/\/barnafrid.se\/kunskapsportal\/wp-content\/uploads\/2025\/01\/bf_20250102_021-768x538.png 768w, https:\/\/barnafrid.se\/kunskapsportal\/wp-content\/uploads\/2025\/01\/bf_20250102_021-1536x1075.png 1536w, https:\/\/barnafrid.se\/kunskapsportal\/wp-content\/uploads\/2025\/01\/bf_20250102_021.png 2000w\" sizes=\"auto, (max-width: 1024px) 100vw, 1024px\" \/>            <\/div>\n        <\/div>\n\n    <\/div>\n<\/div>\n\n\n<section class=\"ArticleSection \">\n      <h2 class=\"ArticleSection-title\" id=\"om-utbildningen\">\n      Om utbildningen    <\/h2>\n    \n\n<p>Gruppsp\u00e5ret \u00e4r en praktiskt orienterad version av Barnafrids basprogram om v\u00e5ld mot barn och unga.<\/p>\n\n\n\n<p>Utbildningen riktar sig till alla verksamheter som m\u00f6ter barn och unga. Den har ett s\u00e4rskilt fokus p\u00e5 barn och unga med funktionsneds\u00e4ttning d\u00e5 de har en h\u00f6gre risk att uts\u00e4ttas f\u00f6r alla typer av v\u00e5ld, samt f\u00f6r fler och allvarligare former av v\u00e5ld \u00e4n andra barn.<\/p>\n\n\n\n<p>L\u00e4randet bygger p\u00e5 att arbetsgruppen diskuterar och reflekterar tillsammans om sin verksamhet, med hj\u00e4lp av en utbildningsledare. Det kan vara en medarbetare i gruppen eller n\u00e5gon annan som arbetar i verksamheten.<\/p>\n\n\n\n<p>Materialet g\u00e5r att l\u00e4gga upp p\u00e5 flera s\u00e4tt. Utbildningen kan f\u00f6rdelas p\u00e5 kortare arbetsplatstr\u00e4ffar eller genomf\u00f6ras mer koncentrerat under hel- eller halvdagar. Det finns en handledning som st\u00f6d f\u00f6r utbildningsledaren i att planera, f\u00f6rbereda och genomf\u00f6ra utbildningen.<\/p>\n\n<\/section>\n\n\n<section class=\"ArticleSection \">\n      <h2 class=\"ArticleSection-title\" id=\"fyra-steg-till-ny-kunskap\">\n      Fyra steg till ny kunskap    <\/h2>\n    \n\n<p><\/p>\n\n\n<div class=\"Step\">\n    <div class=\"Step-illustration\">\n        <img loading=\"lazy\" decoding=\"async\" width=\"650\" height=\"344\" src=\"https:\/\/barnafrid.se\/kunskapsportal\/wp-content\/uploads\/2019\/12\/barnafrid_image_7-1.png\" class=\"Step-image\" alt=\"B\u00e4rbar dator med \u00f6ppen sk\u00e4rm intill en mugg, mobiltelefon och surfplatta.\" srcset=\"https:\/\/barnafrid.se\/kunskapsportal\/wp-content\/uploads\/2019\/12\/barnafrid_image_7-1.png 650w, https:\/\/barnafrid.se\/kunskapsportal\/wp-content\/uploads\/2019\/12\/barnafrid_image_7-1-300x159.png 300w\" sizes=\"auto, (max-width: 650px) 100vw, 650px\" \/>    <\/div>\n    <div class=\"Step-content\">\n        <h3 class=\"Step-title\">Registrera dig eller logga in<\/h3>\n        <p class=\"Step-text\">Klicka p\u00e5 knappen G\u00e5 till gruppsp\u00e5r barn och unga med funktionsneds\u00e4ttning i ingressen. D\u00e4r kan du logga in med ditt anv\u00e4ndarkonto f\u00f6r Basprogrammet. Om du inte har n\u00e5got konto kan du registrera dig d\u00e4r. <\/p>\n    <\/div>\n<\/div>\n\n\n<div class=\"Step\">\n    <div class=\"Step-illustration\">\n        <img loading=\"lazy\" decoding=\"async\" width=\"1234\" height=\"901\" src=\"https:\/\/barnafrid.se\/kunskapsportal\/wp-content\/uploads\/2025\/02\/bf_20250102_017.png\" class=\"Step-image\" alt=\"\" srcset=\"https:\/\/barnafrid.se\/kunskapsportal\/wp-content\/uploads\/2025\/02\/bf_20250102_017.png 1234w, https:\/\/barnafrid.se\/kunskapsportal\/wp-content\/uploads\/2025\/02\/bf_20250102_017-300x219.png 300w, https:\/\/barnafrid.se\/kunskapsportal\/wp-content\/uploads\/2025\/02\/bf_20250102_017-1024x748.png 1024w, https:\/\/barnafrid.se\/kunskapsportal\/wp-content\/uploads\/2025\/02\/bf_20250102_017-768x561.png 768w\" sizes=\"auto, (max-width: 1234px) 100vw, 1234px\" \/>    <\/div>\n    <div class=\"Step-content\">\n        <h3 class=\"Step-title\">Genomf\u00f6r arbetsplatsutbildningen<\/h3>\n        <p class=\"Step-text\">Ta del av utbildningshandledningen och g\u00e5 igenom utbildningsmaterialet f\u00f6r att s\u00e4tta ihop en utbildning som passar din verksamhet.<\/p>\n    <\/div>\n<\/div>\n\n\n<div class=\"Step\">\n    <div class=\"Step-illustration\">\n        <img loading=\"lazy\" decoding=\"async\" width=\"650\" height=\"640\" src=\"https:\/\/barnafrid.se\/kunskapsportal\/wp-content\/uploads\/2019\/12\/barnafrid_image_48.png\" class=\"Step-image\" alt=\"V\u00e4ggklocka intill en liten tavla och ovanf\u00f6r en hylla med b\u00f6cker.\" srcset=\"https:\/\/barnafrid.se\/kunskapsportal\/wp-content\/uploads\/2019\/12\/barnafrid_image_48.png 650w, https:\/\/barnafrid.se\/kunskapsportal\/wp-content\/uploads\/2019\/12\/barnafrid_image_48-300x295.png 300w\" sizes=\"auto, (max-width: 650px) 100vw, 650px\" \/>    <\/div>\n    <div class=\"Step-content\">\n        <h3 class=\"Step-title\">Hur l\u00e5ng tid tar utbildningen och vad kostar det?<\/h3>\n        <p class=\"Step-text\">Den h\u00e4r utbildningen tar mellan 6-10 timmar att genomf\u00f6ra i grupp. Barnafrids utbildningsmaterial \u00e4r kostnadsfritt.<\/p>\n    <\/div>\n<\/div>\n\n\n<div class=\"Step\">\n    <div class=\"Step-illustration\">\n        <img loading=\"lazy\" decoding=\"async\" width=\"650\" height=\"527\" src=\"https:\/\/barnafrid.se\/kunskapsportal\/wp-content\/uploads\/2019\/12\/barnafrid_image_49.png\" class=\"Step-image\" alt=\"M\u00e4rkessk\u00f6ld med medaljer som h\u00e4nger bredvid ett diplom.\" srcset=\"https:\/\/barnafrid.se\/kunskapsportal\/wp-content\/uploads\/2019\/12\/barnafrid_image_49.png 650w, https:\/\/barnafrid.se\/kunskapsportal\/wp-content\/uploads\/2019\/12\/barnafrid_image_49-300x243.png 300w\" sizes=\"auto, (max-width: 650px) 100vw, 650px\" \/>    <\/div>\n    <div class=\"Step-content\">\n        <h3 class=\"Step-title\">Intyg p\u00e5 era nya kunskaper<\/h3>\n        <p class=\"Step-text\">Efter avslutad utbildning, anv\u00e4nd mallen f\u00f6r intyg och dela ut till de som genomf\u00f6rt utbildningen.<\/p>\n    <\/div>\n<\/div>\n\n<\/section>\n","protected":false},"excerpt":{"rendered":"","protected":false},"author":30505,"featured_media":0,"parent":0,"menu_order":0,"comment_status":"closed","ping_status":"closed","template":"page-course-start.php","meta":{"h5ap_radio_sources":[],"footnotes":""},"role":[],"class_list":["post-13346","page","type-page","status-publish","hentry"],"yoast_head":"<!-- This site is optimized with the Yoast SEO plugin v27.4 - https:\/\/yoast.com\/product\/yoast-seo-wordpress\/ -->\n<title>Basprogram om v\u00e5ld mot barn och unga Gruppsp\u00e5r barn och unga med funktionsneds\u00e4ttning - Barnafrid<\/title>\n<meta name=\"robots\" content=\"index, follow, max-snippet:-1, max-image-preview:large, max-video-preview:-1\" \/>\n<link rel=\"canonical\" href=\"https:\/\/barnafrid.se\/kunskapsportal\/basprogram-om-vald-mot-barn-och-unga-gruppspar-barn-och-unga-med-funktionsnedsattning\/\" \/>\n<meta property=\"og:locale\" content=\"sv_SE\" \/>\n<meta property=\"og:type\" content=\"article\" \/>\n<meta property=\"og:title\" content=\"Basprogram om v\u00e5ld mot barn och unga Gruppsp\u00e5r barn och unga med funktionsneds\u00e4ttning - Barnafrid\" \/>\n<meta property=\"og:url\" content=\"https:\/\/barnafrid.se\/kunskapsportal\/basprogram-om-vald-mot-barn-och-unga-gruppspar-barn-och-unga-med-funktionsnedsattning\/\" \/>\n<meta property=\"og:site_name\" content=\"Barnafrid\" \/>\n<meta property=\"article:modified_time\" content=\"2025-02-14T14:24:20+00:00\" \/>\n<meta name=\"twitter:card\" content=\"summary_large_image\" \/>\n<meta name=\"twitter:label1\" content=\"Ber\u00e4knad l\u00e4stid\" \/>\n\t<meta name=\"twitter:data1\" content=\"1 minut\" \/>\n<script type=\"application\/ld+json\" class=\"yoast-schema-graph\">{\"@context\":\"https:\\\/\\\/schema.org\",\"@graph\":[{\"@type\":\"WebPage\",\"@id\":\"https:\\\/\\\/barnafrid.se\\\/kunskapsportal\\\/basprogram-om-vald-mot-barn-och-unga-gruppspar-barn-och-unga-med-funktionsnedsattning\\\/\",\"url\":\"https:\\\/\\\/barnafrid.se\\\/kunskapsportal\\\/basprogram-om-vald-mot-barn-och-unga-gruppspar-barn-och-unga-med-funktionsnedsattning\\\/\",\"name\":\"Basprogram om v\u00e5ld mot barn och unga Gruppsp\u00e5r barn och unga med funktionsneds\u00e4ttning - Barnafrid\",\"isPartOf\":{\"@id\":\"https:\\\/\\\/barnafrid.se\\\/kunskapsportal\\\/#website\"},\"datePublished\":\"2025-01-16T15:28:25+00:00\",\"dateModified\":\"2025-02-14T14:24:20+00:00\",\"breadcrumb\":{\"@id\":\"https:\\\/\\\/barnafrid.se\\\/kunskapsportal\\\/basprogram-om-vald-mot-barn-och-unga-gruppspar-barn-och-unga-med-funktionsnedsattning\\\/#breadcrumb\"},\"inLanguage\":\"sv-SE\",\"potentialAction\":[{\"@type\":\"ReadAction\",\"target\":[\"https:\\\/\\\/barnafrid.se\\\/kunskapsportal\\\/basprogram-om-vald-mot-barn-och-unga-gruppspar-barn-och-unga-med-funktionsnedsattning\\\/\"]}]},{\"@type\":\"BreadcrumbList\",\"@id\":\"https:\\\/\\\/barnafrid.se\\\/kunskapsportal\\\/basprogram-om-vald-mot-barn-och-unga-gruppspar-barn-och-unga-med-funktionsnedsattning\\\/#breadcrumb\",\"itemListElement\":[{\"@type\":\"ListItem\",\"position\":1,\"name\":\"Home\",\"item\":\"https:\\\/\\\/barnafrid.se\\\/kunskapsportal\\\/\"},{\"@type\":\"ListItem\",\"position\":2,\"name\":\"Basprogram om v\u00e5ld mot barn och unga Gruppsp\u00e5r barn och unga med funktionsneds\u00e4ttning\"}]},{\"@type\":\"WebSite\",\"@id\":\"https:\\\/\\\/barnafrid.se\\\/kunskapsportal\\\/#website\",\"url\":\"https:\\\/\\\/barnafrid.se\\\/kunskapsportal\\\/\",\"name\":\"Barnafrid\",\"description\":\"Kunskapsportal om v\u00e5ld mot barn\",\"potentialAction\":[{\"@type\":\"SearchAction\",\"target\":{\"@type\":\"EntryPoint\",\"urlTemplate\":\"https:\\\/\\\/barnafrid.se\\\/kunskapsportal\\\/?s={search_term_string}\"},\"query-input\":{\"@type\":\"PropertyValueSpecification\",\"valueRequired\":true,\"valueName\":\"search_term_string\"}}],\"inLanguage\":\"sv-SE\"}]}<\/script>\n<!-- \/ Yoast SEO plugin. -->","yoast_head_json":{"title":"Basprogram om v\u00e5ld mot barn och unga Gruppsp\u00e5r barn och unga med funktionsneds\u00e4ttning - Barnafrid","robots":{"index":"index","follow":"follow","max-snippet":"max-snippet:-1","max-image-preview":"max-image-preview:large","max-video-preview":"max-video-preview:-1"},"canonical":"https:\/\/barnafrid.se\/kunskapsportal\/basprogram-om-vald-mot-barn-och-unga-gruppspar-barn-och-unga-med-funktionsnedsattning\/","og_locale":"sv_SE","og_type":"article","og_title":"Basprogram om v\u00e5ld mot barn och unga Gruppsp\u00e5r barn och unga med funktionsneds\u00e4ttning - Barnafrid","og_url":"https:\/\/barnafrid.se\/kunskapsportal\/basprogram-om-vald-mot-barn-och-unga-gruppspar-barn-och-unga-med-funktionsnedsattning\/","og_site_name":"Barnafrid","article_modified_time":"2025-02-14T14:24:20+00:00","twitter_card":"summary_large_image","twitter_misc":{"Ber\u00e4knad l\u00e4stid":"1 minut"},"schema":{"@context":"https:\/\/schema.org","@graph":[{"@type":"WebPage","@id":"https:\/\/barnafrid.se\/kunskapsportal\/basprogram-om-vald-mot-barn-och-unga-gruppspar-barn-och-unga-med-funktionsnedsattning\/","url":"https:\/\/barnafrid.se\/kunskapsportal\/basprogram-om-vald-mot-barn-och-unga-gruppspar-barn-och-unga-med-funktionsnedsattning\/","name":"Basprogram om v\u00e5ld mot barn och unga Gruppsp\u00e5r barn och unga med funktionsneds\u00e4ttning - Barnafrid","isPartOf":{"@id":"https:\/\/barnafrid.se\/kunskapsportal\/#website"},"datePublished":"2025-01-16T15:28:25+00:00","dateModified":"2025-02-14T14:24:20+00:00","breadcrumb":{"@id":"https:\/\/barnafrid.se\/kunskapsportal\/basprogram-om-vald-mot-barn-och-unga-gruppspar-barn-och-unga-med-funktionsnedsattning\/#breadcrumb"},"inLanguage":"sv-SE","potentialAction":[{"@type":"ReadAction","target":["https:\/\/barnafrid.se\/kunskapsportal\/basprogram-om-vald-mot-barn-och-unga-gruppspar-barn-och-unga-med-funktionsnedsattning\/"]}]},{"@type":"BreadcrumbList","@id":"https:\/\/barnafrid.se\/kunskapsportal\/basprogram-om-vald-mot-barn-och-unga-gruppspar-barn-och-unga-med-funktionsnedsattning\/#breadcrumb","itemListElement":[{"@type":"ListItem","position":1,"name":"Home","item":"https:\/\/barnafrid.se\/kunskapsportal\/"},{"@type":"ListItem","position":2,"name":"Basprogram om v\u00e5ld mot barn och unga Gruppsp\u00e5r barn och unga med funktionsneds\u00e4ttning"}]},{"@type":"WebSite","@id":"https:\/\/barnafrid.se\/kunskapsportal\/#website","url":"https:\/\/barnafrid.se\/kunskapsportal\/","name":"Barnafrid","description":"Kunskapsportal om v\u00e5ld mot barn","potentialAction":[{"@type":"SearchAction","target":{"@type":"EntryPoint","urlTemplate":"https:\/\/barnafrid.se\/kunskapsportal\/?s={search_term_string}"},"query-input":{"@type":"PropertyValueSpecification","valueRequired":true,"valueName":"search_term_string"}}],"inLanguage":"sv-SE"}]}},"_links":{"self":[{"href":"https:\/\/barnafrid.se\/kunskapsportal\/wp-json\/wp\/v2\/pages\/13346","targetHints":{"allow":["GET"]}}],"collection":[{"href":"https:\/\/barnafrid.se\/kunskapsportal\/wp-json\/wp\/v2\/pages"}],"about":[{"href":"https:\/\/barnafrid.se\/kunskapsportal\/wp-json\/wp\/v2\/types\/page"}],"author":[{"embeddable":true,"href":"https:\/\/barnafrid.se\/kunskapsportal\/wp-json\/wp\/v2\/users\/30505"}],"replies":[{"embeddable":true,"href":"https:\/\/barnafrid.se\/kunskapsportal\/wp-json\/wp\/v2\/comments?post=13346"}],"version-history":[{"count":39,"href":"https:\/\/barnafrid.se\/kunskapsportal\/wp-json\/wp\/v2\/pages\/13346\/revisions"}],"predecessor-version":[{"id":13851,"href":"https:\/\/barnafrid.se\/kunskapsportal\/wp-json\/wp\/v2\/pages\/13346\/revisions\/13851"}],"wp:attachment":[{"href":"https:\/\/barnafrid.se\/kunskapsportal\/wp-json\/wp\/v2\/media?parent=13346"}],"wp:term":[{"taxonomy":"role","embeddable":true,"href":"https:\/\/barnafrid.se\/kunskapsportal\/wp-json\/wp\/v2\/role?post=13346"}],"curies":[{"name":"wp","href":"https:\/\/api.w.org\/{rel}","templated":true}]}}