{"id":13097,"date":"2025-01-12T19:17:27","date_gmt":"2025-01-12T18:17:27","guid":{"rendered":"https:\/\/barnafrid.se\/kunskapsportal\/?page_id=13097"},"modified":"2025-11-04T13:20:48","modified_gmt":"2025-11-04T12:20:48","slug":"grundlaggande-begrepp-och-definitioner","status":"publish","type":"page","link":"https:\/\/barnafrid.se\/kunskapsportal\/sjalvskadebeteenden-hos-ungdomar\/grundlaggande-begrepp-och-definitioner\/","title":{"rendered":"Grundl\u00e4ggande begrepp och definitioner"},"content":{"rendered":"<section class=\"ArticleSection \">\n  \n\n<p>I kursen om sj\u00e4lvskadebeteende f\u00f6rekommer en rad grundl\u00e4ggande begrepp. H\u00e4r f\u00f6ljer en beskrivning av hur vi anv\u00e4nder dessa i det h\u00e4r utbildningsprogrammet.<\/p>\n\n\n\n<h2 class=\"wp-block-heading\">Barn och barnets omsorgsperson<\/h2>\n\n\n\n<p>Enligt FN:s barnkonvention \u00e4r alla m\u00e4nniskor barn upp till 18 \u00e5rs \u00e5lder. D\u00e5 sj\u00e4lvskadebeteende \u00e4r vanligast under ton\u00e5ren kommer vi genomg\u00e5ende anv\u00e4nda begreppet<em> ungdomar<\/em>&nbsp;i texten och vi syftar d\u00e5 fr\u00e4mst p\u00e5 \u00e5ldersgruppen 12\u201317 \u00e5r. I kursen anges&nbsp;<em>omsorgsperson<\/em>&nbsp;som samlat begrepp f\u00f6r f\u00f6r\u00e4ldrar och andra viktiga vuxna med f\u00f6r\u00e4ldrafunktion i ett barns liv. \u00c4ven&nbsp;<em>v\u00e5rdnadshavare<\/em>&nbsp;som juridiskt begrepp f\u00f6rekommer.&nbsp;&nbsp;<\/p>\n\n\n\n<h2 class=\"wp-block-heading\">Funktionsneds\u00e4ttning<\/h2>\n\n\n\n<p>I den h\u00e4r texten anv\u00e4nds begreppet funktionsneds\u00e4ttning i enlighet med Socialstyrelsens termbank f\u00f6r att beskriva neds\u00e4ttning av fysisk, psykisk eller intellektuell funktionsf\u00f6rm\u00e5ga.&nbsp;&nbsp;<\/p>\n\n\n\n<h2 class=\"wp-block-heading\">Sj\u00e4lvskadebeteende<\/h2>\n\n\n\n<p>P\u00e5 svenska anv\u00e4nds oftast den \u00f6vergripande termen sj\u00e4lvskadebeteende f\u00f6r att beskriva handlingar d\u00e4r en individ avsiktligt skadar sig sj\u00e4lv. I den engelskspr\u00e5kiga litteraturen finns tv\u00e5 traditioner d\u00e4r den ena g\u00f6r en tydlig uppdelning mellan suicidalt och icke-suicidalt sj\u00e4lvskadebeteende, beroende p\u00e5 vilken avsikt individen har bakom beteendet (p\u00e5 engelska <em>suicidal self-injury<\/em> och <em>nonsuicidal self-injury<\/em>). Trots att icke-suicidalt sj\u00e4lvskadebeteende genomf\u00f6rs utan sj\u00e4lvmordsavsikt s\u00e5 kan sj\u00e4lvmordstankar, sj\u00e4lvmordsplaner och sj\u00e4lvmordsf\u00f6rs\u00f6k f\u00f6rekomma hos en individ med icke-suicidalt sj\u00e4lvskadebeteende. I den andra traditionen g\u00f6rs ingen uppdelning beroende p\u00e5 intention, utan samtliga sj\u00e4lvskadande beteenden inkluderas i begreppet <em>(deliberate) self-harm<\/em>, oberoende av intention.<\/p>\n\n\n\n<p>I den h\u00e4r texten anv\u00e4nds begreppet sj\u00e4lvskadebeteende f\u00f6r att beskriva den handling som en individ sj\u00e4lv genomf\u00f6r mot sin kropp med avsikt att skada sig sj\u00e4lv. Det kan till exempel vara att sk\u00e4ra, rispa eller br\u00e4nna huden. Handlingen genomf\u00f6rs fr\u00e4mst utan sj\u00e4lvmordsavsikt, d v s syftet med handlingen \u00e4r inte att ta sitt liv utan motivet handlar snarare om att till exempel lindra sv\u00e5ra k\u00e4nslor. N\u00e4r suicidal intention f\u00f6religger kommer detta att specificeras i texten.<\/p>\n\n\n\n<h2 class=\"wp-block-heading\">Direkt och Indirekt sj\u00e4lvskadebeteende<\/h2>\n\n\n\n<p>Direkt sj\u00e4lvskadebeteende avser de beteenden som en individ utf\u00f6r d\u00e4r skadan uppst\u00e5r omedelbart och direkt p\u00e5 kroppsv\u00e4vnad i samband med sj\u00e4lvskadebeteendet, som bl\u00f6dning, sm\u00e4rta eller bl\u00e5nad. I den h\u00e4r texten kommer begreppet indirekt sj\u00e4lvskadebeteende anv\u00e4ndas f\u00f6r att beskriva olika beteenden som en individ kan \u00e4gna sig \u00e5t f\u00f6r att p\u00e5 olika s\u00e4tt skada sig sj\u00e4lv, men d\u00e4r effekten inte \u00e4r lika omedelbar eller inneb\u00e4r direkt skada p\u00e5 kroppsv\u00e4vnad. Att till exempel s\u00f6ka upp farliga situationer, avsiktligt uts\u00e4tta sig f\u00f6r risker eller att s\u00f6ka upp n\u00e5gon annan som g\u00f6r en illa utg\u00f6r mer indirekta former av sj\u00e4lvskadebeteenden.<\/p>\n\n\n\n<h2 class=\"wp-block-heading\">Sj\u00e4lvmordstankar<\/h2>\n\n\n\n<p>Sj\u00e4lvmordstankar avser tankar p\u00e5 sj\u00e4lvmord som \u00e4r lite mer specifika \u00e4n allm\u00e4nna d\u00f6dstankar eller meningsl\u00f6shetstankar.<\/p>\n\n\n\n<h2 class=\"wp-block-heading\">Sj\u00e4lvmordsplaner<\/h2>\n\n\n\n<p>Sj\u00e4lvmordsplaner avser konkreta planer som en individ har p\u00e5 att ta sitt liv.<\/p>\n\n\n\n<h2 class=\"wp-block-heading\">Sj\u00e4lvmordsf\u00f6rs\u00f6k<\/h2>\n\n\n\n<p>Ett sj\u00e4lvmordsf\u00f6rs\u00f6k avser en handling d\u00e4r en individ skadat sig sj\u00e4lv med avsikt att ta sitt liv och \u00f6verlevt handlingen.<\/p>\n\n\n\n<h2 class=\"wp-block-heading\">Sj\u00e4lvmord<\/h2>\n\n\n\n<p>Ett sj\u00e4lvmord avser en handling d\u00e4r en individ skadat sig sj\u00e4lv med avsikt att ta sitt liv med d\u00f6dlig utg\u00e5ng.<\/p>\n\n<\/section>\n","protected":false},"excerpt":{"rendered":"","protected":false},"author":10518,"featured_media":0,"parent":10073,"menu_order":0,"comment_status":"closed","ping_status":"closed","template":"","meta":{"h5ap_radio_sources":[],"footnotes":""},"role":[],"class_list":["post-13097","page","type-page","status-publish","hentry"],"yoast_head":"<!-- This site is optimized with the Yoast SEO plugin v27.5 - https:\/\/yoast.com\/product\/yoast-seo-wordpress\/ -->\n<title>Grundl\u00e4ggande begrepp och definitioner - Barnafrid<\/title>\n<meta name=\"robots\" content=\"index, follow, max-snippet:-1, max-image-preview:large, max-video-preview:-1\" \/>\n<link rel=\"canonical\" href=\"https:\/\/barnafrid.se\/kunskapsportal\/sjalvskadebeteenden-hos-ungdomar\/grundlaggande-begrepp-och-definitioner\/\" \/>\n<meta property=\"og:locale\" content=\"sv_SE\" \/>\n<meta property=\"og:type\" content=\"article\" \/>\n<meta property=\"og:title\" content=\"Grundl\u00e4ggande begrepp och definitioner - Barnafrid\" \/>\n<meta property=\"og:url\" content=\"https:\/\/barnafrid.se\/kunskapsportal\/sjalvskadebeteenden-hos-ungdomar\/grundlaggande-begrepp-och-definitioner\/\" \/>\n<meta property=\"og:site_name\" content=\"Barnafrid\" \/>\n<meta property=\"article:modified_time\" content=\"2025-11-04T12:20:48+00:00\" \/>\n<meta name=\"twitter:card\" content=\"summary_large_image\" \/>\n<meta name=\"twitter:label1\" content=\"Ber\u00e4knad l\u00e4stid\" \/>\n\t<meta name=\"twitter:data1\" content=\"3 minuter\" \/>\n<script type=\"application\/ld+json\" class=\"yoast-schema-graph\">{\"@context\":\"https:\\\/\\\/schema.org\",\"@graph\":[{\"@type\":\"WebPage\",\"@id\":\"https:\\\/\\\/barnafrid.se\\\/kunskapsportal\\\/sjalvskadebeteenden-hos-ungdomar\\\/grundlaggande-begrepp-och-definitioner\\\/\",\"url\":\"https:\\\/\\\/barnafrid.se\\\/kunskapsportal\\\/sjalvskadebeteenden-hos-ungdomar\\\/grundlaggande-begrepp-och-definitioner\\\/\",\"name\":\"Grundl\u00e4ggande begrepp och definitioner - Barnafrid\",\"isPartOf\":{\"@id\":\"https:\\\/\\\/barnafrid.se\\\/kunskapsportal\\\/#website\"},\"datePublished\":\"2025-01-12T18:17:27+00:00\",\"dateModified\":\"2025-11-04T12:20:48+00:00\",\"breadcrumb\":{\"@id\":\"https:\\\/\\\/barnafrid.se\\\/kunskapsportal\\\/sjalvskadebeteenden-hos-ungdomar\\\/grundlaggande-begrepp-och-definitioner\\\/#breadcrumb\"},\"inLanguage\":\"sv-SE\",\"potentialAction\":[{\"@type\":\"ReadAction\",\"target\":[\"https:\\\/\\\/barnafrid.se\\\/kunskapsportal\\\/sjalvskadebeteenden-hos-ungdomar\\\/grundlaggande-begrepp-och-definitioner\\\/\"]}]},{\"@type\":\"BreadcrumbList\",\"@id\":\"https:\\\/\\\/barnafrid.se\\\/kunskapsportal\\\/sjalvskadebeteenden-hos-ungdomar\\\/grundlaggande-begrepp-och-definitioner\\\/#breadcrumb\",\"itemListElement\":[{\"@type\":\"ListItem\",\"position\":1,\"name\":\"Home\",\"item\":\"https:\\\/\\\/barnafrid.se\\\/kunskapsportal\\\/\"},{\"@type\":\"ListItem\",\"position\":2,\"name\":\"Sj\u00e4lvskadebeteende hos ungdomar\",\"item\":\"https:\\\/\\\/barnafrid.se\\\/kunskapsportal\\\/sjalvskadebeteenden-hos-ungdomar\\\/\"},{\"@type\":\"ListItem\",\"position\":3,\"name\":\"Grundl\u00e4ggande begrepp och definitioner\"}]},{\"@type\":\"WebSite\",\"@id\":\"https:\\\/\\\/barnafrid.se\\\/kunskapsportal\\\/#website\",\"url\":\"https:\\\/\\\/barnafrid.se\\\/kunskapsportal\\\/\",\"name\":\"Barnafrid\",\"description\":\"Kunskapsportal om v\u00e5ld mot barn\",\"potentialAction\":[{\"@type\":\"SearchAction\",\"target\":{\"@type\":\"EntryPoint\",\"urlTemplate\":\"https:\\\/\\\/barnafrid.se\\\/kunskapsportal\\\/?s={search_term_string}\"},\"query-input\":{\"@type\":\"PropertyValueSpecification\",\"valueRequired\":true,\"valueName\":\"search_term_string\"}}],\"inLanguage\":\"sv-SE\"}]}<\/script>\n<!-- \/ Yoast SEO plugin. -->","yoast_head_json":{"title":"Grundl\u00e4ggande begrepp och definitioner - Barnafrid","robots":{"index":"index","follow":"follow","max-snippet":"max-snippet:-1","max-image-preview":"max-image-preview:large","max-video-preview":"max-video-preview:-1"},"canonical":"https:\/\/barnafrid.se\/kunskapsportal\/sjalvskadebeteenden-hos-ungdomar\/grundlaggande-begrepp-och-definitioner\/","og_locale":"sv_SE","og_type":"article","og_title":"Grundl\u00e4ggande begrepp och definitioner - Barnafrid","og_url":"https:\/\/barnafrid.se\/kunskapsportal\/sjalvskadebeteenden-hos-ungdomar\/grundlaggande-begrepp-och-definitioner\/","og_site_name":"Barnafrid","article_modified_time":"2025-11-04T12:20:48+00:00","twitter_card":"summary_large_image","twitter_misc":{"Ber\u00e4knad l\u00e4stid":"3 minuter"},"schema":{"@context":"https:\/\/schema.org","@graph":[{"@type":"WebPage","@id":"https:\/\/barnafrid.se\/kunskapsportal\/sjalvskadebeteenden-hos-ungdomar\/grundlaggande-begrepp-och-definitioner\/","url":"https:\/\/barnafrid.se\/kunskapsportal\/sjalvskadebeteenden-hos-ungdomar\/grundlaggande-begrepp-och-definitioner\/","name":"Grundl\u00e4ggande begrepp och definitioner - Barnafrid","isPartOf":{"@id":"https:\/\/barnafrid.se\/kunskapsportal\/#website"},"datePublished":"2025-01-12T18:17:27+00:00","dateModified":"2025-11-04T12:20:48+00:00","breadcrumb":{"@id":"https:\/\/barnafrid.se\/kunskapsportal\/sjalvskadebeteenden-hos-ungdomar\/grundlaggande-begrepp-och-definitioner\/#breadcrumb"},"inLanguage":"sv-SE","potentialAction":[{"@type":"ReadAction","target":["https:\/\/barnafrid.se\/kunskapsportal\/sjalvskadebeteenden-hos-ungdomar\/grundlaggande-begrepp-och-definitioner\/"]}]},{"@type":"BreadcrumbList","@id":"https:\/\/barnafrid.se\/kunskapsportal\/sjalvskadebeteenden-hos-ungdomar\/grundlaggande-begrepp-och-definitioner\/#breadcrumb","itemListElement":[{"@type":"ListItem","position":1,"name":"Home","item":"https:\/\/barnafrid.se\/kunskapsportal\/"},{"@type":"ListItem","position":2,"name":"Sj\u00e4lvskadebeteende hos ungdomar","item":"https:\/\/barnafrid.se\/kunskapsportal\/sjalvskadebeteenden-hos-ungdomar\/"},{"@type":"ListItem","position":3,"name":"Grundl\u00e4ggande begrepp och definitioner"}]},{"@type":"WebSite","@id":"https:\/\/barnafrid.se\/kunskapsportal\/#website","url":"https:\/\/barnafrid.se\/kunskapsportal\/","name":"Barnafrid","description":"Kunskapsportal om v\u00e5ld mot barn","potentialAction":[{"@type":"SearchAction","target":{"@type":"EntryPoint","urlTemplate":"https:\/\/barnafrid.se\/kunskapsportal\/?s={search_term_string}"},"query-input":{"@type":"PropertyValueSpecification","valueRequired":true,"valueName":"search_term_string"}}],"inLanguage":"sv-SE"}]}},"_links":{"self":[{"href":"https:\/\/barnafrid.se\/kunskapsportal\/wp-json\/wp\/v2\/pages\/13097","targetHints":{"allow":["GET"]}}],"collection":[{"href":"https:\/\/barnafrid.se\/kunskapsportal\/wp-json\/wp\/v2\/pages"}],"about":[{"href":"https:\/\/barnafrid.se\/kunskapsportal\/wp-json\/wp\/v2\/types\/page"}],"author":[{"embeddable":true,"href":"https:\/\/barnafrid.se\/kunskapsportal\/wp-json\/wp\/v2\/users\/10518"}],"replies":[{"embeddable":true,"href":"https:\/\/barnafrid.se\/kunskapsportal\/wp-json\/wp\/v2\/comments?post=13097"}],"version-history":[{"count":1,"href":"https:\/\/barnafrid.se\/kunskapsportal\/wp-json\/wp\/v2\/pages\/13097\/revisions"}],"predecessor-version":[{"id":13098,"href":"https:\/\/barnafrid.se\/kunskapsportal\/wp-json\/wp\/v2\/pages\/13097\/revisions\/13098"}],"up":[{"embeddable":true,"href":"https:\/\/barnafrid.se\/kunskapsportal\/wp-json\/wp\/v2\/pages\/10073"}],"wp:attachment":[{"href":"https:\/\/barnafrid.se\/kunskapsportal\/wp-json\/wp\/v2\/media?parent=13097"}],"wp:term":[{"taxonomy":"role","embeddable":true,"href":"https:\/\/barnafrid.se\/kunskapsportal\/wp-json\/wp\/v2\/role?post=13097"}],"curies":[{"name":"wp","href":"https:\/\/api.w.org\/{rel}","templated":true}]}}