{"id":10084,"date":"2024-10-03T14:52:48","date_gmt":"2024-10-03T12:52:48","guid":{"rendered":"https:\/\/barnafrid.se\/kunskapsportal\/?page_id=10084"},"modified":"2025-11-04T13:20:11","modified_gmt":"2025-11-04T12:20:11","slug":"om-utbildningen","status":"publish","type":"page","link":"https:\/\/barnafrid.se\/kunskapsportal\/sjalvskadebeteenden-hos-ungdomar\/om-utbildningen\/","title":{"rendered":"Om utbildningen"},"content":{"rendered":"\n<p>Den h\u00e4r kursen syftar till att ge dig kunskaper och f\u00e4rdigheter i bed\u00f6mning, bem\u00f6tande och behandling av sj\u00e4lvskadebeteende hos ungdomar.<\/p>\n\n\n\n<p>Utbildningen riktar sig i f\u00f6rsta hand till dig som \u00e4r anst\u00e4lld i verksamhet med barn- och ungdomspsykiatriskt uppdrag s\u00e5som BUP specialistv\u00e5rden och F\u00f6rsta linjens v\u00e5rd f\u00f6r barn och ungas psykiska h\u00e4lsa. F\u00f6r dig som arbetar med angr\u00e4nsande uppdrag inom h\u00e4lso- och sjukv\u00e5rd, socialtj\u00e4nst och skola kan delar av utbildningen ocks\u00e5 vara intressant och ge m\u00f6jlighet att orientera sig i. \u00c4ven studenter p\u00e5 relevanta professionsutbildningar kan anv\u00e4nda utbildningen.<\/p>\n\n\n\n<p>Du kan genomf\u00f6ra den h\u00e4r kursen i sin helhet eller dela upp den i flera delar. I varje del finns det kliniska vinjetter med tillh\u00f6rande diskussionsfr\u00e5gor som du kan reflektera kring sj\u00e4lv eller i grupp.<\/p>\n\n\n\n<p>Utbildningen har tagits fram av Maria Zetterqvist, legitimerad psykolog och psykoterapeut p\u00e5 BUP-kliniken i Link\u00f6ping samt adjungerad universitetslektor\/docent, vid Centrum f\u00f6r social och affektiv neurovetenskap (CSAN) och Institutionen f\u00f6r biomedicinska och kliniska vetenskaper (BKV) vid Link\u00f6pings universitet. <\/p>\n\n\n\n<p>Utbildningen m\u00f6jliggjordes med finansiering fr\u00e5n Vetenskapsr\u00e5det, 2018-05820.<\/p>\n\n\n\n<p>Har du fr\u00e5gor eller funderingar kring utbildningen, v\u00e4nligen kontakta Barnafrid p\u00e5 barnafrid@liu.se<\/p>\n","protected":false},"excerpt":{"rendered":"<p>Den h\u00e4r kursen syftar till att ge dig kunskaper och f\u00e4rdigheter i bed\u00f6mning, bem\u00f6tande och behandling av sj\u00e4lvskadebeteende hos ungdomar. Utbildningen riktar sig i f\u00f6rsta hand till dig som \u00e4r anst\u00e4lld i verksamhet med barn- och ungdomspsykiatriskt uppdrag s\u00e5som BUP specialistv\u00e5rden och F\u00f6rsta linjens v\u00e5rd f\u00f6r barn och ungas psykiska h\u00e4lsa. F\u00f6r dig som arbetar [&hellip;]<\/p>\n","protected":false},"author":10518,"featured_media":0,"parent":10073,"menu_order":0,"comment_status":"closed","ping_status":"closed","template":"","meta":{"h5ap_radio_sources":[],"footnotes":""},"role":[],"class_list":["post-10084","page","type-page","status-publish","hentry"],"yoast_head":"<!-- This site is optimized with the Yoast SEO plugin v27.5 - https:\/\/yoast.com\/product\/yoast-seo-wordpress\/ -->\n<title>Om utbildningen - Barnafrid<\/title>\n<meta name=\"robots\" content=\"index, follow, max-snippet:-1, max-image-preview:large, max-video-preview:-1\" \/>\n<link rel=\"canonical\" href=\"https:\/\/barnafrid.se\/kunskapsportal\/sjalvskadebeteenden-hos-ungdomar\/om-utbildningen\/\" \/>\n<meta property=\"og:locale\" content=\"sv_SE\" \/>\n<meta property=\"og:type\" content=\"article\" \/>\n<meta property=\"og:title\" content=\"Om utbildningen - Barnafrid\" \/>\n<meta property=\"og:description\" content=\"Den h\u00e4r kursen syftar till att ge dig kunskaper och f\u00e4rdigheter i bed\u00f6mning, bem\u00f6tande och behandling av sj\u00e4lvskadebeteende hos ungdomar. Utbildningen riktar sig i f\u00f6rsta hand till dig som \u00e4r anst\u00e4lld i verksamhet med barn- och ungdomspsykiatriskt uppdrag s\u00e5som BUP specialistv\u00e5rden och F\u00f6rsta linjens v\u00e5rd f\u00f6r barn och ungas psykiska h\u00e4lsa. F\u00f6r dig som arbetar [&hellip;]\" \/>\n<meta property=\"og:url\" content=\"https:\/\/barnafrid.se\/kunskapsportal\/sjalvskadebeteenden-hos-ungdomar\/om-utbildningen\/\" \/>\n<meta property=\"og:site_name\" content=\"Barnafrid\" \/>\n<meta property=\"article:modified_time\" content=\"2025-11-04T12:20:11+00:00\" \/>\n<meta name=\"twitter:card\" content=\"summary_large_image\" \/>\n<meta name=\"twitter:label1\" content=\"Ber\u00e4knad l\u00e4stid\" \/>\n\t<meta name=\"twitter:data1\" content=\"1 minut\" \/>\n<script type=\"application\/ld+json\" class=\"yoast-schema-graph\">{\"@context\":\"https:\\\/\\\/schema.org\",\"@graph\":[{\"@type\":\"WebPage\",\"@id\":\"https:\\\/\\\/barnafrid.se\\\/kunskapsportal\\\/sjalvskadebeteenden-hos-ungdomar\\\/om-utbildningen\\\/\",\"url\":\"https:\\\/\\\/barnafrid.se\\\/kunskapsportal\\\/sjalvskadebeteenden-hos-ungdomar\\\/om-utbildningen\\\/\",\"name\":\"Om utbildningen - Barnafrid\",\"isPartOf\":{\"@id\":\"https:\\\/\\\/barnafrid.se\\\/kunskapsportal\\\/#website\"},\"datePublished\":\"2024-10-03T12:52:48+00:00\",\"dateModified\":\"2025-11-04T12:20:11+00:00\",\"breadcrumb\":{\"@id\":\"https:\\\/\\\/barnafrid.se\\\/kunskapsportal\\\/sjalvskadebeteenden-hos-ungdomar\\\/om-utbildningen\\\/#breadcrumb\"},\"inLanguage\":\"sv-SE\",\"potentialAction\":[{\"@type\":\"ReadAction\",\"target\":[\"https:\\\/\\\/barnafrid.se\\\/kunskapsportal\\\/sjalvskadebeteenden-hos-ungdomar\\\/om-utbildningen\\\/\"]}]},{\"@type\":\"BreadcrumbList\",\"@id\":\"https:\\\/\\\/barnafrid.se\\\/kunskapsportal\\\/sjalvskadebeteenden-hos-ungdomar\\\/om-utbildningen\\\/#breadcrumb\",\"itemListElement\":[{\"@type\":\"ListItem\",\"position\":1,\"name\":\"Home\",\"item\":\"https:\\\/\\\/barnafrid.se\\\/kunskapsportal\\\/\"},{\"@type\":\"ListItem\",\"position\":2,\"name\":\"Sj\u00e4lvskadebeteende hos ungdomar\",\"item\":\"https:\\\/\\\/barnafrid.se\\\/kunskapsportal\\\/sjalvskadebeteenden-hos-ungdomar\\\/\"},{\"@type\":\"ListItem\",\"position\":3,\"name\":\"Om utbildningen\"}]},{\"@type\":\"WebSite\",\"@id\":\"https:\\\/\\\/barnafrid.se\\\/kunskapsportal\\\/#website\",\"url\":\"https:\\\/\\\/barnafrid.se\\\/kunskapsportal\\\/\",\"name\":\"Barnafrid\",\"description\":\"Kunskapsportal om v\u00e5ld mot barn\",\"potentialAction\":[{\"@type\":\"SearchAction\",\"target\":{\"@type\":\"EntryPoint\",\"urlTemplate\":\"https:\\\/\\\/barnafrid.se\\\/kunskapsportal\\\/?s={search_term_string}\"},\"query-input\":{\"@type\":\"PropertyValueSpecification\",\"valueRequired\":true,\"valueName\":\"search_term_string\"}}],\"inLanguage\":\"sv-SE\"}]}<\/script>\n<!-- \/ Yoast SEO plugin. -->","yoast_head_json":{"title":"Om utbildningen - Barnafrid","robots":{"index":"index","follow":"follow","max-snippet":"max-snippet:-1","max-image-preview":"max-image-preview:large","max-video-preview":"max-video-preview:-1"},"canonical":"https:\/\/barnafrid.se\/kunskapsportal\/sjalvskadebeteenden-hos-ungdomar\/om-utbildningen\/","og_locale":"sv_SE","og_type":"article","og_title":"Om utbildningen - Barnafrid","og_description":"Den h\u00e4r kursen syftar till att ge dig kunskaper och f\u00e4rdigheter i bed\u00f6mning, bem\u00f6tande och behandling av sj\u00e4lvskadebeteende hos ungdomar. Utbildningen riktar sig i f\u00f6rsta hand till dig som \u00e4r anst\u00e4lld i verksamhet med barn- och ungdomspsykiatriskt uppdrag s\u00e5som BUP specialistv\u00e5rden och F\u00f6rsta linjens v\u00e5rd f\u00f6r barn och ungas psykiska h\u00e4lsa. F\u00f6r dig som arbetar [&hellip;]","og_url":"https:\/\/barnafrid.se\/kunskapsportal\/sjalvskadebeteenden-hos-ungdomar\/om-utbildningen\/","og_site_name":"Barnafrid","article_modified_time":"2025-11-04T12:20:11+00:00","twitter_card":"summary_large_image","twitter_misc":{"Ber\u00e4knad l\u00e4stid":"1 minut"},"schema":{"@context":"https:\/\/schema.org","@graph":[{"@type":"WebPage","@id":"https:\/\/barnafrid.se\/kunskapsportal\/sjalvskadebeteenden-hos-ungdomar\/om-utbildningen\/","url":"https:\/\/barnafrid.se\/kunskapsportal\/sjalvskadebeteenden-hos-ungdomar\/om-utbildningen\/","name":"Om utbildningen - Barnafrid","isPartOf":{"@id":"https:\/\/barnafrid.se\/kunskapsportal\/#website"},"datePublished":"2024-10-03T12:52:48+00:00","dateModified":"2025-11-04T12:20:11+00:00","breadcrumb":{"@id":"https:\/\/barnafrid.se\/kunskapsportal\/sjalvskadebeteenden-hos-ungdomar\/om-utbildningen\/#breadcrumb"},"inLanguage":"sv-SE","potentialAction":[{"@type":"ReadAction","target":["https:\/\/barnafrid.se\/kunskapsportal\/sjalvskadebeteenden-hos-ungdomar\/om-utbildningen\/"]}]},{"@type":"BreadcrumbList","@id":"https:\/\/barnafrid.se\/kunskapsportal\/sjalvskadebeteenden-hos-ungdomar\/om-utbildningen\/#breadcrumb","itemListElement":[{"@type":"ListItem","position":1,"name":"Home","item":"https:\/\/barnafrid.se\/kunskapsportal\/"},{"@type":"ListItem","position":2,"name":"Sj\u00e4lvskadebeteende hos ungdomar","item":"https:\/\/barnafrid.se\/kunskapsportal\/sjalvskadebeteenden-hos-ungdomar\/"},{"@type":"ListItem","position":3,"name":"Om utbildningen"}]},{"@type":"WebSite","@id":"https:\/\/barnafrid.se\/kunskapsportal\/#website","url":"https:\/\/barnafrid.se\/kunskapsportal\/","name":"Barnafrid","description":"Kunskapsportal om v\u00e5ld mot barn","potentialAction":[{"@type":"SearchAction","target":{"@type":"EntryPoint","urlTemplate":"https:\/\/barnafrid.se\/kunskapsportal\/?s={search_term_string}"},"query-input":{"@type":"PropertyValueSpecification","valueRequired":true,"valueName":"search_term_string"}}],"inLanguage":"sv-SE"}]}},"_links":{"self":[{"href":"https:\/\/barnafrid.se\/kunskapsportal\/wp-json\/wp\/v2\/pages\/10084","targetHints":{"allow":["GET"]}}],"collection":[{"href":"https:\/\/barnafrid.se\/kunskapsportal\/wp-json\/wp\/v2\/pages"}],"about":[{"href":"https:\/\/barnafrid.se\/kunskapsportal\/wp-json\/wp\/v2\/types\/page"}],"author":[{"embeddable":true,"href":"https:\/\/barnafrid.se\/kunskapsportal\/wp-json\/wp\/v2\/users\/10518"}],"replies":[{"embeddable":true,"href":"https:\/\/barnafrid.se\/kunskapsportal\/wp-json\/wp\/v2\/comments?post=10084"}],"version-history":[{"count":4,"href":"https:\/\/barnafrid.se\/kunskapsportal\/wp-json\/wp\/v2\/pages\/10084\/revisions"}],"predecessor-version":[{"id":13345,"href":"https:\/\/barnafrid.se\/kunskapsportal\/wp-json\/wp\/v2\/pages\/10084\/revisions\/13345"}],"up":[{"embeddable":true,"href":"https:\/\/barnafrid.se\/kunskapsportal\/wp-json\/wp\/v2\/pages\/10073"}],"wp:attachment":[{"href":"https:\/\/barnafrid.se\/kunskapsportal\/wp-json\/wp\/v2\/media?parent=10084"}],"wp:term":[{"taxonomy":"role","embeddable":true,"href":"https:\/\/barnafrid.se\/kunskapsportal\/wp-json\/wp\/v2\/role?post=10084"}],"curies":[{"name":"wp","href":"https:\/\/api.w.org\/{rel}","templated":true}]}}