{"id":10032,"date":"2024-10-22T08:44:29","date_gmt":"2024-10-22T06:44:29","guid":{"rendered":"https:\/\/barnafrid.se\/kunskapsportal\/?page_id=10032"},"modified":"2025-08-07T16:22:01","modified_gmt":"2025-08-07T14:22:01","slug":"barn-och-ungas-roster-en-handbok-for-delaktighet-och-inkludering","status":"publish","type":"page","link":"https:\/\/barnafrid.se\/kunskapsportal\/barn-och-ungas-roster-en-handbok-for-delaktighet-och-inkludering\/","title":{"rendered":"Barn och ungas r\u00f6ster \u2013 En handbok f\u00f6r delaktighet och inkludering"},"content":{"rendered":"<div class='Lead'>\n    En del av Barnafrids uppdrag \u00e4r att synligg\u00f6ra barn och ungas synpunkter och erfarenheter. 2019 b\u00f6rjade vi utforska hur Barnafrid b\u00e4st kan samla in dessa tankar och erfarenheter. Detta arbete kom  att resultera i denna handbok. Vi hoppas att handboken ska v\u00e4gleda och inspirera till att inkludera och g\u00f6ra barn och unga delaktiga.<\/div>\n\n\n\n<p>F\u00f6r att kunna arbeta med barn och unga beh\u00f6ver man som verksamhet ha r\u00e4tt f\u00f6ruts\u00e4ttningar. Barnafrid har d\u00e4rf\u00f6r tagit fram en handbok som bygger p\u00e5 erfarenheter av att arbeta tillsammans med barn och unga i s\u00e5 kallade workshop-format.<\/p>\n\n\n\n<p>Handboken ger dig som vill arbeta med barn och unga kunskap om hur du kan g\u00f6ra dem delaktiga genom praktiska \u00f6vningar och metoder. Den grundar sig p\u00e5 Barnkonventionen, s\u00e4rskilt artikel 12, som fastst\u00e4ller att alla barn och unga har r\u00e4tt att vara med i beslut som p\u00e5verkar dem. Detta \u00e4r inte bara en r\u00e4ttighet, utan ocks\u00e5 en m\u00f6jlighet f\u00f6r vuxna d\u00e5 vi genom att lyssna p\u00e5 barn och unga och v\u00e4rdera deras perspektiv, f\u00e5r nya id\u00e9er, l\u00f6sningar och insikter.<\/p>\n\n\n<div class=\"Videos\">\n        <div class=\"Video Video--original Video--visible\">\n        \n        <figure class=\"VideoPlayer\">\n            <div class=\"VideoPlayer-video VideoPlayer-video--aspect16_9 VideoPlayer-video--hasAspectRatio\">\n                <iframe loading=\"lazy\"\n                    title=\"Video\"\n                    src=\"https:\/\/player.vimeo.com\/video\/949449938?dnt=1&#038;app_id=122963\"\n                    width=\"500\"\n                    height=\"281\"\n                    frameborder=\"0\"\n                    allow=\"autoplay; fullscreen\"\n                    allowfullscreen\n                ><\/iframe>\n            <\/div>\n        <\/figure>\n            <\/div>\n    \n    \n    \n    <div class=\"VideosVersions\">\n        \n            <\/div>\n<\/div>\n\n\n\n<h2 class=\"wp-block-heading\">Handboken<\/h2>\n\n\n\n<p>Handboken \u00e4r ett st\u00f6d f\u00f6r dig som \u00f6nskar arbeta tillsammans med barn och unga. Den inneh\u00e5ller bland annat kunskap om olika faser av delaktighet, etiska principer samt praktiska tips p\u00e5 \u00f6vningar och metoder. Ta del av handboken p\u00e5 <a href=\"https:\/\/barnafrid.se\/kunskapsportal\/wp-content\/uploads\/2024\/10\/handbok-barn-och-ungas-roster.pdf\">svenska (PDF)<\/a> eller <a href=\"https:\/\/barnafrid.se\/kunskapsportal\/wp-content\/uploads\/2025\/01\/handbok-barn-och-ungas-roster-engelska.pdf\">engelska (PDF)<\/a>.<\/p>\n\n\n\n<figure class=\"Image size-large is-resized\"><a href=\"https:\/\/barnafrid.se\/kunskapsportal\/wp-content\/uploads\/2024\/10\/handbok-barn-och-ungas-roster.pdf\"><img loading=\"lazy\" decoding=\"async\" width=\"1024\" height=\"724\" src=\"\/kunskapsportal\/wp-content\/uploads\/2024\/10\/framsida-1024x724.png\" alt=\"Framsida handbok &quot;Barn och ungas r\u00f6ster&quot;.\" class=\"Image-img wp-image-10357\" style=\"width:500px\" srcset=\"https:\/\/barnafrid.se\/kunskapsportal\/wp-content\/uploads\/2024\/10\/framsida-1024x724.png 1024w, https:\/\/barnafrid.se\/kunskapsportal\/wp-content\/uploads\/2024\/10\/framsida-300x212.png 300w, https:\/\/barnafrid.se\/kunskapsportal\/wp-content\/uploads\/2024\/10\/framsida-768x543.png 768w, https:\/\/barnafrid.se\/kunskapsportal\/wp-content\/uploads\/2024\/10\/framsida-1536x1086.png 1536w, https:\/\/barnafrid.se\/kunskapsportal\/wp-content\/uploads\/2024\/10\/framsida-2048x1448.png 2048w\" sizes=\"auto, (max-width: 1024px) 100vw, 1024px\" \/><\/a><\/figure>\n\n\n\n<figure class=\"Image size-large is-resized\"><a href=\"https:\/\/barnafrid.se\/kunskapsportal\/wp-content\/uploads\/2025\/01\/handbok-barn-och-ungas-roster-engelska.pdf\"><img loading=\"lazy\" decoding=\"async\" width=\"1024\" height=\"724\" src=\"\/kunskapsportal\/wp-content\/uploads\/2025\/01\/handbok-barn-och-ungas-roster-engelska-framsida-1024x724.png\" alt=\"Framsida handbok spr\u00e5kversion engelska.\" class=\"Image-img wp-image-13486\" style=\"width:500px\" srcset=\"https:\/\/barnafrid.se\/kunskapsportal\/wp-content\/uploads\/2025\/01\/handbok-barn-och-ungas-roster-engelska-framsida-1024x724.png 1024w, https:\/\/barnafrid.se\/kunskapsportal\/wp-content\/uploads\/2025\/01\/handbok-barn-och-ungas-roster-engelska-framsida-300x212.png 300w, https:\/\/barnafrid.se\/kunskapsportal\/wp-content\/uploads\/2025\/01\/handbok-barn-och-ungas-roster-engelska-framsida-768x543.png 768w, https:\/\/barnafrid.se\/kunskapsportal\/wp-content\/uploads\/2025\/01\/handbok-barn-och-ungas-roster-engelska-framsida-1536x1086.png 1536w, https:\/\/barnafrid.se\/kunskapsportal\/wp-content\/uploads\/2025\/01\/handbok-barn-och-ungas-roster-engelska-framsida-2048x1448.png 2048w\" sizes=\"auto, (max-width: 1024px) 100vw, 1024px\" \/><\/a><\/figure>\n\n\n\n<h2 class=\"wp-block-heading\">Bilagor<\/h2>\n\n\n\n<p>I handboken f\u00e5r du ta del av ett antal bilagor, klicka p\u00e5 den bilaga som du vill ladda ner separat.<\/p>\n\n\n\n<p><a href=\"\/kunskapsportal\/wp-content\/uploads\/2024\/10\/bilaga-1.-checklista-forberedelser.pdf\">Checklista f\u00f6rberedelser<\/a><\/p>\n\n\n\n<figure class=\"Image size-large is-resized is-style-default wp-duotone-unset-1\"><a href=\"\/kunskapsportal\/wp-content\/uploads\/2024\/10\/bilaga-1.-checklista-forberedelser.pdf\"><img loading=\"lazy\" decoding=\"async\" width=\"1024\" height=\"755\" src=\"\/kunskapsportal\/wp-content\/uploads\/2024\/10\/bilaga-1.-checklista-forberedelser-skugga-1024x755.png\" alt=\"\u00d6versikt checklista.\" class=\"Image-img wp-image-10273\" style=\"width:450px\" srcset=\"https:\/\/barnafrid.se\/kunskapsportal\/wp-content\/uploads\/2024\/10\/bilaga-1.-checklista-forberedelser-skugga-1024x755.png 1024w, https:\/\/barnafrid.se\/kunskapsportal\/wp-content\/uploads\/2024\/10\/bilaga-1.-checklista-forberedelser-skugga-300x221.png 300w, https:\/\/barnafrid.se\/kunskapsportal\/wp-content\/uploads\/2024\/10\/bilaga-1.-checklista-forberedelser-skugga-768x567.png 768w, https:\/\/barnafrid.se\/kunskapsportal\/wp-content\/uploads\/2024\/10\/bilaga-1.-checklista-forberedelser-skugga-1536x1133.png 1536w, https:\/\/barnafrid.se\/kunskapsportal\/wp-content\/uploads\/2024\/10\/bilaga-1.-checklista-forberedelser-skugga-2048x1511.png 2048w\" sizes=\"auto, (max-width: 1024px) 100vw, 1024px\" \/><\/a><\/figure>\n\n\n\n<p><a href=\"\/kunskapsportal\/wp-content\/uploads\/2024\/10\/bilaga-2.-varderingskort.pdf\">V\u00e4rderingskort<\/a><\/p>\n\n\n\n<figure class=\"Image size-large is-resized\"><a href=\"\/kunskapsportal\/wp-content\/uploads\/2024\/10\/bilaga-2.-varderingskort.pdf\"><img loading=\"lazy\" decoding=\"async\" width=\"1024\" height=\"753\" src=\"\/kunskapsportal\/wp-content\/uploads\/2024\/10\/bilaga-2.-varderingskort-skugga-1024x753.png\" alt=\"\u00d6versikt v\u00e4rderingskort.\" class=\"Image-img wp-image-10272\" style=\"width:450px\" srcset=\"https:\/\/barnafrid.se\/kunskapsportal\/wp-content\/uploads\/2024\/10\/bilaga-2.-varderingskort-skugga-1024x753.png 1024w, https:\/\/barnafrid.se\/kunskapsportal\/wp-content\/uploads\/2024\/10\/bilaga-2.-varderingskort-skugga-300x221.png 300w, https:\/\/barnafrid.se\/kunskapsportal\/wp-content\/uploads\/2024\/10\/bilaga-2.-varderingskort-skugga-768x565.png 768w, https:\/\/barnafrid.se\/kunskapsportal\/wp-content\/uploads\/2024\/10\/bilaga-2.-varderingskort-skugga-1536x1129.png 1536w, https:\/\/barnafrid.se\/kunskapsportal\/wp-content\/uploads\/2024\/10\/bilaga-2.-varderingskort-skugga-2048x1506.png 2048w\" sizes=\"auto, (max-width: 1024px) 100vw, 1024px\" \/><\/a><\/figure>\n\n\n\n<p><a href=\"\/kunskapsportal\/wp-content\/uploads\/2024\/10\/bilaga-3.-utvardering-av-barn-och-unga.pdf\">Utv\u00e4rdering barn och unga<\/a><\/p>\n\n\n\n<figure class=\"Image size-large is-resized\"><a href=\"\/kunskapsportal\/wp-content\/uploads\/2024\/10\/bilaga-3.-utvardering-av-barn-och-unga.pdf\"><img loading=\"lazy\" decoding=\"async\" width=\"1024\" height=\"756\" src=\"\/kunskapsportal\/wp-content\/uploads\/2024\/10\/bilaga-3.-utvardering-av-barn-och-unga-skugga-1024x756.png\" alt=\"\u00d6versikt utv\u00e4rderingsformul\u00e4r f\u00f6r barn och unga.\" class=\"Image-img wp-image-10274\" style=\"width:450px\" srcset=\"https:\/\/barnafrid.se\/kunskapsportal\/wp-content\/uploads\/2024\/10\/bilaga-3.-utvardering-av-barn-och-unga-skugga-1024x756.png 1024w, https:\/\/barnafrid.se\/kunskapsportal\/wp-content\/uploads\/2024\/10\/bilaga-3.-utvardering-av-barn-och-unga-skugga-300x221.png 300w, https:\/\/barnafrid.se\/kunskapsportal\/wp-content\/uploads\/2024\/10\/bilaga-3.-utvardering-av-barn-och-unga-skugga-768x567.png 768w, https:\/\/barnafrid.se\/kunskapsportal\/wp-content\/uploads\/2024\/10\/bilaga-3.-utvardering-av-barn-och-unga-skugga-1536x1134.png 1536w, https:\/\/barnafrid.se\/kunskapsportal\/wp-content\/uploads\/2024\/10\/bilaga-3.-utvardering-av-barn-och-unga-skugga-2048x1511.png 2048w\" sizes=\"auto, (max-width: 1024px) 100vw, 1024px\" \/><\/a><\/figure>\n\n\n\n<p><a href=\"\/kunskapsportal\/wp-content\/uploads\/2024\/10\/bilaga-4.-utvardering-yrkesverksamma.pdf\">Utv\u00e4rdering yrkesverksamma<\/a><\/p>\n\n\n\n<figure class=\"Image size-large is-resized\"><a href=\"\/kunskapsportal\/wp-content\/uploads\/2024\/10\/bilaga-4.-utvardering-yrkesverksamma.pdf\"><img loading=\"lazy\" decoding=\"async\" width=\"1024\" height=\"755\" src=\"\/kunskapsportal\/wp-content\/uploads\/2024\/10\/bilaga-4.-utvardering-yrkesverksamma-skugga-1024x755.png\" alt=\"\u00d6versikt utv\u00e4rdering f\u00f6r yrkesverksamma.\" class=\"Image-img wp-image-10275\" style=\"width:450px\" srcset=\"https:\/\/barnafrid.se\/kunskapsportal\/wp-content\/uploads\/2024\/10\/bilaga-4.-utvardering-yrkesverksamma-skugga-1024x755.png 1024w, https:\/\/barnafrid.se\/kunskapsportal\/wp-content\/uploads\/2024\/10\/bilaga-4.-utvardering-yrkesverksamma-skugga-300x221.png 300w, https:\/\/barnafrid.se\/kunskapsportal\/wp-content\/uploads\/2024\/10\/bilaga-4.-utvardering-yrkesverksamma-skugga-768x567.png 768w, https:\/\/barnafrid.se\/kunskapsportal\/wp-content\/uploads\/2024\/10\/bilaga-4.-utvardering-yrkesverksamma-skugga-1536x1133.png 1536w, https:\/\/barnafrid.se\/kunskapsportal\/wp-content\/uploads\/2024\/10\/bilaga-4.-utvardering-yrkesverksamma-skugga-2048x1511.png 2048w\" sizes=\"auto, (max-width: 1024px) 100vw, 1024px\" \/><\/a><\/figure>\n\n\n\n<h2 class=\"wp-block-heading\">Forskning<\/h2>\n\n\n\n<p>Du kan l\u00e4ra dig mer om barns delaktighet i boken&nbsp;<em>Participatory Research on Child Maltreatment with Children and Adult Survivors<\/em>. <a href=\"https:\/\/www.researchgate.net\/publication\/374502326_Participatory_Research_on_Child_Maltreatment_with_Children_and_Adult_Survivors_Concepts_Ethics_and_Methods\">L\u00e4s boken h\u00e4r<\/a>. I ett av kapitlen beskriver Erica Mattelin och Laura Korhonen modellen och erfarenheter av att testa den i forskningsprojektet&nbsp;<em>Den l\u00e5nga resan<\/em>. Du kan l\u00e4sa kapitlet&nbsp;<em>Inclusion of children with Refugee Backgrounds in Research<\/em> <a href=\"https:\/\/www.researchgate.net\/publication\/374442005_Inclusion_of_Children_With_Refugee_Backgrounds_in_Research\">h\u00e4r<\/a>.<\/p>\n","protected":false},"excerpt":{"rendered":"<p>F\u00f6r att kunna arbeta med barn och unga beh\u00f6ver man som verksamhet ha r\u00e4tt f\u00f6ruts\u00e4ttningar. Barnafrid har d\u00e4rf\u00f6r tagit fram en handbok som bygger p\u00e5 erfarenheter av att arbeta tillsammans med barn och unga i s\u00e5 kallade workshop-format. Handboken ger dig som vill arbeta med barn och unga kunskap om hur du kan g\u00f6ra dem [&hellip;]<\/p>\n","protected":false},"author":30505,"featured_media":0,"parent":0,"menu_order":0,"comment_status":"closed","ping_status":"closed","template":"page-centered.php","meta":{"h5ap_radio_sources":[],"footnotes":""},"role":[],"class_list":["post-10032","page","type-page","status-publish","hentry"],"yoast_head":"<!-- This site is optimized with the Yoast SEO plugin v27.4 - https:\/\/yoast.com\/product\/yoast-seo-wordpress\/ -->\n<title>Barn och ungas r\u00f6ster \u2013 En handbok f\u00f6r delaktighet och inkludering - Barnafrid<\/title>\n<meta name=\"robots\" content=\"index, follow, max-snippet:-1, max-image-preview:large, max-video-preview:-1\" \/>\n<link rel=\"canonical\" href=\"https:\/\/barnafrid.se\/kunskapsportal\/barn-och-ungas-roster-en-handbok-for-delaktighet-och-inkludering\/\" \/>\n<meta property=\"og:locale\" content=\"sv_SE\" \/>\n<meta property=\"og:type\" content=\"article\" \/>\n<meta property=\"og:title\" content=\"Barn och ungas r\u00f6ster \u2013 En handbok f\u00f6r delaktighet och inkludering - Barnafrid\" \/>\n<meta property=\"og:description\" content=\"F\u00f6r att kunna arbeta med barn och unga beh\u00f6ver man som verksamhet ha r\u00e4tt f\u00f6ruts\u00e4ttningar. Barnafrid har d\u00e4rf\u00f6r tagit fram en handbok som bygger p\u00e5 erfarenheter av att arbeta tillsammans med barn och unga i s\u00e5 kallade workshop-format. Handboken ger dig som vill arbeta med barn och unga kunskap om hur du kan g\u00f6ra dem [&hellip;]\" \/>\n<meta property=\"og:url\" content=\"https:\/\/barnafrid.se\/kunskapsportal\/barn-och-ungas-roster-en-handbok-for-delaktighet-och-inkludering\/\" \/>\n<meta property=\"og:site_name\" content=\"Barnafrid\" \/>\n<meta property=\"article:modified_time\" content=\"2025-08-07T14:22:01+00:00\" \/>\n<meta name=\"twitter:card\" content=\"summary_large_image\" \/>\n<meta name=\"twitter:label1\" content=\"Ber\u00e4knad l\u00e4stid\" \/>\n\t<meta name=\"twitter:data1\" content=\"3 minuter\" \/>\n<script type=\"application\/ld+json\" class=\"yoast-schema-graph\">{\"@context\":\"https:\\\/\\\/schema.org\",\"@graph\":[{\"@type\":\"WebPage\",\"@id\":\"https:\\\/\\\/barnafrid.se\\\/kunskapsportal\\\/barn-och-ungas-roster-en-handbok-for-delaktighet-och-inkludering\\\/\",\"url\":\"https:\\\/\\\/barnafrid.se\\\/kunskapsportal\\\/barn-och-ungas-roster-en-handbok-for-delaktighet-och-inkludering\\\/\",\"name\":\"Barn och ungas r\u00f6ster \u2013 En handbok f\u00f6r delaktighet och inkludering - Barnafrid\",\"isPartOf\":{\"@id\":\"https:\\\/\\\/barnafrid.se\\\/kunskapsportal\\\/#website\"},\"datePublished\":\"2024-10-22T06:44:29+00:00\",\"dateModified\":\"2025-08-07T14:22:01+00:00\",\"breadcrumb\":{\"@id\":\"https:\\\/\\\/barnafrid.se\\\/kunskapsportal\\\/barn-och-ungas-roster-en-handbok-for-delaktighet-och-inkludering\\\/#breadcrumb\"},\"inLanguage\":\"sv-SE\",\"potentialAction\":[{\"@type\":\"ReadAction\",\"target\":[\"https:\\\/\\\/barnafrid.se\\\/kunskapsportal\\\/barn-och-ungas-roster-en-handbok-for-delaktighet-och-inkludering\\\/\"]}]},{\"@type\":\"BreadcrumbList\",\"@id\":\"https:\\\/\\\/barnafrid.se\\\/kunskapsportal\\\/barn-och-ungas-roster-en-handbok-for-delaktighet-och-inkludering\\\/#breadcrumb\",\"itemListElement\":[{\"@type\":\"ListItem\",\"position\":1,\"name\":\"Home\",\"item\":\"https:\\\/\\\/barnafrid.se\\\/kunskapsportal\\\/\"},{\"@type\":\"ListItem\",\"position\":2,\"name\":\"Barn och ungas r\u00f6ster \u2013 En handbok f\u00f6r delaktighet och inkludering\"}]},{\"@type\":\"WebSite\",\"@id\":\"https:\\\/\\\/barnafrid.se\\\/kunskapsportal\\\/#website\",\"url\":\"https:\\\/\\\/barnafrid.se\\\/kunskapsportal\\\/\",\"name\":\"Barnafrid\",\"description\":\"Kunskapsportal om v\u00e5ld mot barn\",\"potentialAction\":[{\"@type\":\"SearchAction\",\"target\":{\"@type\":\"EntryPoint\",\"urlTemplate\":\"https:\\\/\\\/barnafrid.se\\\/kunskapsportal\\\/?s={search_term_string}\"},\"query-input\":{\"@type\":\"PropertyValueSpecification\",\"valueRequired\":true,\"valueName\":\"search_term_string\"}}],\"inLanguage\":\"sv-SE\"}]}<\/script>\n<!-- \/ Yoast SEO plugin. -->","yoast_head_json":{"title":"Barn och ungas r\u00f6ster \u2013 En handbok f\u00f6r delaktighet och inkludering - Barnafrid","robots":{"index":"index","follow":"follow","max-snippet":"max-snippet:-1","max-image-preview":"max-image-preview:large","max-video-preview":"max-video-preview:-1"},"canonical":"https:\/\/barnafrid.se\/kunskapsportal\/barn-och-ungas-roster-en-handbok-for-delaktighet-och-inkludering\/","og_locale":"sv_SE","og_type":"article","og_title":"Barn och ungas r\u00f6ster \u2013 En handbok f\u00f6r delaktighet och inkludering - Barnafrid","og_description":"F\u00f6r att kunna arbeta med barn och unga beh\u00f6ver man som verksamhet ha r\u00e4tt f\u00f6ruts\u00e4ttningar. Barnafrid har d\u00e4rf\u00f6r tagit fram en handbok som bygger p\u00e5 erfarenheter av att arbeta tillsammans med barn och unga i s\u00e5 kallade workshop-format. Handboken ger dig som vill arbeta med barn och unga kunskap om hur du kan g\u00f6ra dem [&hellip;]","og_url":"https:\/\/barnafrid.se\/kunskapsportal\/barn-och-ungas-roster-en-handbok-for-delaktighet-och-inkludering\/","og_site_name":"Barnafrid","article_modified_time":"2025-08-07T14:22:01+00:00","twitter_card":"summary_large_image","twitter_misc":{"Ber\u00e4knad l\u00e4stid":"3 minuter"},"schema":{"@context":"https:\/\/schema.org","@graph":[{"@type":"WebPage","@id":"https:\/\/barnafrid.se\/kunskapsportal\/barn-och-ungas-roster-en-handbok-for-delaktighet-och-inkludering\/","url":"https:\/\/barnafrid.se\/kunskapsportal\/barn-och-ungas-roster-en-handbok-for-delaktighet-och-inkludering\/","name":"Barn och ungas r\u00f6ster \u2013 En handbok f\u00f6r delaktighet och inkludering - Barnafrid","isPartOf":{"@id":"https:\/\/barnafrid.se\/kunskapsportal\/#website"},"datePublished":"2024-10-22T06:44:29+00:00","dateModified":"2025-08-07T14:22:01+00:00","breadcrumb":{"@id":"https:\/\/barnafrid.se\/kunskapsportal\/barn-och-ungas-roster-en-handbok-for-delaktighet-och-inkludering\/#breadcrumb"},"inLanguage":"sv-SE","potentialAction":[{"@type":"ReadAction","target":["https:\/\/barnafrid.se\/kunskapsportal\/barn-och-ungas-roster-en-handbok-for-delaktighet-och-inkludering\/"]}]},{"@type":"BreadcrumbList","@id":"https:\/\/barnafrid.se\/kunskapsportal\/barn-och-ungas-roster-en-handbok-for-delaktighet-och-inkludering\/#breadcrumb","itemListElement":[{"@type":"ListItem","position":1,"name":"Home","item":"https:\/\/barnafrid.se\/kunskapsportal\/"},{"@type":"ListItem","position":2,"name":"Barn och ungas r\u00f6ster \u2013 En handbok f\u00f6r delaktighet och inkludering"}]},{"@type":"WebSite","@id":"https:\/\/barnafrid.se\/kunskapsportal\/#website","url":"https:\/\/barnafrid.se\/kunskapsportal\/","name":"Barnafrid","description":"Kunskapsportal om v\u00e5ld mot barn","potentialAction":[{"@type":"SearchAction","target":{"@type":"EntryPoint","urlTemplate":"https:\/\/barnafrid.se\/kunskapsportal\/?s={search_term_string}"},"query-input":{"@type":"PropertyValueSpecification","valueRequired":true,"valueName":"search_term_string"}}],"inLanguage":"sv-SE"}]}},"_links":{"self":[{"href":"https:\/\/barnafrid.se\/kunskapsportal\/wp-json\/wp\/v2\/pages\/10032","targetHints":{"allow":["GET"]}}],"collection":[{"href":"https:\/\/barnafrid.se\/kunskapsportal\/wp-json\/wp\/v2\/pages"}],"about":[{"href":"https:\/\/barnafrid.se\/kunskapsportal\/wp-json\/wp\/v2\/types\/page"}],"author":[{"embeddable":true,"href":"https:\/\/barnafrid.se\/kunskapsportal\/wp-json\/wp\/v2\/users\/30505"}],"replies":[{"embeddable":true,"href":"https:\/\/barnafrid.se\/kunskapsportal\/wp-json\/wp\/v2\/comments?post=10032"}],"version-history":[{"count":43,"href":"https:\/\/barnafrid.se\/kunskapsportal\/wp-json\/wp\/v2\/pages\/10032\/revisions"}],"predecessor-version":[{"id":16232,"href":"https:\/\/barnafrid.se\/kunskapsportal\/wp-json\/wp\/v2\/pages\/10032\/revisions\/16232"}],"wp:attachment":[{"href":"https:\/\/barnafrid.se\/kunskapsportal\/wp-json\/wp\/v2\/media?parent=10032"}],"wp:term":[{"taxonomy":"role","embeddable":true,"href":"https:\/\/barnafrid.se\/kunskapsportal\/wp-json\/wp\/v2\/role?post=10032"}],"curies":[{"name":"wp","href":"https:\/\/api.w.org\/{rel}","templated":true}]}}